{"id":2920,"date":"2023-02-14T04:08:40","date_gmt":"2023-02-14T04:08:40","guid":{"rendered":"https:\/\/obrtkockica.hr\/KS\/index.php\/cart\/"},"modified":"2025-10-23T12:41:36","modified_gmt":"2025-10-23T12:41:36","slug":"cart","status":"publish","type":"page","link":"https:\/\/riselydigital.com\/ks\/cart\/","title":{"rendered":"Cart"},"content":{"rendered":"\t\t<div data-elementor-type=\"wp-page\" data-elementor-id=\"2920\" class=\"elementor elementor-2920\" data-elementor-post-type=\"page\">\n\t\t\t\t<div class=\"elementor-element elementor-element-17cd29e2 e-flex e-con-boxed e-con e-parent\" data-id=\"17cd29e2\" data-element_type=\"container\">\n\t\t\t\t\t<div class=\"e-con-inner\">\n\t\t\t\t\t<\/div>\n\t\t\t\t<\/div>\n\t\t\t\t<\/div>\n\t\t","protected":false},"excerpt":{"rendered":"<p>Ukloni stavku Sli\u010dica Proizvod Cijena Koli\u010dina Ukupno &times; Bo\u017ei\u0107 sa srcem 13,00&nbsp;&euro; Bo\u017ei\u0107 sa srcem koli\u010dina 13,00&nbsp;&euro; &times; Trsatska Majka milosti i Gospa od zdravlja 15,00&nbsp;&euro; Trsatska Majka milosti i Gospa od zdravlja koli\u010dina 15,00&nbsp;&euro; &times; \u017divjeti je radost 9,00&nbsp;&euro; \u017divjeti je radost koli\u010dina 36,00&nbsp;&euro; &times; \u017divi \u0161to jesi 12,00&nbsp;&euro; \u017divi \u0161to jesi koli\u010dina 24,00&nbsp;&euro; [&hellip;]<\/p>\n","protected":false},"author":1,"featured_media":0,"parent":0,"menu_order":0,"comment_status":"closed","ping_status":"closed","template":"elementor_header_footer","meta":{"footnotes":""},"class_list":["post-2920","page","type-page","status-publish","hentry"],"_links":{"self":[{"href":"https:\/\/riselydigital.com\/ks\/wp-json\/wp\/v2\/pages\/2920","targetHints":{"allow":["GET"]}}],"collection":[{"href":"https:\/\/riselydigital.com\/ks\/wp-json\/wp\/v2\/pages"}],"about":[{"href":"https:\/\/riselydigital.com\/ks\/wp-json\/wp\/v2\/types\/page"}],"author":[{"embeddable":true,"href":"https:\/\/riselydigital.com\/ks\/wp-json\/wp\/v2\/users\/1"}],"replies":[{"embeddable":true,"href":"https:\/\/riselydigital.com\/ks\/wp-json\/wp\/v2\/comments?post=2920"}],"version-history":[{"count":15,"href":"https:\/\/riselydigital.com\/ks\/wp-json\/wp\/v2\/pages\/2920\/revisions"}],"predecessor-version":[{"id":4343,"href":"https:\/\/riselydigital.com\/ks\/wp-json\/wp\/v2\/pages\/2920\/revisions\/4343"}],"wp:attachment":[{"href":"https:\/\/riselydigital.com\/ks\/wp-json\/wp\/v2\/media?parent=2920"}],"curies":[{"name":"wp","href":"https:\/\/api.w.org\/{rel}","templated":true}]}}