{"id":3463,"date":"2025-09-26T07:02:17","date_gmt":"2025-09-26T07:02:17","guid":{"rendered":"https:\/\/obrtkockica.hr\/KS\/shop\/alojzije-stepinac-zrtva-za-buducnost\/"},"modified":"2025-10-07T07:29:25","modified_gmt":"2025-10-07T07:29:25","slug":"alojzije-stepinac-zrtva-za-buducnost","status":"publish","type":"product","link":"https:\/\/riselydigital.com\/ks\/proizvod\/alojzije-stepinac-zrtva-za-buducnost\/","title":{"rendered":"Alojzije Stepinac &#8211; \u017ertva za budu\u0107nost"},"content":{"rendered":"<p>Ova sadr\u017eajem bogata i raznovrsna knji\u017eica osmi\u0161ljena je kako bi na\u0161e male vjernike bolje upoznala s Isusom i potaknula ih krenuti na put prijateljstva s njim. Namijenjena je pripravnicima za prvu pri\u010dest, koji \u0107e joj se rado vra\u0107ati i slu\u017eiti se njome i godinama poslije, sve do krizme.|Bogato ilustrirana, topla i vesela, knji\u017eica je molitvenik i mali katekizam, ali i pripovijest o Bo\u017ejoj ljubavi prema ljudima. Bo\u017eja je ljubav zapo\u010dela stvaranjem svijeta, a svoj vrhunac ima u Isusu Kristu, Bo\u017ejem sinu i na\u0161em prijatelju. |Tako \u0107e mali vjernici u ovoj knji\u017eici nau\u010diti da je Bog milosrdni otac, a njegov sin Isus na\u0161 spasitelj, koji je za nas umro i uskrsnuo. Nau\u010dit \u0107e, tako\u0111er, \u0161to su to sakramenti, koji su dijelovi mise, kako je podijeljena liturgijska godina, koji su Gospini blagdani, kako moliti krunicu i jo\u0161 mnogo toga\u2026<\/p>\n","protected":false},"excerpt":{"rendered":"<p>Ova sadr\u017eajem bogata i raznovrsna knji\u017eica osmi\u0161ljena je kako bi na\u0161e male vjernike bolje upoznala s Isusom i potaknula ih krenuti na put prijateljstva s njim. Namijenjena je pripravnicima za prvu pri\u010dest, koji \u0107e joj se rado vra\u0107ati i slu\u017eiti se njome i godinama poslije, sve do krizme.|Bogato ilustrirana, topla i vesela, knji\u017eica je molitvenik [&hellip;]<\/p>\n","protected":false},"featured_media":3413,"comment_status":"closed","ping_status":"closed","template":"","meta":[],"product_cat":[169,162,163],"product_tag":[],"class_list":{"0":"post-3463","1":"product","2":"type-product","3":"status-publish","4":"has-post-thumbnail","6":"product_cat-crkva-i-drustvo","7":"product_cat-krscanin-i-svijet","8":"product_cat-povijest-crkve-i-krscanstva","9":"pa_autor-kardinal-josip-bozanic","10":"pa_biblioteka-izvan-nizova","11":"pa_godina-izdanja-201","12":"pa_izdanje-i-suizdanje-zagreb","13":"pa_nakladnik-krscanska-sadasnjost-u-suizdanju-s-glasom-koncila-zagreb","14":"pa_uvez-tvrdi-ovitak","16":"first","17":"instock","18":"purchasable","19":"product-type-simple"},"_links":{"self":[{"href":"https:\/\/riselydigital.com\/ks\/wp-json\/wp\/v2\/product\/3463","targetHints":{"allow":["GET"]}}],"collection":[{"href":"https:\/\/riselydigital.com\/ks\/wp-json\/wp\/v2\/product"}],"about":[{"href":"https:\/\/riselydigital.com\/ks\/wp-json\/wp\/v2\/types\/product"}],"replies":[{"embeddable":true,"href":"https:\/\/riselydigital.com\/ks\/wp-json\/wp\/v2\/comments?post=3463"}],"version-history":[{"count":1,"href":"https:\/\/riselydigital.com\/ks\/wp-json\/wp\/v2\/product\/3463\/revisions"}],"predecessor-version":[{"id":3464,"href":"https:\/\/riselydigital.com\/ks\/wp-json\/wp\/v2\/product\/3463\/revisions\/3464"}],"wp:featuredmedia":[{"embeddable":true,"href":"https:\/\/riselydigital.com\/ks\/wp-json\/wp\/v2\/media\/3413"}],"wp:attachment":[{"href":"https:\/\/riselydigital.com\/ks\/wp-json\/wp\/v2\/media?parent=3463"}],"wp:term":[{"taxonomy":"product_cat","embeddable":true,"href":"https:\/\/riselydigital.com\/ks\/wp-json\/wp\/v2\/product_cat?post=3463"},{"taxonomy":"product_tag","embeddable":true,"href":"https:\/\/riselydigital.com\/ks\/wp-json\/wp\/v2\/product_tag?post=3463"}],"curies":[{"name":"wp","href":"https:\/\/api.w.org\/{rel}","templated":true}]}}