{"id":3465,"date":"2025-09-26T07:02:17","date_gmt":"2025-09-26T07:02:17","guid":{"rendered":"https:\/\/obrtkockica.hr\/KS\/shop\/bog-moje-radosti\/"},"modified":"2025-09-26T07:02:17","modified_gmt":"2025-09-26T07:02:17","slug":"bog-moje-radosti","status":"publish","type":"product","link":"https:\/\/riselydigital.com\/ks\/proizvod\/bog-moje-radosti\/","title":{"rendered":"Bog moje radosti"},"content":{"rendered":"<p>Bog moje radosti knjiga je duhovnih razmatranja vl\u010d. Odilona Singboa, u kojoj autor, nadahnut vlastitim iskustvima i promi\u0161ljanjima, istra\u017euje klju\u010dnu ulogu kr\u0161\u0107anske radosti u suvremenom svijetu obilje\u017eenom tjeskobom, ratovima i prijetnjom nuklearnog sukoba. Kako sam ka\u017ee, poticaj za pisanje do\u0161ao je \u201ekada sam postao duboko svjestan kako nam je Radosna vijest \u2013 Evan\u0111elje \u2013 tako dostupna, a toliko smo ponekad nesretni, nezadovoljni, frustrirani.\u201c|Sredi\u0161nja nit knjige razra\u0111ena je u deset tematskih poglavlja \u2013 \u201eprotuotrova\u201c \u2013 kojima vl\u010d. Odilon odgovara na pojavu \u201enamrgo\u0111enog kr\u0161\u0107anstva\u201c. Svako poglavlje donosi duhovni lijek protiv poti\u0161tenosti i vjerskog formalizma, pro\u017eeto dubokim biblijskim uvidima, osobnim sve\u0107eni\u010dkim iskustvima te elementima afri\u010dke kulture iz koje autor dolazi.|Radost koju navije\u0161ta knjiga Bog moje radosti nije povr\u0161na ni naivna; to je radost Uskrsloga Krista, koji i dalje nosi rane \u2013 tvoje, moje, rane svijeta \u2013 jer mu je neiskorjenjivo stalo do \u010dovjeka. Vjerovati u Boga Isusa Krista zna\u010di mo\u0107i otkriti radost i usred patnje, nevolje i osje\u0107aja nemo\u0107i.|Podnaslov Deset protuotrova namrgo\u0111enom kr\u0161\u0107anstvu ne implicira da postoji neko slu\u017ebeno kr\u0161\u0107anstvo koje je namrgo\u0111eno, ve\u0107 upozorava na duhovnu opasnost pretvaranja vjere u puko trpljenje, bez radosti i nade. Kr\u0161\u0107anstvo, u svjetlu Isusova utjelovljenja, muke, smrti i uskrsnu\u0107a, mjesto je susreta sa smislom, dubokom rado\u0161\u0107u i ispunjenjem najplemenitijih ljudskih \u010de\u017enji.<\/p>\n","protected":false},"excerpt":{"rendered":"<p>Bog moje radosti knjiga je duhovnih razmatranja vl\u010d. Odilona Singboa, u kojoj autor, nadahnut vlastitim iskustvima i promi\u0161ljanjima, istra\u017euje klju\u010dnu ulogu kr\u0161\u0107anske radosti u suvremenom svijetu obilje\u017eenom tjeskobom, ratovima i prijetnjom nuklearnog sukoba. Kako sam ka\u017ee, poticaj za pisanje do\u0161ao je \u201ekada sam postao duboko svjestan kako nam je Radosna vijest \u2013 Evan\u0111elje \u2013 tako [&hellip;]<\/p>\n","protected":false},"featured_media":3414,"comment_status":"closed","ping_status":"open","template":"","meta":[],"product_cat":[162,173,160],"product_tag":[],"class_list":{"0":"post-3465","1":"product","2":"type-product","3":"status-publish","4":"has-post-thumbnail","6":"product_cat-krscanin-i-svijet","7":"product_cat-religiozna-publicistika","8":"product_cat-teologija","9":"pa_autor-odilon-gbenoukpo-singbo","10":"pa_biblioteka-izvan-nizova","11":"pa_godina-izdanja-205","12":"pa_izdanje-i-izdanje-zagreb","13":"pa_nakladnik-krscanska-sadasnjost","14":"pa_uvez-meki","16":"first","17":"instock","18":"purchasable","19":"product-type-simple"},"_links":{"self":[{"href":"https:\/\/riselydigital.com\/ks\/wp-json\/wp\/v2\/product\/3465","targetHints":{"allow":["GET"]}}],"collection":[{"href":"https:\/\/riselydigital.com\/ks\/wp-json\/wp\/v2\/product"}],"about":[{"href":"https:\/\/riselydigital.com\/ks\/wp-json\/wp\/v2\/types\/product"}],"replies":[{"embeddable":true,"href":"https:\/\/riselydigital.com\/ks\/wp-json\/wp\/v2\/comments?post=3465"}],"version-history":[{"count":1,"href":"https:\/\/riselydigital.com\/ks\/wp-json\/wp\/v2\/product\/3465\/revisions"}],"predecessor-version":[{"id":3466,"href":"https:\/\/riselydigital.com\/ks\/wp-json\/wp\/v2\/product\/3465\/revisions\/3466"}],"wp:featuredmedia":[{"embeddable":true,"href":"https:\/\/riselydigital.com\/ks\/wp-json\/wp\/v2\/media\/3414"}],"wp:attachment":[{"href":"https:\/\/riselydigital.com\/ks\/wp-json\/wp\/v2\/media?parent=3465"}],"wp:term":[{"taxonomy":"product_cat","embeddable":true,"href":"https:\/\/riselydigital.com\/ks\/wp-json\/wp\/v2\/product_cat?post=3465"},{"taxonomy":"product_tag","embeddable":true,"href":"https:\/\/riselydigital.com\/ks\/wp-json\/wp\/v2\/product_tag?post=3465"}],"curies":[{"name":"wp","href":"https:\/\/api.w.org\/{rel}","templated":true}]}}