{"id":3467,"date":"2025-09-26T07:02:17","date_gmt":"2025-09-26T07:02:17","guid":{"rendered":"https:\/\/obrtkockica.hr\/KS\/shop\/bozicni-blagoslov\/"},"modified":"2025-09-26T07:02:17","modified_gmt":"2025-09-26T07:02:17","slug":"bozicni-blagoslov","status":"publish","type":"product","link":"https:\/\/riselydigital.com\/ks\/proizvod\/bozicni-blagoslov\/","title":{"rendered":"Bo\u017ei\u0107ni blagoslov"},"content":{"rendered":"<p>Knjiga Bo\u017ei\u0107ni blagoslov. Meditacije obuhva\u0107a dvije prija\u0161nje knjige Josepha Ratzingera, koje se jako dobro nadopunjuju &#8211; Licht, das uns leucthet (Svjetlo, koje nas obasjava, 1987.) i Lob der Weihnacht (Pohvala Bo\u017ei\u0107u, 1982., u suradnji s Heinrichom Schlierom). One prije svega sadr\u017eavaju meditacije iz razdoblja u kojem je Joseph Ratzinger bio m\u00fcnchenski nadbiskup. Ti su tekstovi bili namijenjeni op\u0107em \u010ditateljstvu i slu\u0161ateljstvu kao propovijedi, prilozi za novine i radio. Obje knjige, rado \u010ditane i u me\u0111uvremenu rasprodane, sada se ponovno, u jednom svesku, nalaze pred vama. |Knjiga Bo\u017ei\u0107ni blagoslov. Meditacije jo\u0161 jednom o\u010dituju Josepha Ratzingera, papu Benedikta XVI., kao duhovnog \u010dovjeka koji razumije govor razuma i srca.<\/p>\n","protected":false},"excerpt":{"rendered":"<p>Knjiga Bo\u017ei\u0107ni blagoslov. Meditacije obuhva\u0107a dvije prija\u0161nje knjige Josepha Ratzingera, koje se jako dobro nadopunjuju &#8211; Licht, das uns leucthet (Svjetlo, koje nas obasjava, 1987.) i Lob der Weihnacht (Pohvala Bo\u017ei\u0107u, 1982., u suradnji s Heinrichom Schlierom). One prije svega sadr\u017eavaju meditacije iz razdoblja u kojem je Joseph Ratzinger bio m\u00fcnchenski nadbiskup. Ti su tekstovi [&hellip;]<\/p>\n","protected":false},"featured_media":3415,"comment_status":"closed","ping_status":"open","template":"","meta":[],"product_cat":[161],"product_tag":[],"class_list":{"0":"post-3467","1":"product","2":"type-product","3":"status-publish","4":"has-post-thumbnail","6":"product_cat-duhovnost","7":"pa_autor-joseph-ratzinger-benedikt-xvi","8":"pa_biblioteka-metanoja","9":"pa_godina-izdanja-201","10":"pa_izdanje-ii-izdanje-zagreb","11":"pa_nakladnik-krscanska-sadasnjost","12":"pa_uvez-tvrdi","14":"first","15":"instock","16":"purchasable","17":"product-type-simple"},"_links":{"self":[{"href":"https:\/\/riselydigital.com\/ks\/wp-json\/wp\/v2\/product\/3467","targetHints":{"allow":["GET"]}}],"collection":[{"href":"https:\/\/riselydigital.com\/ks\/wp-json\/wp\/v2\/product"}],"about":[{"href":"https:\/\/riselydigital.com\/ks\/wp-json\/wp\/v2\/types\/product"}],"replies":[{"embeddable":true,"href":"https:\/\/riselydigital.com\/ks\/wp-json\/wp\/v2\/comments?post=3467"}],"version-history":[{"count":1,"href":"https:\/\/riselydigital.com\/ks\/wp-json\/wp\/v2\/product\/3467\/revisions"}],"predecessor-version":[{"id":3468,"href":"https:\/\/riselydigital.com\/ks\/wp-json\/wp\/v2\/product\/3467\/revisions\/3468"}],"wp:featuredmedia":[{"embeddable":true,"href":"https:\/\/riselydigital.com\/ks\/wp-json\/wp\/v2\/media\/3415"}],"wp:attachment":[{"href":"https:\/\/riselydigital.com\/ks\/wp-json\/wp\/v2\/media?parent=3467"}],"wp:term":[{"taxonomy":"product_cat","embeddable":true,"href":"https:\/\/riselydigital.com\/ks\/wp-json\/wp\/v2\/product_cat?post=3467"},{"taxonomy":"product_tag","embeddable":true,"href":"https:\/\/riselydigital.com\/ks\/wp-json\/wp\/v2\/product_tag?post=3467"}],"curies":[{"name":"wp","href":"https:\/\/api.w.org\/{rel}","templated":true}]}}