{"id":3469,"date":"2025-09-26T07:02:17","date_gmt":"2025-09-26T07:02:17","guid":{"rendered":"https:\/\/obrtkockica.hr\/KS\/shop\/bozic-sa-srcem\/"},"modified":"2025-09-26T07:02:18","modified_gmt":"2025-09-26T07:02:18","slug":"bozic-sa-srcem","status":"publish","type":"product","link":"https:\/\/riselydigital.com\/ks\/proizvod\/bozic-sa-srcem\/","title":{"rendered":"Bo\u017ei\u0107 sa srcem"},"content":{"rendered":"<p>Bo\u017ei\u0107 sa srcem knjiga je poticajnih misli sjajnog Phila Bosmansa u prigodno bo\u017ei\u0107no i novogodi\u0161nje vrijeme. Bosmans vjeruje da \u201esvako srce mo\u017ee biti jaslice u kojima se ra\u0111a ljubav.\u201c|Ovi bo\u017ei\u0107ni poticaji Phila Bosmansa dotaknut \u0107e \u010ditateljevo srce i potaknuti ga da zastane na trenutak, udahne \u017eivot i krene dalje.|\u201eBo\u017ei\u0107 zna\u010di: blagim rukama ispisati mir nad zemljom. Bo\u017ei\u0107: Ulazimo u Bo\u017eji san o nebu na zemlji. Bo\u017ei\u0107: Ljubav dobiva ruke i noge i toplinu ljudskoga srca.\u201c|Bo\u017ei\u0107 sa srcem poti\u010de nas da otvorimo svoje srce, prona\u0111emo toplinu u malim stvarima i podijelimo ljubav s drugima.<\/p>\n","protected":false},"excerpt":{"rendered":"<p>Bo\u017ei\u0107 sa srcem knjiga je poticajnih misli sjajnog Phila Bosmansa u prigodno bo\u017ei\u0107no i novogodi\u0161nje vrijeme. Bosmans vjeruje da \u201esvako srce mo\u017ee biti jaslice u kojima se ra\u0111a ljubav.\u201c|Ovi bo\u017ei\u0107ni poticaji Phila Bosmansa dotaknut \u0107e \u010ditateljevo srce i potaknuti ga da zastane na trenutak, udahne \u017eivot i krene dalje.|\u201eBo\u017ei\u0107 zna\u010di: blagim rukama ispisati mir nad [&hellip;]<\/p>\n","protected":false},"featured_media":3416,"comment_status":"closed","ping_status":"open","template":"","meta":[],"product_cat":[161,162],"product_tag":[],"class_list":{"0":"post-3469","1":"product","2":"type-product","3":"status-publish","4":"has-post-thumbnail","6":"product_cat-duhovnost","7":"product_cat-krscanin-i-svijet","8":"pa_autor-phil-bosmans","9":"pa_biblioteka-izvan-nizova","10":"pa_godina-izdanja-201","11":"pa_izdanje-i-izdanje-zagreb","12":"pa_nakladnik-krscanska-sadasnjost","13":"pa_uvez-meki","15":"first","16":"instock","17":"purchasable","18":"product-type-simple"},"_links":{"self":[{"href":"https:\/\/riselydigital.com\/ks\/wp-json\/wp\/v2\/product\/3469","targetHints":{"allow":["GET"]}}],"collection":[{"href":"https:\/\/riselydigital.com\/ks\/wp-json\/wp\/v2\/product"}],"about":[{"href":"https:\/\/riselydigital.com\/ks\/wp-json\/wp\/v2\/types\/product"}],"replies":[{"embeddable":true,"href":"https:\/\/riselydigital.com\/ks\/wp-json\/wp\/v2\/comments?post=3469"}],"version-history":[{"count":1,"href":"https:\/\/riselydigital.com\/ks\/wp-json\/wp\/v2\/product\/3469\/revisions"}],"predecessor-version":[{"id":3470,"href":"https:\/\/riselydigital.com\/ks\/wp-json\/wp\/v2\/product\/3469\/revisions\/3470"}],"wp:featuredmedia":[{"embeddable":true,"href":"https:\/\/riselydigital.com\/ks\/wp-json\/wp\/v2\/media\/3416"}],"wp:attachment":[{"href":"https:\/\/riselydigital.com\/ks\/wp-json\/wp\/v2\/media?parent=3469"}],"wp:term":[{"taxonomy":"product_cat","embeddable":true,"href":"https:\/\/riselydigital.com\/ks\/wp-json\/wp\/v2\/product_cat?post=3469"},{"taxonomy":"product_tag","embeddable":true,"href":"https:\/\/riselydigital.com\/ks\/wp-json\/wp\/v2\/product_tag?post=3469"}],"curies":[{"name":"wp","href":"https:\/\/api.w.org\/{rel}","templated":true}]}}