{"id":3471,"date":"2025-09-26T07:02:17","date_gmt":"2025-09-26T07:02:17","guid":{"rendered":"https:\/\/obrtkockica.hr\/KS\/shop\/crkva-i-teologija-u-svijetu-koji-se-mijenja\/"},"modified":"2025-09-26T07:02:18","modified_gmt":"2025-09-26T07:02:18","slug":"crkva-i-teologija-u-svijetu-koji-se-mijenja","status":"publish","type":"product","link":"https:\/\/riselydigital.com\/ks\/proizvod\/crkva-i-teologija-u-svijetu-koji-se-mijenja\/","title":{"rendered":"Crkva i teologija u svijetu koji se mijenja"},"content":{"rendered":"<p>Svijet se mijenja pred na\u0161im o\u010dima, ubrzano i u mnogim aspektima. Valja se upitati: \u0160to suvremene promjene zna\u010de za Crkvu i teologiju i \u0161to Crkva i teologija daju tim promjenama? |Knjiga Crkva i teologija u svijetu koji se mijenja. Prilog sinodalnu preobrazbi i poslanju Crkve u 21. stolje\u0107u predstavlja plod dugogodi\u0161njeg istra\u017eiva\u010dkog rada i duboke teolo\u0161ke refleksije o aktualnim izazovima s kojima se suo\u010dava Crkva u 21. stolje\u0107u.|Autorica prof. dr. sc. Ana Thea Filipovi\u0107 donosi sveobuhvatan uvid u me\u0111usobno povezane teme koje su klju\u010dne za razumijevanje suvremene ekleziologije i poslanja Crkve u vremenu brzih promjena.|Crkva i teologija u svijetu koji se mijenja se posebno fokusira na sinodalnu preobrazbu Crkve i njezino poslanje u suvremenom kontekstu, analiziraju\u0107i kako kr\u0161\u0107anski \u017eivot i djelovanje mogu odgovoriti na izazove vremena. Djelo nagla\u0161ava va\u017enost boljeg poznavanja vjere i njezinih temelja, teolo\u0161kog razvoja klju\u010dnih pitanja te aktualnog u\u010denja Crkve za uspje\u0161no uprisutnjenje i navje\u0161taj Kristova spasenja.|Posebnu vrijednost knjige \u010dini opse\u017ean bibliografski aparat i kvalitetna analiza osnovnih pojmova suvremene ekleziologije, \u0161to od ovog djela \u010dini pravi teolo\u0161ki traktat. Autorica promi\u0161lja poslanje Crkve u kontekstu dinami\u010dke interakcije religijskih, dru\u0161tvenih, politi\u010dkih i kulturnih promjena u Europi i svijetu.|Crkva i teologija u svijetu koji se mijenja predstavlja va\u017ean doprinos implementaciji sinodalnog gibanja na tlu Crkve u Hrvatskoj, obra\u0111uju\u0107i izrazito aktualne i dosad zanemarene teolo\u0161ke teme. Knjiga \u0107e biti od temeljnog zna\u010denja za budu\u0107a istra\u017eivanja i teolo\u0161ko promi\u0161ljanje o fundamentalnim obrisima Crkve Drugog vatikanskog koncila, aktualiziranim u pontifikatu pape Franje.<\/p>\n","protected":false},"excerpt":{"rendered":"<p>Svijet se mijenja pred na\u0161im o\u010dima, ubrzano i u mnogim aspektima. Valja se upitati: \u0160to suvremene promjene zna\u010de za Crkvu i teologiju i \u0161to Crkva i teologija daju tim promjenama? |Knjiga Crkva i teologija u svijetu koji se mijenja. Prilog sinodalnu preobrazbi i poslanju Crkve u 21. stolje\u0107u predstavlja plod dugogodi\u0161njeg istra\u017eiva\u010dkog rada i duboke [&hellip;]<\/p>\n","protected":false},"featured_media":3417,"comment_status":"closed","ping_status":"open","template":"","meta":[],"product_cat":[169,160],"product_tag":[],"class_list":{"0":"post-3471","1":"product","2":"type-product","3":"status-publish","4":"has-post-thumbnail","6":"product_cat-crkva-i-drustvo","7":"product_cat-teologija","8":"pa_autor-ana-thea-filipovic","9":"pa_biblioteka-izvan-nizova","10":"pa_godina-izdanja-205","11":"pa_izdanje-i-suizdanje-zagreb","12":"pa_nakladnik-katolicki-bogoslovni-fakultet-sveucilista-u-zagrebu-krscanska-sadasnjost","13":"pa_uvez-tvrdi","15":"first","16":"instock","17":"purchasable","18":"product-type-simple"},"_links":{"self":[{"href":"https:\/\/riselydigital.com\/ks\/wp-json\/wp\/v2\/product\/3471","targetHints":{"allow":["GET"]}}],"collection":[{"href":"https:\/\/riselydigital.com\/ks\/wp-json\/wp\/v2\/product"}],"about":[{"href":"https:\/\/riselydigital.com\/ks\/wp-json\/wp\/v2\/types\/product"}],"replies":[{"embeddable":true,"href":"https:\/\/riselydigital.com\/ks\/wp-json\/wp\/v2\/comments?post=3471"}],"version-history":[{"count":1,"href":"https:\/\/riselydigital.com\/ks\/wp-json\/wp\/v2\/product\/3471\/revisions"}],"predecessor-version":[{"id":3472,"href":"https:\/\/riselydigital.com\/ks\/wp-json\/wp\/v2\/product\/3471\/revisions\/3472"}],"wp:featuredmedia":[{"embeddable":true,"href":"https:\/\/riselydigital.com\/ks\/wp-json\/wp\/v2\/media\/3417"}],"wp:attachment":[{"href":"https:\/\/riselydigital.com\/ks\/wp-json\/wp\/v2\/media?parent=3471"}],"wp:term":[{"taxonomy":"product_cat","embeddable":true,"href":"https:\/\/riselydigital.com\/ks\/wp-json\/wp\/v2\/product_cat?post=3471"},{"taxonomy":"product_tag","embeddable":true,"href":"https:\/\/riselydigital.com\/ks\/wp-json\/wp\/v2\/product_tag?post=3471"}],"curies":[{"name":"wp","href":"https:\/\/api.w.org\/{rel}","templated":true}]}}