{"id":3473,"date":"2025-09-26T07:02:17","date_gmt":"2025-09-26T07:02:17","guid":{"rendered":"https:\/\/obrtkockica.hr\/KS\/shop\/cvijece-srece-moras-saditi-sam\/"},"modified":"2025-11-19T10:40:01","modified_gmt":"2025-11-19T10:40:01","slug":"cvijece-srece-moras-saditi-sam","status":"publish","type":"product","link":"https:\/\/riselydigital.com\/ks\/proizvod\/cvijece-srece-moras-saditi-sam\/","title":{"rendered":"Cvije\u0107e sre\u0107e mora\u0161 saditi sam"},"content":{"rendered":"<p>Knjiga Cvije\u0107e sre\u0107e mora\u0161 saditi sam donosi \u010detrdeset i pet izreka i tekstova pro\u017eetih \u017eivotnom mudro\u0161\u0107u i toplinom koje je napisao Phil Bosmans kako bi ljudima na\u0161eg vremena pru\u017eio trenutke dubokog nadahnu\u0107a i unutarnjeg mira.|Mudre izreke i poslovice, kao nepresu\u0161no blago ljudske kulture, u sebi spajaju duboko znanje i iskrenu ljubav. Upravo po njima i svojim mislima Bosmans daruje \u010ditateljima misli koje doti\u010du najdublje potrebe svakodnevnog \u010dovjeka.|Za razliku od znanstvenih djela i akademskih rasprava, Bosmansovi tekstovi jednostavno i izravno govore svima \u2013 obi\u010dnim ljudima \u2013 nude\u0107i im utjehu, razumijevanje i nadu. Cvije\u0107e sre\u0107e mora\u0161 saditi sam osvje\u017eit \u0107e sva\u010diju du\u0161u.<\/p>\n","protected":false},"excerpt":{"rendered":"<p>Knjiga Cvije\u0107e sre\u0107e mora\u0161 saditi sam donosi \u010detrdeset i pet izreka i tekstova pro\u017eetih \u017eivotnom mudro\u0161\u0107u i toplinom koje je napisao Phil Bosmans kako bi ljudima na\u0161eg vremena pru\u017eio trenutke dubokog nadahnu\u0107a i unutarnjeg mira.<\/p>\n","protected":false},"featured_media":3418,"comment_status":"closed","ping_status":"closed","template":"","meta":[],"product_cat":[161,162],"product_tag":[],"class_list":{"0":"post-3473","1":"product","2":"type-product","3":"status-publish","4":"has-post-thumbnail","6":"product_cat-duhovnost","7":"product_cat-krscanin-i-svijet","8":"pa_autor-phil-bosmans","9":"pa_biblioteka-izvan-nizova","10":"pa_godina-izdanja-201","11":"pa_izdanje-ii-izdanje-zagreb","12":"pa_nakladnik-krscanska-sadasnjost","13":"pa_uvez-meki","15":"first","16":"instock","17":"purchasable","18":"product-type-simple"},"_links":{"self":[{"href":"https:\/\/riselydigital.com\/ks\/wp-json\/wp\/v2\/product\/3473","targetHints":{"allow":["GET"]}}],"collection":[{"href":"https:\/\/riselydigital.com\/ks\/wp-json\/wp\/v2\/product"}],"about":[{"href":"https:\/\/riselydigital.com\/ks\/wp-json\/wp\/v2\/types\/product"}],"replies":[{"embeddable":true,"href":"https:\/\/riselydigital.com\/ks\/wp-json\/wp\/v2\/comments?post=3473"}],"version-history":[{"count":3,"href":"https:\/\/riselydigital.com\/ks\/wp-json\/wp\/v2\/product\/3473\/revisions"}],"predecessor-version":[{"id":4474,"href":"https:\/\/riselydigital.com\/ks\/wp-json\/wp\/v2\/product\/3473\/revisions\/4474"}],"wp:featuredmedia":[{"embeddable":true,"href":"https:\/\/riselydigital.com\/ks\/wp-json\/wp\/v2\/media\/3418"}],"wp:attachment":[{"href":"https:\/\/riselydigital.com\/ks\/wp-json\/wp\/v2\/media?parent=3473"}],"wp:term":[{"taxonomy":"product_cat","embeddable":true,"href":"https:\/\/riselydigital.com\/ks\/wp-json\/wp\/v2\/product_cat?post=3473"},{"taxonomy":"product_tag","embeddable":true,"href":"https:\/\/riselydigital.com\/ks\/wp-json\/wp\/v2\/product_tag?post=3473"}],"curies":[{"name":"wp","href":"https:\/\/api.w.org\/{rel}","templated":true}]}}