{"id":3475,"date":"2025-09-26T07:02:17","date_gmt":"2025-09-26T07:02:17","guid":{"rendered":"https:\/\/obrtkockica.hr\/KS\/shop\/sacerdotalis-caelibatus-svecenicki-celibat-d-4\/"},"modified":"2025-09-26T07:02:18","modified_gmt":"2025-09-26T07:02:18","slug":"sacerdotalis-caelibatus-svecenicki-celibat-d-4","status":"publish","type":"product","link":"https:\/\/riselydigital.com\/ks\/proizvod\/sacerdotalis-caelibatus-svecenicki-celibat-d-4\/","title":{"rendered":"Sacerdotalis caelibatus \u2013 Sve\u0107eni\u010dki celibat (D-4)"},"content":{"rendered":"<p>U enciklici Sacerdotalis caelibatus, papa Pavao VI. donosi duboko promi\u0161ljanje o sve\u0107eni\u010dkom celibatu kao dragocjenom daru Crkvi. Objavljena 1967. godine, ova enciklika odgovara na pitanja i izazove vezane uz celibat u suvremenom dru\u0161tvenom i crkvenom kontekstu.|Pavao VI. jasno isti\u010de teolo\u0161ke, duhovne i pastoralne razloge za o\u010duvanje obaveznog celibata u latinskoj Crkvi, te ga prikazuje ne kao teret, ve\u0107 kao izraz potpunog predanja Kristu i njegovoj Crkvi.|Ovo drugo izdanje enciklike Sacerdotalis caelibatus idealno je \u0161tivo za sve\u0107enike, bogoslove, pastoralne djelatnike i sve vjernike koji \u017eele dublje razumjeti smisao i vrijednost sve\u0107eni\u010dkog celibata.<\/p>\n","protected":false},"excerpt":{"rendered":"<p>U enciklici Sacerdotalis caelibatus, papa Pavao VI. donosi duboko promi\u0161ljanje o sve\u0107eni\u010dkom celibatu kao dragocjenom daru Crkvi. Objavljena 1967. godine, ova enciklika odgovara na pitanja i izazove vezane uz celibat u suvremenom dru\u0161tvenom i crkvenom kontekstu.|Pavao VI. jasno isti\u010de teolo\u0161ke, duhovne i pastoralne razloge za o\u010duvanje obaveznog celibata u latinskoj Crkvi, te ga prikazuje ne [&hellip;]<\/p>\n","protected":false},"featured_media":3419,"comment_status":"closed","ping_status":"open","template":"","meta":[],"product_cat":[165],"product_tag":[],"class_list":{"0":"post-3475","1":"product","2":"type-product","3":"status-publish","4":"has-post-thumbnail","6":"product_cat-crkveni-dokumenti","7":"pa_autor-papa-pavao-vi","8":"pa_biblioteka-dokumenti","9":"pa_godina-izdanja-205","10":"pa_izdanje-ii-izdanje-zagreb","11":"pa_nakladnik-krscanska-sadasnjost","12":"pa_uvez-meki","14":"first","15":"instock","16":"purchasable","17":"product-type-simple"},"_links":{"self":[{"href":"https:\/\/riselydigital.com\/ks\/wp-json\/wp\/v2\/product\/3475","targetHints":{"allow":["GET"]}}],"collection":[{"href":"https:\/\/riselydigital.com\/ks\/wp-json\/wp\/v2\/product"}],"about":[{"href":"https:\/\/riselydigital.com\/ks\/wp-json\/wp\/v2\/types\/product"}],"replies":[{"embeddable":true,"href":"https:\/\/riselydigital.com\/ks\/wp-json\/wp\/v2\/comments?post=3475"}],"version-history":[{"count":1,"href":"https:\/\/riselydigital.com\/ks\/wp-json\/wp\/v2\/product\/3475\/revisions"}],"predecessor-version":[{"id":3476,"href":"https:\/\/riselydigital.com\/ks\/wp-json\/wp\/v2\/product\/3475\/revisions\/3476"}],"wp:featuredmedia":[{"embeddable":true,"href":"https:\/\/riselydigital.com\/ks\/wp-json\/wp\/v2\/media\/3419"}],"wp:attachment":[{"href":"https:\/\/riselydigital.com\/ks\/wp-json\/wp\/v2\/media?parent=3475"}],"wp:term":[{"taxonomy":"product_cat","embeddable":true,"href":"https:\/\/riselydigital.com\/ks\/wp-json\/wp\/v2\/product_cat?post=3475"},{"taxonomy":"product_tag","embeddable":true,"href":"https:\/\/riselydigital.com\/ks\/wp-json\/wp\/v2\/product_tag?post=3475"}],"curies":[{"name":"wp","href":"https:\/\/api.w.org\/{rel}","templated":true}]}}