{"id":3477,"date":"2025-09-26T07:02:17","date_gmt":"2025-09-26T07:02:17","guid":{"rendered":"https:\/\/obrtkockica.hr\/KS\/shop\/dilexit-nos-d-199\/"},"modified":"2025-09-26T07:02:18","modified_gmt":"2025-09-26T07:02:18","slug":"dilexit-nos-d-199","status":"publish","type":"product","link":"https:\/\/riselydigital.com\/ks\/proizvod\/dilexit-nos-d-199\/","title":{"rendered":"Dilexit nos (D-199)"},"content":{"rendered":"<p>Enciklika Dilexit nos (\u201eOnaj koji nas uzljubi\u201c) \u010detvrta je enciklika pape Franje, posve\u0107ena Presvetom Srcu Isusovu kao izrazu bo\u017eanske i ljudske ljubavi Kristove. Naslov preuzet iz Poslanice Rimljanima (8, 37) podsje\u0107a da nas od te ljubavi ni\u0161ta ne mo\u017ee rastaviti.|Papa Franjo u ovom dokumentu, objavljenom u povodu 350. obljetnice ukazanja Srca Isusova sv. Margariti Mariji Alacoque, poziva na obnovu autenti\u010dne pobo\u017enosti Srcu Kristovu. U svijetu koji zaboravlja osobni odnos s Bogom, nje\u017enost vjere i radost slu\u017eenja, Srce Isusovo postaje mjesto susreta, izvor milosr\u0111a i snaga za poslanje.|Dilexit nos, enciklika o ljudskoj i bo\u017eanskoj ljubavi Srca Isusa Krista, upozorava na suvremeno osiroma\u0161enje duhovnosti, gdje se kr\u0161\u0107anstvo ponekad svodi na vanjske forme i gubi sr\u017e evan\u0111eoske ljubavi. Srce Kristovo poziva na povratak izvornom \u017earu \u2014 ljubavi koja vidi \u010dovjeka, lije\u010di rane, ru\u0161i zidove i gradi bratstvo.|Papa podsje\u0107a na duhovna iskustva svetaca kao \u0161to su sv. Terezija iz Lisieuxa, sv. Faustina Kowalska i sv. Ivan Pavao II., koji su u Srcu Isusovu prepoznali put nutarnje obnove i misionarskog \u017eara. Pobo\u017enost nije bijeg iz svijeta, ve\u0107 poziv na slu\u017eenje bra\u0107i i izgradnju pravednijeg dru\u0161tva.<\/p>\n","protected":false},"excerpt":{"rendered":"<p>Enciklika Dilexit nos (\u201eOnaj koji nas uzljubi\u201c) \u010detvrta je enciklika pape Franje, posve\u0107ena Presvetom Srcu Isusovu kao izrazu bo\u017eanske i ljudske ljubavi Kristove. Naslov preuzet iz Poslanice Rimljanima (8, 37) podsje\u0107a da nas od te ljubavi ni\u0161ta ne mo\u017ee rastaviti.|Papa Franjo u ovom dokumentu, objavljenom u povodu 350. obljetnice ukazanja Srca Isusova sv. Margariti Mariji [&hellip;]<\/p>\n","protected":false},"featured_media":3420,"comment_status":"closed","ping_status":"open","template":"","meta":[],"product_cat":[165],"product_tag":[],"class_list":{"0":"post-3477","1":"product","2":"type-product","3":"status-publish","4":"has-post-thumbnail","6":"product_cat-crkveni-dokumenti","7":"pa_autor-papa-franjo","8":"pa_biblioteka-dokumenti","9":"pa_godina-izdanja-205","10":"pa_izdanje-ii-izdanje-zagreb","11":"pa_nakladnik-krscanska-sadasnjost","12":"pa_uvez-meki","14":"first","15":"instock","16":"purchasable","17":"product-type-simple"},"_links":{"self":[{"href":"https:\/\/riselydigital.com\/ks\/wp-json\/wp\/v2\/product\/3477","targetHints":{"allow":["GET"]}}],"collection":[{"href":"https:\/\/riselydigital.com\/ks\/wp-json\/wp\/v2\/product"}],"about":[{"href":"https:\/\/riselydigital.com\/ks\/wp-json\/wp\/v2\/types\/product"}],"replies":[{"embeddable":true,"href":"https:\/\/riselydigital.com\/ks\/wp-json\/wp\/v2\/comments?post=3477"}],"version-history":[{"count":1,"href":"https:\/\/riselydigital.com\/ks\/wp-json\/wp\/v2\/product\/3477\/revisions"}],"predecessor-version":[{"id":3478,"href":"https:\/\/riselydigital.com\/ks\/wp-json\/wp\/v2\/product\/3477\/revisions\/3478"}],"wp:featuredmedia":[{"embeddable":true,"href":"https:\/\/riselydigital.com\/ks\/wp-json\/wp\/v2\/media\/3420"}],"wp:attachment":[{"href":"https:\/\/riselydigital.com\/ks\/wp-json\/wp\/v2\/media?parent=3477"}],"wp:term":[{"taxonomy":"product_cat","embeddable":true,"href":"https:\/\/riselydigital.com\/ks\/wp-json\/wp\/v2\/product_cat?post=3477"},{"taxonomy":"product_tag","embeddable":true,"href":"https:\/\/riselydigital.com\/ks\/wp-json\/wp\/v2\/product_tag?post=3477"}],"curies":[{"name":"wp","href":"https:\/\/api.w.org\/{rel}","templated":true}]}}