{"id":3479,"date":"2025-09-26T07:02:17","date_gmt":"2025-09-26T07:02:17","guid":{"rendered":"https:\/\/obrtkockica.hr\/KS\/shop\/isus-krist-sin-bozji-spasitelj-d-200\/"},"modified":"2025-09-26T07:02:18","modified_gmt":"2025-09-26T07:02:18","slug":"isus-krist-sin-bozji-spasitelj-d-200","status":"publish","type":"product","link":"https:\/\/riselydigital.com\/ks\/proizvod\/isus-krist-sin-bozji-spasitelj-d-200\/","title":{"rendered":"Isus Krist, Sin Bo\u017eji, Spasitelj (D-200)"},"content":{"rendered":"<p>Kr\u0161\u0107anski svijet je 20. svibnja 2025. obilje\u017eio 1700. obljetnicu otvaranja prvog ekumenskog sabora, odr\u017eanog u Niceji 325. godine.|Ovaj dokument, Isus Krist, Sin Bo\u017eji, Spasitelj. 1700. obljetnica Ekumenskog koncila u Niceji (325. \u2013 2025.), koji je sastavila Me\u0111unarodna teolo\u0161ka komisija, posve\u0107en je ovom koncilu koji je u\u0161ao u povijest po Vjerovanju koje progla\u0161ava vjeru u spasenje u Isusu Kristu i u jednog Boga, Oca, Sina i Duha Svetoga.|Isus Krist, Sin Bo\u017eji, Spasitelj nastoji ilustrirati aktualno zna\u010denje vjere ispovijedane u Niceji i pogodan je za hranjenje i produbljivanje vjere vjernika te, polaze\u0107i od Isusove figure, nudi korisne ideje i razmi\u0161ljanja za novu kulturnu i dru\u0161tvenu paradigmu, inspiriranu upravo Kristovom \u010dovje\u010dno\u0161\u0107u.|Tekst isti\u010de dogmatsku relevantnost Nicejskog sabora i ponovno pokre\u0107e novost koja je proiza\u0161la iz koncilskog doga\u0111aja \u2013 formulaciju Vjerovanja \u2013 koje od tada do danas, zajedno sa Carigradskim koncilom 381. godine, ujedinjuje kr\u0161\u0107ane u ispovijedanju jedne vjere.|Nicejski koncil, u svojoj ekumenskoj vrijednosti, pokazuje svu svoju relevantnost u svijesti da kr\u0161\u0107ani pronalaze svoje jedinstvo oko ispovijedane i zajedni\u010dke vjere.<\/p>\n","protected":false},"excerpt":{"rendered":"<p>Kr\u0161\u0107anski svijet je 20. svibnja 2025. obilje\u017eio 1700. obljetnicu otvaranja prvog ekumenskog sabora, odr\u017eanog u Niceji 325. godine.|Ovaj dokument, Isus Krist, Sin Bo\u017eji, Spasitelj. 1700. obljetnica Ekumenskog koncila u Niceji (325. \u2013 2025.), koji je sastavila Me\u0111unarodna teolo\u0161ka komisija, posve\u0107en je ovom koncilu koji je u\u0161ao u povijest po Vjerovanju koje progla\u0161ava vjeru u spasenje [&hellip;]<\/p>\n","protected":false},"featured_media":3421,"comment_status":"closed","ping_status":"open","template":"","meta":[],"product_cat":[165],"product_tag":[],"class_list":{"0":"post-3479","1":"product","2":"type-product","3":"status-publish","4":"has-post-thumbnail","6":"product_cat-crkveni-dokumenti","7":"pa_autor-medunarodna-teoloska-komisija","8":"pa_biblioteka-dokumenti","9":"pa_godina-izdanja-205","10":"pa_izdanje-i-izdanje-zagreb","11":"pa_nakladnik-krscanska-sadasnjost","12":"pa_uvez-meki","14":"first","15":"instock","16":"purchasable","17":"product-type-simple"},"_links":{"self":[{"href":"https:\/\/riselydigital.com\/ks\/wp-json\/wp\/v2\/product\/3479","targetHints":{"allow":["GET"]}}],"collection":[{"href":"https:\/\/riselydigital.com\/ks\/wp-json\/wp\/v2\/product"}],"about":[{"href":"https:\/\/riselydigital.com\/ks\/wp-json\/wp\/v2\/types\/product"}],"replies":[{"embeddable":true,"href":"https:\/\/riselydigital.com\/ks\/wp-json\/wp\/v2\/comments?post=3479"}],"version-history":[{"count":1,"href":"https:\/\/riselydigital.com\/ks\/wp-json\/wp\/v2\/product\/3479\/revisions"}],"predecessor-version":[{"id":3480,"href":"https:\/\/riselydigital.com\/ks\/wp-json\/wp\/v2\/product\/3479\/revisions\/3480"}],"wp:featuredmedia":[{"embeddable":true,"href":"https:\/\/riselydigital.com\/ks\/wp-json\/wp\/v2\/media\/3421"}],"wp:attachment":[{"href":"https:\/\/riselydigital.com\/ks\/wp-json\/wp\/v2\/media?parent=3479"}],"wp:term":[{"taxonomy":"product_cat","embeddable":true,"href":"https:\/\/riselydigital.com\/ks\/wp-json\/wp\/v2\/product_cat?post=3479"},{"taxonomy":"product_tag","embeddable":true,"href":"https:\/\/riselydigital.com\/ks\/wp-json\/wp\/v2\/product_tag?post=3479"}],"curies":[{"name":"wp","href":"https:\/\/api.w.org\/{rel}","templated":true}]}}