{"id":3481,"date":"2025-09-26T07:02:17","date_gmt":"2025-09-26T07:02:17","guid":{"rendered":"https:\/\/obrtkockica.hr\/KS\/shop\/za-sinodalnu-crkvu-zajednistvo-sudjelovanje-poslanje-d-201\/"},"modified":"2025-09-26T07:02:19","modified_gmt":"2025-09-26T07:02:19","slug":"za-sinodalnu-crkvu-zajednistvo-sudjelovanje-poslanje-d-201","status":"publish","type":"product","link":"https:\/\/riselydigital.com\/ks\/proizvod\/za-sinodalnu-crkvu-zajednistvo-sudjelovanje-poslanje-d-201\/","title":{"rendered":"Za sinodalnu Crkvu: zajedni\u0161tvo, sudjelovanje, poslanje (D-201)"},"content":{"rendered":"<p>Dokument Za sinodalnu Crkvu: zajedni\u0161tvo, sudjelovanje, poslanje zavr\u0161ni je dokument Drugog zasjedanja Sinode o sinodalnosti, proizi\u0161ao iz trogodi\u0161njeg procesa (2021. \u2013 2024.) koji je obuhvatio rasprave na svim razinama Crkve.|U njemu se izra\u017eava svijest da je poziv na poslanje istodobno i poziv na obra\u0107enje \u2013 kako pojedinih partikularnih Crkava, tako i cijele Crkve \u2013 u perspektivi koja je nagla\u0161ena u apostolskoj pobudnici Evangelii gaudium (usp. br. 30).|Sinodska skup\u0161tina potvr\u0111uje da je sinodalnost \u2013 zajedni\u010dko hodanje, sudjelovanje i dijalog \u2013 temeljna dimenzija crkvenog \u017eivota, kao i \u017eiva praksa brojnih vjerni\u010dkih zajednica. Dokument ne sadr\u017ei samo teolo\u0161ke naglaske, ve\u0107 i predla\u017ee putove koje treba slijediti, prakse koje treba primijeniti i obzore koje treba istra\u017eiti u budu\u0107em djelovanju Crkve. Uputit \u0107e mjesne Crkve, povjerene pastirskoj skrbi biskupa, kako nastaviti ovaj zajedni\u010dki hod, oslonjeni na nadu koja \u00bbne razo\u010darava\u00ab (Rim 5,5).|Dokument je vrijedan resurs za sve koji \u017eele bolje razumjeti sinodalni put i njegovu ulogu u dana\u0161njem crkvenom kontekstu.<\/p>\n","protected":false},"excerpt":{"rendered":"<p>Dokument Za sinodalnu Crkvu: zajedni\u0161tvo, sudjelovanje, poslanje zavr\u0161ni je dokument Drugog zasjedanja Sinode o sinodalnosti, proizi\u0161ao iz trogodi\u0161njeg procesa (2021. \u2013 2024.) koji je obuhvatio rasprave na svim razinama Crkve.|U njemu se izra\u017eava svijest da je poziv na poslanje istodobno i poziv na obra\u0107enje \u2013 kako pojedinih partikularnih Crkava, tako i cijele Crkve \u2013 u [&hellip;]<\/p>\n","protected":false},"featured_media":3422,"comment_status":"closed","ping_status":"open","template":"","meta":[],"product_cat":[165,167],"product_tag":[],"class_list":{"0":"post-3481","1":"product","2":"type-product","3":"status-publish","4":"has-post-thumbnail","6":"product_cat-crkveni-dokumenti","7":"product_cat-drugi-vatikanski-koncil","8":"pa_autor-xvi-redovna-opca-skupstina-biskupske-sinode","9":"pa_biblioteka-dokumenti","10":"pa_godina-izdanja-205","11":"pa_izdanje-i-izdanje-zagreb","12":"pa_nakladnik-krscanska-sadasnjost","13":"pa_uvez-meki","15":"first","16":"instock","17":"purchasable","18":"product-type-simple"},"_links":{"self":[{"href":"https:\/\/riselydigital.com\/ks\/wp-json\/wp\/v2\/product\/3481","targetHints":{"allow":["GET"]}}],"collection":[{"href":"https:\/\/riselydigital.com\/ks\/wp-json\/wp\/v2\/product"}],"about":[{"href":"https:\/\/riselydigital.com\/ks\/wp-json\/wp\/v2\/types\/product"}],"replies":[{"embeddable":true,"href":"https:\/\/riselydigital.com\/ks\/wp-json\/wp\/v2\/comments?post=3481"}],"version-history":[{"count":1,"href":"https:\/\/riselydigital.com\/ks\/wp-json\/wp\/v2\/product\/3481\/revisions"}],"predecessor-version":[{"id":3482,"href":"https:\/\/riselydigital.com\/ks\/wp-json\/wp\/v2\/product\/3481\/revisions\/3482"}],"wp:featuredmedia":[{"embeddable":true,"href":"https:\/\/riselydigital.com\/ks\/wp-json\/wp\/v2\/media\/3422"}],"wp:attachment":[{"href":"https:\/\/riselydigital.com\/ks\/wp-json\/wp\/v2\/media?parent=3481"}],"wp:term":[{"taxonomy":"product_cat","embeddable":true,"href":"https:\/\/riselydigital.com\/ks\/wp-json\/wp\/v2\/product_cat?post=3481"},{"taxonomy":"product_tag","embeddable":true,"href":"https:\/\/riselydigital.com\/ks\/wp-json\/wp\/v2\/product_tag?post=3481"}],"curies":[{"name":"wp","href":"https:\/\/api.w.org\/{rel}","templated":true}]}}