{"id":3483,"date":"2025-09-26T07:02:17","date_gmt":"2025-09-26T07:02:17","guid":{"rendered":"https:\/\/obrtkockica.hr\/KS\/shop\/daruj-svoje-srce\/"},"modified":"2025-09-26T07:02:19","modified_gmt":"2025-09-26T07:02:19","slug":"daruj-svoje-srce","status":"publish","type":"product","link":"https:\/\/riselydigital.com\/ks\/proizvod\/daruj-svoje-srce\/","title":{"rendered":"Daruj svoje srce"},"content":{"rendered":"<p>Poznati njema\u010dki benediktinac, pisac brojnih uspje\u0161nica prevedenih i na hrvatski jezik, u ovom se djelu Daruj svoje srce pozabavio temom ljubavi i to tako da je razmi\u0161ljao na temelju pjesni\u010dkih izri\u010daja.|Na po\u010detku svakog poglavlja, odnosno teme, donesen je kratki pjesni\u010dki tekst nakon \u010dega slijedi autorovo promi\u0161ljanje. I sam ka\u017ee: \u201eUspjeh na\u0161e ljubavi ne ovisi o mislima i savjetima drugih. Zato u ovoj knjizi o ljubavi ni ne \u017eelim davati savjete. Isto tako ne \u017eelim niti ponavljati sve ono \u0161to sam drugdje ve\u0107 napisao o njoj. Naprotiv, \u017eelim se nadahnjivati pjesnicima &#8211; njihovim mislima i pjesmama o ljubavi. Ono \u0161to su oni napisali o ljubavi shva\u0107am kao povod da i sam promi\u0161ljam o ljubavi. Poga\u0111aju nas rije\u010di pjesnika. Suo\u010davaju nas s vlastitim znanjem o ljubavi koje svatko od nas nosi u svojoj du\u0161i\u201c. Me\u0111u pjesnicima na temelju \u010dijih citata Gr\u00fcn razmi\u0161lja nalaze se primjerice F. M. Dostojevski, G. Tersteegen, A. de Saint-Exupery, A. Camus, Max Frisch, J. W. Goethe, H. D\u017eubran i drugi.|Knjiga Daruj svoje srce je vrlo dojmljiva, pisana je lakim stilom, grafi\u010dki je izrazito prihvatljiva te je prikladna kao lijep poklon.<\/p>\n","protected":false},"excerpt":{"rendered":"<p>Poznati njema\u010dki benediktinac, pisac brojnih uspje\u0161nica prevedenih i na hrvatski jezik, u ovom se djelu Daruj svoje srce pozabavio temom ljubavi i to tako da je razmi\u0161ljao na temelju pjesni\u010dkih izri\u010daja.|Na po\u010detku svakog poglavlja, odnosno teme, donesen je kratki pjesni\u010dki tekst nakon \u010dega slijedi autorovo promi\u0161ljanje. I sam ka\u017ee: \u201eUspjeh na\u0161e ljubavi ne ovisi o [&hellip;]<\/p>\n","protected":false},"featured_media":3423,"comment_status":"closed","ping_status":"open","template":"","meta":[],"product_cat":[161],"product_tag":[],"class_list":{"0":"post-3483","1":"product","2":"type-product","3":"status-publish","4":"has-post-thumbnail","6":"product_cat-duhovnost","7":"pa_autor-anselm-grun","8":"pa_biblioteka-izvan-nizova","9":"pa_godina-izdanja-205","10":"pa_izdanje-ii-izdanje-zagreb","11":"pa_nakladnik-krscanska-sadasnjost","12":"pa_uvez-tvrdi","14":"first","15":"instock","16":"purchasable","17":"product-type-simple"},"_links":{"self":[{"href":"https:\/\/riselydigital.com\/ks\/wp-json\/wp\/v2\/product\/3483","targetHints":{"allow":["GET"]}}],"collection":[{"href":"https:\/\/riselydigital.com\/ks\/wp-json\/wp\/v2\/product"}],"about":[{"href":"https:\/\/riselydigital.com\/ks\/wp-json\/wp\/v2\/types\/product"}],"replies":[{"embeddable":true,"href":"https:\/\/riselydigital.com\/ks\/wp-json\/wp\/v2\/comments?post=3483"}],"version-history":[{"count":1,"href":"https:\/\/riselydigital.com\/ks\/wp-json\/wp\/v2\/product\/3483\/revisions"}],"predecessor-version":[{"id":3484,"href":"https:\/\/riselydigital.com\/ks\/wp-json\/wp\/v2\/product\/3483\/revisions\/3484"}],"wp:featuredmedia":[{"embeddable":true,"href":"https:\/\/riselydigital.com\/ks\/wp-json\/wp\/v2\/media\/3423"}],"wp:attachment":[{"href":"https:\/\/riselydigital.com\/ks\/wp-json\/wp\/v2\/media?parent=3483"}],"wp:term":[{"taxonomy":"product_cat","embeddable":true,"href":"https:\/\/riselydigital.com\/ks\/wp-json\/wp\/v2\/product_cat?post=3483"},{"taxonomy":"product_tag","embeddable":true,"href":"https:\/\/riselydigital.com\/ks\/wp-json\/wp\/v2\/product_tag?post=3483"}],"curies":[{"name":"wp","href":"https:\/\/api.w.org\/{rel}","templated":true}]}}