{"id":3485,"date":"2025-09-26T07:02:17","date_gmt":"2025-09-26T07:02:17","guid":{"rendered":"https:\/\/obrtkockica.hr\/KS\/shop\/ispovjednikove-nocne-misli\/"},"modified":"2025-09-26T07:02:19","modified_gmt":"2025-09-26T07:02:19","slug":"ispovjednikove-nocne-misli","status":"publish","type":"product","link":"https:\/\/riselydigital.com\/ks\/proizvod\/ispovjednikove-nocne-misli\/","title":{"rendered":"Ispovjednikove no\u0107ne misli"},"content":{"rendered":"<p>Knjiga Ispovjednikove no\u0107ne misli. Vjera u vremenima neizvjesnosti sadr\u017eava \u0161esnaest eseja u kojima \u0107e \u010ditatelj prona\u0107i kriti\u010dka razmi\u0161ljanja o stanju i aktualnim problemima na\u0161eg svijeta te o aktualnim transformacijama religije, ljubazno humoristi\u010dne provokacije na ra\u010dun vlastitih redova, filozofske meditacije o paradoksalnim biblijskim izjavama i psiholo\u0161ke uvide iz autorovog dugogodi\u0161njeg iskustva u duhovnom pra\u0107enju ljudi koji stoje izme\u0111u vjere i sumnje i koji tra\u017ee odgovore na ozbiljna \u017eivotna pitanja.|Kako suvremeni svijet izgleda iz perspektive ispovjednika \u2013 osobe koja je godinama slu\u0161ala druge, poku\u0161avala ih razumjeti i tra\u017eila izlaze iz kriznih situacija u \u017eivotu s njima? \u201eSvaka kriza je prilika\u201c, tvrdio je otac dubinske psihologije, C. G. Jung \u2013 a Tom\u00e1\u0161 Hal\u00edk u krizama suvremenog svijeta, krizama postoje\u0107ih oblika religije i kriznim situacijama pojedinaca vidi izazov da se \u201eide u dubinu\u201c.|Ispovjednikove no\u0107ne misli su knjiga zapa\u017eanja jednog ispovjednika; to nije knjiga sa savjetima za ispovjednike ili za one koji se ispovijedaju. Rije\u010d je o zapa\u017eanjima sve\u0107enika koji poku\u0161ava strpljivo i pa\u017eljivo slu\u0161ati, razlikovati, razumjeti; poku\u0161avam ugoditi i ohrabriti ili natjerati osobu da razmisli skriva li ne\u0161to bitno od sebe same:|\u201eOvdje se vi\u0161e \u017eelim pozabaviti problematikom kako kao \u010dovjek gledam na ovo vrijeme i ovaj svijet \u2013 na njegov vanjski i nutarnji izgled \u2013 kao netko naviknut slu\u0161ati druge dok ispovijedaju svoje grijehe i padove, dok mu povjeravaju svoje nutarnje borbe, svoje slabosti i sumnje, a isto tako i svoju \u017eelju za opro\u0161tenjem, pomirenjem i nutarnjim ozdravljenjem, dakle za novim po\u010detkom\u201c (iz prvog poglavlja Ispovjednikovih no\u0107nih misli).<\/p>\n","protected":false},"excerpt":{"rendered":"<p>Knjiga Ispovjednikove no\u0107ne misli. Vjera u vremenima neizvjesnosti sadr\u017eava \u0161esnaest eseja u kojima \u0107e \u010ditatelj prona\u0107i kriti\u010dka razmi\u0161ljanja o stanju i aktualnim problemima na\u0161eg svijeta te o aktualnim transformacijama religije, ljubazno humoristi\u010dne provokacije na ra\u010dun vlastitih redova, filozofske meditacije o paradoksalnim biblijskim izjavama i psiholo\u0161ke uvide iz autorovog dugogodi\u0161njeg iskustva u duhovnom pra\u0107enju ljudi koji [&hellip;]<\/p>\n","protected":false},"featured_media":3424,"comment_status":"closed","ping_status":"open","template":"","meta":[],"product_cat":[161,162,160],"product_tag":[],"class_list":{"0":"post-3485","1":"product","2":"type-product","3":"status-publish","4":"has-post-thumbnail","6":"product_cat-duhovnost","7":"product_cat-krscanin-i-svijet","8":"product_cat-teologija","9":"pa_autor-tomas-halik","10":"pa_biblioteka-eseji","11":"pa_godina-izdanja-205","12":"pa_izdanje-i-izdanje-zagreb","13":"pa_nakladnik-krscanska-sadasnjost","14":"pa_uvez-meki","16":"first","17":"instock","18":"purchasable","19":"product-type-simple"},"_links":{"self":[{"href":"https:\/\/riselydigital.com\/ks\/wp-json\/wp\/v2\/product\/3485","targetHints":{"allow":["GET"]}}],"collection":[{"href":"https:\/\/riselydigital.com\/ks\/wp-json\/wp\/v2\/product"}],"about":[{"href":"https:\/\/riselydigital.com\/ks\/wp-json\/wp\/v2\/types\/product"}],"replies":[{"embeddable":true,"href":"https:\/\/riselydigital.com\/ks\/wp-json\/wp\/v2\/comments?post=3485"}],"version-history":[{"count":1,"href":"https:\/\/riselydigital.com\/ks\/wp-json\/wp\/v2\/product\/3485\/revisions"}],"predecessor-version":[{"id":3486,"href":"https:\/\/riselydigital.com\/ks\/wp-json\/wp\/v2\/product\/3485\/revisions\/3486"}],"wp:featuredmedia":[{"embeddable":true,"href":"https:\/\/riselydigital.com\/ks\/wp-json\/wp\/v2\/media\/3424"}],"wp:attachment":[{"href":"https:\/\/riselydigital.com\/ks\/wp-json\/wp\/v2\/media?parent=3485"}],"wp:term":[{"taxonomy":"product_cat","embeddable":true,"href":"https:\/\/riselydigital.com\/ks\/wp-json\/wp\/v2\/product_cat?post=3485"},{"taxonomy":"product_tag","embeddable":true,"href":"https:\/\/riselydigital.com\/ks\/wp-json\/wp\/v2\/product_tag?post=3485"}],"curies":[{"name":"wp","href":"https:\/\/api.w.org\/{rel}","templated":true}]}}