{"id":3487,"date":"2025-09-26T07:02:17","date_gmt":"2025-09-26T07:02:17","guid":{"rendered":"https:\/\/obrtkockica.hr\/KS\/shop\/iz-egipta-dozvah-sina-svoga\/"},"modified":"2025-09-26T07:02:19","modified_gmt":"2025-09-26T07:02:19","slug":"iz-egipta-dozvah-sina-svoga","status":"publish","type":"product","link":"https:\/\/riselydigital.com\/ks\/proizvod\/iz-egipta-dozvah-sina-svoga\/","title":{"rendered":"\u00bbIz Egipta dozvah Sina svoga\u00ab&#8221;"},"content":{"rendered":"<p>Knjiga Iz Egipta dozvah Sina svoga zbirka je izabranih tekstova koje je prof. dr. sc. Adalbert Rebi\u0107 pisao u kolumni Vrijeme i rije\u010d u Kr\u0161\u0107anskoj obiteljskoj reviji Kana, te ih u svrhu ovog izdanja pro\u0161irio prije svoje smrti 2014. godine.|Biblijsko-teolo\u0161ka razmi\u0161ljanja sabrana u ovoj knjizi prava su riznica vrijednih znanstveno-teolo\u0161kih i prakti\u010dnih vjerskih uvida za nas danas, ali i za budu\u0107e nara\u0161taje.|Izlazak sinova Izraelovih iz egipatskog su\u017eanjstva pod vodstvom Mojsijevim, a pod \u010dudesnom za\u0161titom Bo\u017ejom, kako ga opisuje Knjiga Izlaska (Izl 1\u201318) sredi\u0161nji je doga\u0111aj povijesti spasenja starozavjetnog naroda Bo\u017ejega. To je sredi\u0161nji biblijski motiv koji se prote\u017ee kroz cijelu Bibliju, od prvih stranica  Biblije, kroz proro\u010dku literaturu sve do novozavjetne literature.|On ima i sredi\u0161nje mjesto u na\u0161oj kr\u0161\u0107anskoj liturgiji kao \u0161to ga je imao i u liturgiji \u017eidovskog Pesaha (u hagadama). Taj \u010dudesni doga\u0111aj slu\u017eio je Izraelcima kao najo\u010ditiji dokaz Bo\u017eje opstojnosti.|Iz Egipta dozvah Sina svoga. Biblijsko-teolo\u0161ka razmi\u0161ljanja uz tekstove iz Knjige Izlaska donosi bogatstvo pisane rije\u010di ovog vrsnog bibli\u010dara, rije\u010di koja ne zastarijeva jer je duboko ukorijenjena u Rije\u010d Bo\u017eju.<\/p>\n","protected":false},"excerpt":{"rendered":"<p>Knjiga Iz Egipta dozvah Sina svoga zbirka je izabranih tekstova koje je prof. dr. sc. Adalbert Rebi\u0107 pisao u kolumni Vrijeme i rije\u010d u Kr\u0161\u0107anskoj obiteljskoj reviji Kana, te ih u svrhu ovog izdanja pro\u0161irio prije svoje smrti 2014. godine.|Biblijsko-teolo\u0161ka razmi\u0161ljanja sabrana u ovoj knjizi prava su riznica vrijednih znanstveno-teolo\u0161kih i prakti\u010dnih vjerskih uvida za [&hellip;]<\/p>\n","protected":false},"featured_media":3425,"comment_status":"closed","ping_status":"open","template":"","meta":[],"product_cat":[161],"product_tag":[],"class_list":{"0":"post-3487","1":"product","2":"type-product","3":"status-publish","4":"has-post-thumbnail","6":"product_cat-duhovnost","7":"pa_autor-adalbert-rebic","8":"pa_biblioteka-rijec","9":"pa_godina-izdanja-205","10":"pa_izdanje-i-izdanje-zagreb","11":"pa_nakladnik-krscanska-sadasnjost","12":"pa_uvez-meki","14":"first","15":"instock","16":"purchasable","17":"product-type-simple"},"_links":{"self":[{"href":"https:\/\/riselydigital.com\/ks\/wp-json\/wp\/v2\/product\/3487","targetHints":{"allow":["GET"]}}],"collection":[{"href":"https:\/\/riselydigital.com\/ks\/wp-json\/wp\/v2\/product"}],"about":[{"href":"https:\/\/riselydigital.com\/ks\/wp-json\/wp\/v2\/types\/product"}],"replies":[{"embeddable":true,"href":"https:\/\/riselydigital.com\/ks\/wp-json\/wp\/v2\/comments?post=3487"}],"version-history":[{"count":1,"href":"https:\/\/riselydigital.com\/ks\/wp-json\/wp\/v2\/product\/3487\/revisions"}],"predecessor-version":[{"id":3488,"href":"https:\/\/riselydigital.com\/ks\/wp-json\/wp\/v2\/product\/3487\/revisions\/3488"}],"wp:featuredmedia":[{"embeddable":true,"href":"https:\/\/riselydigital.com\/ks\/wp-json\/wp\/v2\/media\/3425"}],"wp:attachment":[{"href":"https:\/\/riselydigital.com\/ks\/wp-json\/wp\/v2\/media?parent=3487"}],"wp:term":[{"taxonomy":"product_cat","embeddable":true,"href":"https:\/\/riselydigital.com\/ks\/wp-json\/wp\/v2\/product_cat?post=3487"},{"taxonomy":"product_tag","embeddable":true,"href":"https:\/\/riselydigital.com\/ks\/wp-json\/wp\/v2\/product_tag?post=3487"}],"curies":[{"name":"wp","href":"https:\/\/api.w.org\/{rel}","templated":true}]}}