{"id":3489,"date":"2025-09-26T07:02:17","date_gmt":"2025-09-26T07:02:17","guid":{"rendered":"https:\/\/obrtkockica.hr\/KS\/shop\/jednostavno-volim-te\/"},"modified":"2025-09-26T07:02:19","modified_gmt":"2025-09-26T07:02:19","slug":"jednostavno-volim-te","status":"publish","type":"product","link":"https:\/\/riselydigital.com\/ks\/proizvod\/jednostavno-volim-te\/","title":{"rendered":"Jednostavno volim te"},"content":{"rendered":"<p>Ovi tekstovi Phila Bosmansa su izjava ljubavi prema \u017eivotu.|Nakon \u0161to se cijeli \u017eivot bavio savjetovanjem i pratnjom ljudima, belgijski autor bira rije\u010di koje odjekuju u du\u0161i. Ova knjiga okuplja najljep\u0161e tekstove Phila Bosmansa. Tekstovi posreduju veliku simpatiju prema ljudima i omogu\u0107uju nam da se pogledamo u ogledalo na duhovit na\u010din.|Ove jednostavne i duboke misli otvorit \u0107e Vam o\u010di za male stvari, a iznad svega: daju Vam hrabrost da \u017eivite vlastiti \u017eivot.|\u00bbLjubav je cilj \u017eivota. Tko \u017eivi za ne\u0161to drugo, uvijek \u0107e se prevariti.\u00ab Phil Bosmans<\/p>\n","protected":false},"excerpt":{"rendered":"<p>Ovi tekstovi Phila Bosmansa su izjava ljubavi prema \u017eivotu.|Nakon \u0161to se cijeli \u017eivot bavio savjetovanjem i pratnjom ljudima, belgijski autor bira rije\u010di koje odjekuju u du\u0161i. Ova knjiga okuplja najljep\u0161e tekstove Phila Bosmansa. Tekstovi posreduju veliku simpatiju prema ljudima i omogu\u0107uju nam da se pogledamo u ogledalo na duhovit na\u010din.|Ove jednostavne i duboke misli otvorit [&hellip;]<\/p>\n","protected":false},"featured_media":3426,"comment_status":"closed","ping_status":"open","template":"","meta":[],"product_cat":[161],"product_tag":[],"class_list":{"0":"post-3489","1":"product","2":"type-product","3":"status-publish","4":"has-post-thumbnail","6":"product_cat-duhovnost","7":"pa_autor-phil-bosmans","8":"pa_biblioteka-izvan-nizova","9":"pa_godina-izdanja-205","10":"pa_izdanje-vii-izdanje-zagreb","11":"pa_nakladnik-krscanska-sadasnjost","12":"pa_uvez-meki","14":"first","15":"instock","16":"purchasable","17":"product-type-simple"},"_links":{"self":[{"href":"https:\/\/riselydigital.com\/ks\/wp-json\/wp\/v2\/product\/3489","targetHints":{"allow":["GET"]}}],"collection":[{"href":"https:\/\/riselydigital.com\/ks\/wp-json\/wp\/v2\/product"}],"about":[{"href":"https:\/\/riselydigital.com\/ks\/wp-json\/wp\/v2\/types\/product"}],"replies":[{"embeddable":true,"href":"https:\/\/riselydigital.com\/ks\/wp-json\/wp\/v2\/comments?post=3489"}],"version-history":[{"count":1,"href":"https:\/\/riselydigital.com\/ks\/wp-json\/wp\/v2\/product\/3489\/revisions"}],"predecessor-version":[{"id":3490,"href":"https:\/\/riselydigital.com\/ks\/wp-json\/wp\/v2\/product\/3489\/revisions\/3490"}],"wp:featuredmedia":[{"embeddable":true,"href":"https:\/\/riselydigital.com\/ks\/wp-json\/wp\/v2\/media\/3426"}],"wp:attachment":[{"href":"https:\/\/riselydigital.com\/ks\/wp-json\/wp\/v2\/media?parent=3489"}],"wp:term":[{"taxonomy":"product_cat","embeddable":true,"href":"https:\/\/riselydigital.com\/ks\/wp-json\/wp\/v2\/product_cat?post=3489"},{"taxonomy":"product_tag","embeddable":true,"href":"https:\/\/riselydigital.com\/ks\/wp-json\/wp\/v2\/product_tag?post=3489"}],"curies":[{"name":"wp","href":"https:\/\/api.w.org\/{rel}","templated":true}]}}