{"id":3491,"date":"2025-09-26T07:02:17","date_gmt":"2025-09-26T07:02:17","guid":{"rendered":"https:\/\/obrtkockica.hr\/KS\/shop\/kosare-pune-sna\/"},"modified":"2025-09-26T07:02:19","modified_gmt":"2025-09-26T07:02:19","slug":"kosare-pune-sna","status":"publish","type":"product","link":"https:\/\/riselydigital.com\/ks\/proizvod\/kosare-pune-sna\/","title":{"rendered":"Ko\u0161are pune sna"},"content":{"rendered":"<p>Ko\u0161are pune sna \u00bbrukovet\u00ab je misli koje je Marija Per\u010di\u0107, \u010dlanica udruge vjernika laika Kr\u0161\u0107anski kulturni centar, izabrala iz bogatoga teolo\u0161kog opusa Antona Tamaruta, sve\u0107enika, teologa i pjesnika.|Tamarutova teolo\u0161ka misao, po uredni\u010dinim rije\u010dima, na suvremen na\u010din preta\u010de Rije\u010d Bo\u017eju u na\u0161e \u017eivotne stvarnosti, stvara oaze prijateljstva i dobrote i oplemenjuje rado\u0161\u0107u i nadom sve ljude s kojima \u017eivimo i koje susre\u0107emo.|Ko\u0161are pune sna. Izabrane misli nadahnut \u0107e \u010ditatelja da zastane i promisli o bezvremenskim duhovnim temama.<\/p>\n","protected":false},"excerpt":{"rendered":"<p>Ko\u0161are pune sna \u00bbrukovet\u00ab je misli koje je Marija Per\u010di\u0107, \u010dlanica udruge vjernika laika Kr\u0161\u0107anski kulturni centar, izabrala iz bogatoga teolo\u0161kog opusa Antona Tamaruta, sve\u0107enika, teologa i pjesnika.|Tamarutova teolo\u0161ka misao, po uredni\u010dinim rije\u010dima, na suvremen na\u010din preta\u010de Rije\u010d Bo\u017eju u na\u0161e \u017eivotne stvarnosti, stvara oaze prijateljstva i dobrote i oplemenjuje rado\u0161\u0107u i nadom sve ljude [&hellip;]<\/p>\n","protected":false},"featured_media":3427,"comment_status":"closed","ping_status":"open","template":"","meta":[],"product_cat":[161,162],"product_tag":[],"class_list":{"0":"post-3491","1":"product","2":"type-product","3":"status-publish","4":"has-post-thumbnail","6":"product_cat-duhovnost","7":"product_cat-krscanin-i-svijet","8":"pa_autor-anton-tamarut","9":"pa_autor-marija-percic-ur","10":"pa_biblioteka-izvan-nizova","11":"pa_godina-izdanja-205","12":"pa_izdanje-i-izdanje-zagreb","13":"pa_nakladnik-krscanska-sadasnjost","14":"pa_uvez-meki-klapne","16":"first","17":"instock","18":"purchasable","19":"product-type-simple"},"_links":{"self":[{"href":"https:\/\/riselydigital.com\/ks\/wp-json\/wp\/v2\/product\/3491","targetHints":{"allow":["GET"]}}],"collection":[{"href":"https:\/\/riselydigital.com\/ks\/wp-json\/wp\/v2\/product"}],"about":[{"href":"https:\/\/riselydigital.com\/ks\/wp-json\/wp\/v2\/types\/product"}],"replies":[{"embeddable":true,"href":"https:\/\/riselydigital.com\/ks\/wp-json\/wp\/v2\/comments?post=3491"}],"version-history":[{"count":1,"href":"https:\/\/riselydigital.com\/ks\/wp-json\/wp\/v2\/product\/3491\/revisions"}],"predecessor-version":[{"id":3492,"href":"https:\/\/riselydigital.com\/ks\/wp-json\/wp\/v2\/product\/3491\/revisions\/3492"}],"wp:featuredmedia":[{"embeddable":true,"href":"https:\/\/riselydigital.com\/ks\/wp-json\/wp\/v2\/media\/3427"}],"wp:attachment":[{"href":"https:\/\/riselydigital.com\/ks\/wp-json\/wp\/v2\/media?parent=3491"}],"wp:term":[{"taxonomy":"product_cat","embeddable":true,"href":"https:\/\/riselydigital.com\/ks\/wp-json\/wp\/v2\/product_cat?post=3491"},{"taxonomy":"product_tag","embeddable":true,"href":"https:\/\/riselydigital.com\/ks\/wp-json\/wp\/v2\/product_tag?post=3491"}],"curies":[{"name":"wp","href":"https:\/\/api.w.org\/{rel}","templated":true}]}}