{"id":3493,"date":"2025-09-26T07:02:17","date_gmt":"2025-09-26T07:02:17","guid":{"rendered":"https:\/\/obrtkockica.hr\/KS\/shop\/krizanic\/"},"modified":"2025-09-26T07:02:20","modified_gmt":"2025-09-26T07:02:20","slug":"krizanic","status":"publish","type":"product","link":"https:\/\/riselydigital.com\/ks\/proizvod\/krizanic\/","title":{"rendered":"Kri\u017eani\u0107"},"content":{"rendered":"<p>Me\u0111u brojnim radovima o Jurju Kri\u017eani\u0107u nema niti jednoga koji bi izri\u010dito i isklju\u010divo bio posve\u0107en li\u010dnosti Jurja Kri\u017eani\u0107a. Ovaj rad, prvi te vrste, bavi se ex professo Kri\u017eani\u0107evom li\u010dno\u0161\u0107u. U ovoj sjajnoj knjizi Ivana Goluba \u010ditatelj \u0107e doznati \u0161to su Kri\u017eani\u0107evi suvremenici kazivali o njemu: glavari, znanci, prijatelji i neprijatelji. Doznate \u0107e, osim toga, kako je Kri\u017eani\u0107 do\u017eivljavao samoga sebe, \u0161to je o sebi ispovijedio. |U smislu one &#8220;S kim si, takav si&#8221;, Ivan Golub razmatra i Kri\u017eani\u0107eva poznanstva, za\u0161titni\u0161tva i prijateljstva nikla na tlu domovinskog, rimskog i ruskog baroka. Knjiga zavr\u0161ava s pogledom na &#8220;Kri\u017eani\u0107a u sebi&#8221;.|Na \u010dak 263 stranice ova knjiga sabire zanimljiva poglavlja poput \u017divotopis (U domovini, U Moskvi, U sibiru, Oslobo\u0111enje, Pogibija&#8230;), \u017ditije i ispovijesti, Pisac sam, Meni, valjano kr\u0161tenom, prekr\u0161tenje bi bilo otpadni\u0161tvo od Krista, Strasni \u017eivot, Molitelj je dostojan milosti, Nije on \u010dovjek za misiju, Kri\u017eani\u0107 u sebi, Polifona li\u010dnost, Prorok, Mistik, Revolucionar izmirenja i niz drugih.|Iako datumom staro (1987.), ovo izdanje vrijedan je izvor podataka o ovom hrvatskom teologu, sve\u0107eniku, jezikoslovcu i piscu.<\/p>\n","protected":false},"excerpt":{"rendered":"<p>Me\u0111u brojnim radovima o Jurju Kri\u017eani\u0107u nema niti jednoga koji bi izri\u010dito i isklju\u010divo bio posve\u0107en li\u010dnosti Jurja Kri\u017eani\u0107a. Ovaj rad, prvi te vrste, bavi se ex professo Kri\u017eani\u0107evom li\u010dno\u0161\u0107u. U ovoj sjajnoj knjizi Ivana Goluba \u010ditatelj \u0107e doznati \u0161to su Kri\u017eani\u0107evi suvremenici kazivali o njemu: glavari, znanci, prijatelji i neprijatelji. Doznate \u0107e, osim toga, [&hellip;]<\/p>\n","protected":false},"featured_media":3428,"comment_status":"closed","ping_status":"open","template":"","meta":[],"product_cat":[15],"product_tag":[],"class_list":{"0":"post-3493","1":"product","2":"type-product","3":"status-publish","4":"has-post-thumbnail","6":"product_cat-nekategorizirane","7":"pa_autor-ivan-golub","8":"pa_biblioteka-bibliofilska-izdanja-i-razni-reprinti","9":"pa_godina-izdanja-242","10":"pa_nakladnik-krscanska-sadasnjost","11":"pa_uvez-tvrdi","13":"first","14":"instock","15":"purchasable","16":"product-type-simple"},"_links":{"self":[{"href":"https:\/\/riselydigital.com\/ks\/wp-json\/wp\/v2\/product\/3493","targetHints":{"allow":["GET"]}}],"collection":[{"href":"https:\/\/riselydigital.com\/ks\/wp-json\/wp\/v2\/product"}],"about":[{"href":"https:\/\/riselydigital.com\/ks\/wp-json\/wp\/v2\/types\/product"}],"replies":[{"embeddable":true,"href":"https:\/\/riselydigital.com\/ks\/wp-json\/wp\/v2\/comments?post=3493"}],"version-history":[{"count":1,"href":"https:\/\/riselydigital.com\/ks\/wp-json\/wp\/v2\/product\/3493\/revisions"}],"predecessor-version":[{"id":3494,"href":"https:\/\/riselydigital.com\/ks\/wp-json\/wp\/v2\/product\/3493\/revisions\/3494"}],"wp:featuredmedia":[{"embeddable":true,"href":"https:\/\/riselydigital.com\/ks\/wp-json\/wp\/v2\/media\/3428"}],"wp:attachment":[{"href":"https:\/\/riselydigital.com\/ks\/wp-json\/wp\/v2\/media?parent=3493"}],"wp:term":[{"taxonomy":"product_cat","embeddable":true,"href":"https:\/\/riselydigital.com\/ks\/wp-json\/wp\/v2\/product_cat?post=3493"},{"taxonomy":"product_tag","embeddable":true,"href":"https:\/\/riselydigital.com\/ks\/wp-json\/wp\/v2\/product_tag?post=3493"}],"curies":[{"name":"wp","href":"https:\/\/api.w.org\/{rel}","templated":true}]}}