{"id":3495,"date":"2025-09-26T07:02:17","date_gmt":"2025-09-26T07:02:17","guid":{"rendered":"https:\/\/obrtkockica.hr\/KS\/shop\/krscanska-meditacija-4\/"},"modified":"2025-09-26T07:02:20","modified_gmt":"2025-09-26T07:02:20","slug":"krscanska-meditacija-4","status":"publish","type":"product","link":"https:\/\/riselydigital.com\/ks\/proizvod\/krscanska-meditacija-4\/","title":{"rendered":"Kr\u0161\u0107anska meditacija 4"},"content":{"rendered":"<p>Daljnji koraci i drugi putovi podnaslov je posljednjeg sveska u nizu Kr\u0161\u0107anske meditacije. Tko pri poniranju u pneumu nadi\u0111e slike i rije\u010di, opazit \u0107e da tako dolazi u druge prostore dubine i susreta s Bogom. Na putu je prema poniranju u prazninu. Prepu\u0161tanje sebe praznini nalik je asketskim vje\u017ebama monaha. To je druga\u010diji put kako da se ispraznimo od svijeta, kao \u0161to se to u odre\u0111enim samostanima doga\u0111a povla\u010denjem od svijeta ili mrtvljenjem. Dapa\u010de, kad je vrijeme ograni\u010deno, postupak mo\u017ee biti radikalniji i intenzivniji. Iz poniranja u prazinu mo\u017ee biti darovano iskustvo bitka. Nema meditacije bitka, nego samo iskustvo bitka. Ono zna\u010di nov na\u010din egzistencije. Iz njega tada izrasta pripu\u0161tanje ili uvje\u017ebavanje ovoga novog na\u010dina bitka u svakodnevicu, u \u017eivot.|Bdiju\u0107i i mole\u0107i (bilje\u0161ka iz knjige)|Posve budan sjedim u ovoj \u0161utnji. Ne\u010dujno mole\u0107i oslu\u0161kujem tebe. Mole\u0107i svim osjetilima. Moje je slu\u0161anje moljenje, moje je gledanje moljenje, moje je disanje moljenje, moja je potpuna budnost moljenje, moljenje je ne predati se mislima koje nadiru. Iz ovoga posve budnoga moljenja nastaje po\u010divanje u tebi, u Ni\u010demu i Svemu u meni.<\/p>\n","protected":false},"excerpt":{"rendered":"<p>Daljnji koraci i drugi putovi podnaslov je posljednjeg sveska u nizu Kr\u0161\u0107anske meditacije. Tko pri poniranju u pneumu nadi\u0111e slike i rije\u010di, opazit \u0107e da tako dolazi u druge prostore dubine i susreta s Bogom. Na putu je prema poniranju u prazninu. Prepu\u0161tanje sebe praznini nalik je asketskim vje\u017ebama monaha. To je druga\u010diji put kako [&hellip;]<\/p>\n","protected":false},"featured_media":3429,"comment_status":"closed","ping_status":"open","template":"","meta":[],"product_cat":[157],"product_tag":[],"class_list":{"0":"post-3495","1":"product","2":"type-product","3":"status-publish","4":"has-post-thumbnail","6":"product_cat-molitva","7":"pa_autor-hedvig-teresa-von-peinen","8":"pa_autor-klemens-tilmann","9":"pa_biblioteka-metanoja","10":"pa_godina-izdanja-383","11":"pa_izdanje-i-izdanje-zagreb","12":"pa_nakladnik-krscanska-sadasnjost","13":"pa_uvez-meki","15":"first","16":"instock","17":"purchasable","18":"product-type-simple"},"_links":{"self":[{"href":"https:\/\/riselydigital.com\/ks\/wp-json\/wp\/v2\/product\/3495","targetHints":{"allow":["GET"]}}],"collection":[{"href":"https:\/\/riselydigital.com\/ks\/wp-json\/wp\/v2\/product"}],"about":[{"href":"https:\/\/riselydigital.com\/ks\/wp-json\/wp\/v2\/types\/product"}],"replies":[{"embeddable":true,"href":"https:\/\/riselydigital.com\/ks\/wp-json\/wp\/v2\/comments?post=3495"}],"version-history":[{"count":1,"href":"https:\/\/riselydigital.com\/ks\/wp-json\/wp\/v2\/product\/3495\/revisions"}],"predecessor-version":[{"id":3496,"href":"https:\/\/riselydigital.com\/ks\/wp-json\/wp\/v2\/product\/3495\/revisions\/3496"}],"wp:featuredmedia":[{"embeddable":true,"href":"https:\/\/riselydigital.com\/ks\/wp-json\/wp\/v2\/media\/3429"}],"wp:attachment":[{"href":"https:\/\/riselydigital.com\/ks\/wp-json\/wp\/v2\/media?parent=3495"}],"wp:term":[{"taxonomy":"product_cat","embeddable":true,"href":"https:\/\/riselydigital.com\/ks\/wp-json\/wp\/v2\/product_cat?post=3495"},{"taxonomy":"product_tag","embeddable":true,"href":"https:\/\/riselydigital.com\/ks\/wp-json\/wp\/v2\/product_tag?post=3495"}],"curies":[{"name":"wp","href":"https:\/\/api.w.org\/{rel}","templated":true}]}}