{"id":3497,"date":"2025-09-26T07:02:17","date_gmt":"2025-09-26T07:02:17","guid":{"rendered":"https:\/\/obrtkockica.hr\/KS\/shop\/krscanski-stalez\/"},"modified":"2025-09-26T07:02:20","modified_gmt":"2025-09-26T07:02:20","slug":"krscanski-stalez","status":"publish","type":"product","link":"https:\/\/riselydigital.com\/ks\/proizvod\/krscanski-stalez\/","title":{"rendered":"Kr\u0161\u0107anski stale\u017e"},"content":{"rendered":"<p>Knjiga Kr\u0161\u0107anski stale\u017e Hansa Ursa von Balthasara nastoji biti iscrpna meditacija o razlozima i pozadini razmatranja Egzercicija sv. Ignacija Lojolskog o \u201eKristovu pozivu\u201c (Egz. br. 91), o odgovoru koji valja dati na taj poziv i o izboru na koji nas taj poziv stavlja.|Taj se izbor sastoji u ovome: nasljedovati Krista na\u0161ega Gospodina prema \u00bbprvom stale\u017eu koji se sastoji u opslu\u017eivanju zapovijedi\u00ab, za \u0161to nam je dao primjer slu\u0161aju\u0107i svoje roditelje, ili \u00bbprema drugom stale\u017eu koji se sastoji u savr\u0161enosti evan\u0111elja\u00ab, budu\u0107i da je ostavio svoju obitelj \u00bbkako bi bio slobodan za slu\u017ebu svom vje\u010dnom Ocu\u00ab. A to, \u00bbda bismo u svakom stale\u017eu ili na\u010dinu \u017eivota, koji nam Bog poklanja na izbor, dospjeli do savr\u0161enstva\u00ab \u2013 kr\u0161\u0107anske ljubavi, razumije se (isto 135).|Rije\u010d je o ozbiljnosti susreta s Isusom Kristom, kako ga poznajemo iz Evan\u0111elja i kako ga je shva\u0107ala crkvena tradicija. U sredi\u0161tu interesa je plodan me\u0111usobni odnos stale\u017ea, pri \u010demu razmatranje ne isklju\u010duje izvorni stale\u017e, rajski stale\u017e.<\/p>\n","protected":false},"excerpt":{"rendered":"<p>Knjiga Kr\u0161\u0107anski stale\u017e Hansa Ursa von Balthasara nastoji biti iscrpna meditacija o razlozima i pozadini razmatranja Egzercicija sv. Ignacija Lojolskog o \u201eKristovu pozivu\u201c (Egz. br. 91), o odgovoru koji valja dati na taj poziv i o izboru na koji nas taj poziv stavlja.|Taj se izbor sastoji u ovome: nasljedovati Krista na\u0161ega Gospodina prema \u00bbprvom stale\u017eu [&hellip;]<\/p>\n","protected":false},"featured_media":3430,"comment_status":"closed","ping_status":"open","template":"","meta":[],"product_cat":[161,162,160],"product_tag":[],"class_list":{"0":"post-3497","1":"product","2":"type-product","3":"status-publish","4":"has-post-thumbnail","6":"product_cat-duhovnost","7":"product_cat-krscanin-i-svijet","8":"product_cat-teologija","9":"pa_autor-hans-urs-von-balthasar","10":"pa_biblioteka-teoloske-meditacije","11":"pa_godina-izdanja-205","12":"pa_izdanje-i-izdanje-zagreb","13":"pa_nakladnik-krscanska-sadasnjost","14":"pa_uvez-meki","16":"first","17":"instock","18":"purchasable","19":"product-type-simple"},"_links":{"self":[{"href":"https:\/\/riselydigital.com\/ks\/wp-json\/wp\/v2\/product\/3497","targetHints":{"allow":["GET"]}}],"collection":[{"href":"https:\/\/riselydigital.com\/ks\/wp-json\/wp\/v2\/product"}],"about":[{"href":"https:\/\/riselydigital.com\/ks\/wp-json\/wp\/v2\/types\/product"}],"replies":[{"embeddable":true,"href":"https:\/\/riselydigital.com\/ks\/wp-json\/wp\/v2\/comments?post=3497"}],"version-history":[{"count":1,"href":"https:\/\/riselydigital.com\/ks\/wp-json\/wp\/v2\/product\/3497\/revisions"}],"predecessor-version":[{"id":3498,"href":"https:\/\/riselydigital.com\/ks\/wp-json\/wp\/v2\/product\/3497\/revisions\/3498"}],"wp:featuredmedia":[{"embeddable":true,"href":"https:\/\/riselydigital.com\/ks\/wp-json\/wp\/v2\/media\/3430"}],"wp:attachment":[{"href":"https:\/\/riselydigital.com\/ks\/wp-json\/wp\/v2\/media?parent=3497"}],"wp:term":[{"taxonomy":"product_cat","embeddable":true,"href":"https:\/\/riselydigital.com\/ks\/wp-json\/wp\/v2\/product_cat?post=3497"},{"taxonomy":"product_tag","embeddable":true,"href":"https:\/\/riselydigital.com\/ks\/wp-json\/wp\/v2\/product_tag?post=3497"}],"curies":[{"name":"wp","href":"https:\/\/api.w.org\/{rel}","templated":true}]}}