{"id":3499,"date":"2025-09-26T07:02:17","date_gmt":"2025-09-26T07:02:17","guid":{"rendered":"https:\/\/obrtkockica.hr\/KS\/shop\/rimski-misal-lekcionar-i-nedjelje-a-b-c-i-svetkovine-gospodnje\/"},"modified":"2025-09-26T07:02:20","modified_gmt":"2025-09-26T07:02:20","slug":"rimski-misal-lekcionar-i-nedjelje-a-b-c-i-svetkovine-gospodnje","status":"publish","type":"product","link":"https:\/\/riselydigital.com\/ks\/proizvod\/rimski-misal-lekcionar-i-nedjelje-a-b-c-i-svetkovine-gospodnje\/","title":{"rendered":"RIMSKI MISAL: Lekcionar (I.): Nedjelje A B C i svetkovine Gospodnje"},"content":{"rendered":"<p>Novi lekcionar slu\u017ebeno nosi naslov Rimski misal: Lekcionar I. Nedjelje A B C i svetkovine Gospodnje. Od dosada\u0161njeg lekcionara novi se razlikuje time \u0161to je u jednoj knjizi skupio sva tri godi\u0161ta i svetkovine Gospodnje, zatim oblikom i nekim grafi\u010dkim i tehni\u010dkim rje\u0161enjima, \u010dime se htjelo pridonijeti va\u017enosti \u010ditanja Bo\u017eje rije\u010di u bogoslu\u017eju i va\u017enosti lekcionara kao liturgijske knjige.|Svojim izgledom i opremom novi lekcionar pridonosi sve\u010danoj intonaciji liturgije.<\/p>\n","protected":false},"excerpt":{"rendered":"<p>Novi lekcionar slu\u017ebeno nosi naslov Rimski misal: Lekcionar I. Nedjelje A B C i svetkovine Gospodnje. Od dosada\u0161njeg lekcionara novi se razlikuje time \u0161to je u jednoj knjizi skupio sva tri godi\u0161ta i svetkovine Gospodnje, zatim oblikom i nekim grafi\u010dkim i tehni\u010dkim rje\u0161enjima, \u010dime se htjelo pridonijeti va\u017enosti \u010ditanja Bo\u017eje rije\u010di u bogoslu\u017eju i va\u017enosti [&hellip;]<\/p>\n","protected":false},"featured_media":3431,"comment_status":"closed","ping_status":"open","template":"","meta":[],"product_cat":[171],"product_tag":[],"class_list":{"0":"post-3499","1":"product","2":"type-product","3":"status-publish","4":"has-post-thumbnail","6":"product_cat-liturgija","7":"pa_biblioteka-liturgijska-izdanja","8":"pa_godina-izdanja-268","9":"pa_izdanje-iii-izdanje-zagreb","10":"pa_nakladnik-krscanska-sadasnjost","11":"pa_uvez-tvrdi","13":"first","14":"instock","15":"purchasable","16":"product-type-simple"},"_links":{"self":[{"href":"https:\/\/riselydigital.com\/ks\/wp-json\/wp\/v2\/product\/3499","targetHints":{"allow":["GET"]}}],"collection":[{"href":"https:\/\/riselydigital.com\/ks\/wp-json\/wp\/v2\/product"}],"about":[{"href":"https:\/\/riselydigital.com\/ks\/wp-json\/wp\/v2\/types\/product"}],"replies":[{"embeddable":true,"href":"https:\/\/riselydigital.com\/ks\/wp-json\/wp\/v2\/comments?post=3499"}],"version-history":[{"count":1,"href":"https:\/\/riselydigital.com\/ks\/wp-json\/wp\/v2\/product\/3499\/revisions"}],"predecessor-version":[{"id":3500,"href":"https:\/\/riselydigital.com\/ks\/wp-json\/wp\/v2\/product\/3499\/revisions\/3500"}],"wp:featuredmedia":[{"embeddable":true,"href":"https:\/\/riselydigital.com\/ks\/wp-json\/wp\/v2\/media\/3431"}],"wp:attachment":[{"href":"https:\/\/riselydigital.com\/ks\/wp-json\/wp\/v2\/media?parent=3499"}],"wp:term":[{"taxonomy":"product_cat","embeddable":true,"href":"https:\/\/riselydigital.com\/ks\/wp-json\/wp\/v2\/product_cat?post=3499"},{"taxonomy":"product_tag","embeddable":true,"href":"https:\/\/riselydigital.com\/ks\/wp-json\/wp\/v2\/product_tag?post=3499"}],"curies":[{"name":"wp","href":"https:\/\/api.w.org\/{rel}","templated":true}]}}