{"id":3501,"date":"2025-09-26T07:02:17","date_gmt":"2025-09-26T07:02:17","guid":{"rendered":"https:\/\/obrtkockica.hr\/KS\/shop\/lijepo-mi-je-s-tobom\/"},"modified":"2025-09-26T07:02:20","modified_gmt":"2025-09-26T07:02:20","slug":"lijepo-mi-je-s-tobom","status":"publish","type":"product","link":"https:\/\/riselydigital.com\/ks\/proizvod\/lijepo-mi-je-s-tobom\/","title":{"rendered":"Lijepo mi je s tobom"},"content":{"rendered":"<p>Zbirka pjesama Lijepo mi je s tobom Antona Tamaruta donosi poeziju pro\u017eetu svjetlo\u0161\u0107u, duhovno\u0161\u0107u i ljepotom svakodnevnog trenutka.|Podijeljena u \u0161est cjelina, ova knjiga otkriva pjesnikov poetski univerzum \u2013 mjesto gdje se susre\u0107u refleksija, emocija i jednostavnost izraza.|Tamarut gradi svoje stihove na motivima prirode, odnosa, urbanih i oto\u010dnih veduta te usputnih \u017eivotnih susreta, pritom zadr\u017eavaju\u0107i prepoznatljivu misaonu dubinu i toplinu.|Lijepo mi je s tobom odi\u0161e suptilnim religijskim promi\u0161ljanjima, ali bez nametanja \u2013 rije\u010d je o poeziji koja svjedo\u010di vjeru kroz ljepotu rije\u010di, svjetlosti i ljudske blizine.|S izra\u017eenim osje\u0107ajem za metaforu i ritam, Tamarutove pjesme nas pozivaju na divljenje i za\u010du\u0111enost nad jednostavnim, ali va\u017enim aspektima postojanja.|Zbirka Lijepo mi je s tobom potvr\u0111uje autora ne samo kao pjesnika zrelog izri\u010daja, ve\u0107 i kao umjetnika rije\u010di koji uspijeva spojiti kontemplaciju i svakodnevicu u skladnu lirsku cjelinu.<\/p>\n","protected":false},"excerpt":{"rendered":"<p>Zbirka pjesama Lijepo mi je s tobom Antona Tamaruta donosi poeziju pro\u017eetu svjetlo\u0161\u0107u, duhovno\u0161\u0107u i ljepotom svakodnevnog trenutka.|Podijeljena u \u0161est cjelina, ova knjiga otkriva pjesnikov poetski univerzum \u2013 mjesto gdje se susre\u0107u refleksija, emocija i jednostavnost izraza.|Tamarut gradi svoje stihove na motivima prirode, odnosa, urbanih i oto\u010dnih veduta te usputnih \u017eivotnih susreta, pritom zadr\u017eavaju\u0107i prepoznatljivu [&hellip;]<\/p>\n","protected":false},"featured_media":3432,"comment_status":"closed","ping_status":"open","template":"","meta":[],"product_cat":[173],"product_tag":[],"class_list":{"0":"post-3501","1":"product","2":"type-product","3":"status-publish","4":"has-post-thumbnail","6":"product_cat-religiozna-publicistika","7":"pa_autor-anton-tamarut","8":"pa_biblioteka-izvan-nizova","9":"pa_godina-izdanja-205","10":"pa_izdanje-i-izdanje-zagreb","11":"pa_nakladnik-krscanska-sadasnjost","12":"pa_uvez-tvrdi","14":"first","15":"instock","16":"purchasable","17":"product-type-simple"},"_links":{"self":[{"href":"https:\/\/riselydigital.com\/ks\/wp-json\/wp\/v2\/product\/3501","targetHints":{"allow":["GET"]}}],"collection":[{"href":"https:\/\/riselydigital.com\/ks\/wp-json\/wp\/v2\/product"}],"about":[{"href":"https:\/\/riselydigital.com\/ks\/wp-json\/wp\/v2\/types\/product"}],"replies":[{"embeddable":true,"href":"https:\/\/riselydigital.com\/ks\/wp-json\/wp\/v2\/comments?post=3501"}],"version-history":[{"count":1,"href":"https:\/\/riselydigital.com\/ks\/wp-json\/wp\/v2\/product\/3501\/revisions"}],"predecessor-version":[{"id":3502,"href":"https:\/\/riselydigital.com\/ks\/wp-json\/wp\/v2\/product\/3501\/revisions\/3502"}],"wp:featuredmedia":[{"embeddable":true,"href":"https:\/\/riselydigital.com\/ks\/wp-json\/wp\/v2\/media\/3432"}],"wp:attachment":[{"href":"https:\/\/riselydigital.com\/ks\/wp-json\/wp\/v2\/media?parent=3501"}],"wp:term":[{"taxonomy":"product_cat","embeddable":true,"href":"https:\/\/riselydigital.com\/ks\/wp-json\/wp\/v2\/product_cat?post=3501"},{"taxonomy":"product_tag","embeddable":true,"href":"https:\/\/riselydigital.com\/ks\/wp-json\/wp\/v2\/product_tag?post=3501"}],"curies":[{"name":"wp","href":"https:\/\/api.w.org\/{rel}","templated":true}]}}