{"id":3503,"date":"2025-09-26T07:02:24","date_gmt":"2025-09-26T07:02:24","guid":{"rendered":"https:\/\/obrtkockica.hr\/KS\/shop\/moja-prva-ispovijed\/"},"modified":"2025-09-26T07:02:24","modified_gmt":"2025-09-26T07:02:24","slug":"moja-prva-ispovijed","status":"publish","type":"product","link":"https:\/\/riselydigital.com\/ks\/proizvod\/moja-prva-ispovijed\/","title":{"rendered":"Moja prva ispovijed&#8221;"},"content":{"rendered":"<p>\u010cak i ako nisi uvijek \u010dinio ono \u0161to je ispravno, Isus te voli i oprostit \u0107e ti tvoje pogre\u0161ke. No nije se uvijek lako sjetiti svojih grijeha&#8230;|Knjiga Moja prva ispovijed autorica In?s d\u2019Oysonville (majka, autorica brojnih vjerskih knjiga i radnih materijala za djecu) i Laure Fleury (majke i autorice), s ilustracijama Solveig Colomb, osmi\u0161ljena je kao nje\u017ean i edukativan vodi\u010d za djecu koja se pripremaju za svoju prvu ispovijed. |Jednostavnim jezikom i toplim ilustracijama ova knjiga na 32 stranice poma\u017ee djeci razumjeti va\u017enost sakramenta ispovijedi i Bo\u017ejeg oprosta. Sadr\u017eava 120 naljepnica koje djeca mogu koristiti kako bi na interaktivan na\u010din pripremila svoj ispit savjesti, \u010dine\u0107i proces u\u010denja i duhovne pripreme pristupa\u010dnijim i zanimljivijim. Na kraju knjige \u010deka ih i simboli\u010dna stranica za bojanje. |Moja prva ispovijed idealan je alat za roditelje, vjerou\u010ditelje i pastoralne djelatnike koji \u017eele djeci pribli\u017eiti sakrament pomirenja na razumljiv i poticajan na\u010din. Tako\u0111er, ova je knjiga bliska djeci za samostalnu aktivnost, poput svojevrsnog priru\u010dnika koji \u0107e im pomo\u0107i pripremiti se za ispovijed, pokazati im o \u010demu sve trebaju razmisliti te na koncu, kako se, korak po korak \u2013 ispovjediti.<\/p>\n","protected":false},"excerpt":{"rendered":"<p>\u010cak i ako nisi uvijek \u010dinio ono \u0161to je ispravno, Isus te voli i oprostit \u0107e ti tvoje pogre\u0161ke. No nije se uvijek lako sjetiti svojih grijeha&#8230;|Knjiga Moja prva ispovijed autorica In?s d\u2019Oysonville (majka, autorica brojnih vjerskih knjiga i radnih materijala za djecu) i Laure Fleury (majke i autorice), s ilustracijama Solveig Colomb, osmi\u0161ljena je [&hellip;]<\/p>\n","protected":false},"featured_media":3433,"comment_status":"closed","ping_status":"open","template":"","meta":[],"product_cat":[158],"product_tag":[],"class_list":{"0":"post-3503","1":"product","2":"type-product","3":"status-publish","4":"has-post-thumbnail","6":"product_cat-knjiga-za-djecu","7":"pa_autor-ines-doysonville","8":"pa_autor-laura-fleury","9":"pa_autor-solveig-colomb","10":"pa_biblioteka-kana-klub","11":"pa_godina-izdanja-205","12":"pa_izdanje-i-izdanje-zagreb","13":"pa_nakladnik-krscanska-sadasnjost","14":"pa_uvez-klamano","16":"first","17":"instock","18":"purchasable","19":"product-type-simple"},"_links":{"self":[{"href":"https:\/\/riselydigital.com\/ks\/wp-json\/wp\/v2\/product\/3503","targetHints":{"allow":["GET"]}}],"collection":[{"href":"https:\/\/riselydigital.com\/ks\/wp-json\/wp\/v2\/product"}],"about":[{"href":"https:\/\/riselydigital.com\/ks\/wp-json\/wp\/v2\/types\/product"}],"replies":[{"embeddable":true,"href":"https:\/\/riselydigital.com\/ks\/wp-json\/wp\/v2\/comments?post=3503"}],"version-history":[{"count":1,"href":"https:\/\/riselydigital.com\/ks\/wp-json\/wp\/v2\/product\/3503\/revisions"}],"predecessor-version":[{"id":3504,"href":"https:\/\/riselydigital.com\/ks\/wp-json\/wp\/v2\/product\/3503\/revisions\/3504"}],"wp:featuredmedia":[{"embeddable":true,"href":"https:\/\/riselydigital.com\/ks\/wp-json\/wp\/v2\/media\/3433"}],"wp:attachment":[{"href":"https:\/\/riselydigital.com\/ks\/wp-json\/wp\/v2\/media?parent=3503"}],"wp:term":[{"taxonomy":"product_cat","embeddable":true,"href":"https:\/\/riselydigital.com\/ks\/wp-json\/wp\/v2\/product_cat?post=3503"},{"taxonomy":"product_tag","embeddable":true,"href":"https:\/\/riselydigital.com\/ks\/wp-json\/wp\/v2\/product_tag?post=3503"}],"curies":[{"name":"wp","href":"https:\/\/api.w.org\/{rel}","templated":true}]}}