{"id":3505,"date":"2025-09-26T07:02:24","date_gmt":"2025-09-26T07:02:24","guid":{"rendered":"https:\/\/obrtkockica.hr\/KS\/shop\/nada-nikad-ne-postiduje\/"},"modified":"2025-09-26T07:02:24","modified_gmt":"2025-09-26T07:02:24","slug":"nada-nikad-ne-postiduje","status":"publish","type":"product","link":"https:\/\/riselydigital.com\/ks\/proizvod\/nada-nikad-ne-postiduje\/","title":{"rendered":"Nada nikad ne posti\u0111uje"},"content":{"rendered":"<p>Nau\u010diti \u017eivjeti kao \u00bbhodo\u010dasnici nade\u00ab \u2013 to je ono na \u0161to nas papa Franjo poziva u jubilarnoj 2025. godini, koja, ako se \u017eivi na pravi na\u010din, mo\u017ee biti neponovljiva prilika za preporod \u010dovje\u010danstva u vremenima obilje\u017eenima nestabilno\u0161\u0107u, katastrofama i strahom.|Iako sliku na\u0161eg svijeta \u010dine ratovi, siroma\u0161tvo, glad, ekolo\u0161ke katastrofe, dru\u0161tveni sukobi, ne smijemo dopustiti da nas to u\u010dini pasivnima i ravnodu\u0161nima.|Ne smijemo izgubiti nadu. Jer, ako pa\u017eljivo pogledamo, ona je prisutna u svemu \u0161to nas okru\u017euje: u licu \u017eene koja u utrobi nosi novi \u017eivot, u licima siromaha, migranta ili izbjeglice u potrazi za boljim sutra, u onima vojnika i civila koji se mole za sretan povratak ku\u0107i ili u licima starca i djeteta koji hodaju ruku pod ruku, slobodni i sigurni.|Sve su to za papu Franju lica nade, a u ovoj prigodi postaju prilika za razmi\u0161ljanje o obitelji i obrazovanju, o dru\u0161tvenoj, politi\u010dkoj i gospodarskoj situaciji, o geopolitici i migracijama, o klimatskoj krizi, novim tehnologijama i miru.|Duhovni vodi\u010d koji nas priprema za Svetu godinu \u2013 knjiga u kojoj nas Papa poti\u010de i poziva da s obnovljenim povjerenjem gledamo na velike izazove koji nas \u010dekaju, i krenemo zajedno putem radosti i bratstva prema budu\u0107nosti kojoj se jo\u0161 mo\u017eemo nadati.<\/p>\n","protected":false},"excerpt":{"rendered":"<p>Nau\u010diti \u017eivjeti kao \u00bbhodo\u010dasnici nade\u00ab \u2013 to je ono na \u0161to nas papa Franjo poziva u jubilarnoj 2025. godini, koja, ako se \u017eivi na pravi na\u010din, mo\u017ee biti neponovljiva prilika za preporod \u010dovje\u010danstva u vremenima obilje\u017eenima nestabilno\u0161\u0107u, katastrofama i strahom.|Iako sliku na\u0161eg svijeta \u010dine ratovi, siroma\u0161tvo, glad, ekolo\u0161ke katastrofe, dru\u0161tveni sukobi, ne smijemo dopustiti da [&hellip;]<\/p>\n","protected":false},"featured_media":3434,"comment_status":"closed","ping_status":"open","template":"","meta":[],"product_cat":[169,162],"product_tag":[],"class_list":{"0":"post-3505","1":"product","2":"type-product","3":"status-publish","4":"has-post-thumbnail","6":"product_cat-crkva-i-drustvo","7":"product_cat-krscanin-i-svijet","8":"pa_autor-papa-franjo","9":"pa_biblioteka-znakovi-i-gibanja","10":"pa_godina-izdanja-205","11":"pa_izdanje-i-izdanje-zagreb","12":"pa_nakladnik-krscanska-sadasnjost","13":"pa_uvez-meki","15":"first","16":"instock","17":"purchasable","18":"product-type-simple"},"_links":{"self":[{"href":"https:\/\/riselydigital.com\/ks\/wp-json\/wp\/v2\/product\/3505","targetHints":{"allow":["GET"]}}],"collection":[{"href":"https:\/\/riselydigital.com\/ks\/wp-json\/wp\/v2\/product"}],"about":[{"href":"https:\/\/riselydigital.com\/ks\/wp-json\/wp\/v2\/types\/product"}],"replies":[{"embeddable":true,"href":"https:\/\/riselydigital.com\/ks\/wp-json\/wp\/v2\/comments?post=3505"}],"version-history":[{"count":1,"href":"https:\/\/riselydigital.com\/ks\/wp-json\/wp\/v2\/product\/3505\/revisions"}],"predecessor-version":[{"id":3506,"href":"https:\/\/riselydigital.com\/ks\/wp-json\/wp\/v2\/product\/3505\/revisions\/3506"}],"wp:featuredmedia":[{"embeddable":true,"href":"https:\/\/riselydigital.com\/ks\/wp-json\/wp\/v2\/media\/3434"}],"wp:attachment":[{"href":"https:\/\/riselydigital.com\/ks\/wp-json\/wp\/v2\/media?parent=3505"}],"wp:term":[{"taxonomy":"product_cat","embeddable":true,"href":"https:\/\/riselydigital.com\/ks\/wp-json\/wp\/v2\/product_cat?post=3505"},{"taxonomy":"product_tag","embeddable":true,"href":"https:\/\/riselydigital.com\/ks\/wp-json\/wp\/v2\/product_tag?post=3505"}],"curies":[{"name":"wp","href":"https:\/\/api.w.org\/{rel}","templated":true}]}}