{"id":3511,"date":"2025-09-26T07:02:24","date_gmt":"2025-09-26T07:02:24","guid":{"rendered":"https:\/\/obrtkockica.hr\/KS\/shop\/od-boga-do-trumpa\/"},"modified":"2025-09-26T07:02:25","modified_gmt":"2025-09-26T07:02:25","slug":"od-boga-do-trumpa","status":"publish","type":"product","link":"https:\/\/riselydigital.com\/ks\/proizvod\/od-boga-do-trumpa\/","title":{"rendered":"Od Boga do Trumpa"},"content":{"rendered":"<p>\u0160to povezuje Donalda Trumpa, katoli\u010danstvo i duboke tektonske poreme\u0107aje u ameri\u010dkoj politici? Od Boga do Trumpa. Katoli\u010dka kriza i ameri\u010dka politika daje odgovor na ovo pitanje.|Trumpov ponovni izbor 5. studenoga 2024. ozna\u010dio je preslagivanje ameri\u010dke politike u kojoj katolicizam ima jedinstvenu i slo\u017eenu ulogu \u2013 daleko izvan okvira podjela koje ve\u0107 godinama potresaju Crkvu, dodatno produbljenih neprijateljskim reakcijama na pontifikat pape Franje iz redova episkopata, klera i militantnih laika konzervativne i tradicionalisti\u010dke orijentacije.|Trumpov populisti\u010dki pokret, koliko god bio pojednostavljen, nije samo odgovor na ekonomsku i dru\u0161tvenu nesigurnost nego i izraz dublje potrage za smislom u svijetu koji se uru\u0161ava \u2013 uklju\u010duju\u0107i i religijski, crkveni i katoli\u010dki svijet.|Ima onih koji Trumpa vide kao mesiju, i onih koji ga vide kao antikrista. No jedno je sigurno: ova se pri\u010da ne ti\u010de samo Amerike, niti samo ameri\u010dkih katolika.|Autor, jedan od vode\u0107ih katoli\u010dkih intelektualaca, u knjizi Od Boga do Trumpa secira ideolo\u0161ke lomove, populizam, religijsku konfuziju i identitetske sukobe koji oblikuju Ameriku \u2013 i poga\u0111aju cijeli zapadni svijet, razotkrivaju\u0107i pritom i izazove pred kojima se nalazi Crkva u Europi.|Massimo Faggioli redoviti je profesor na Odsjeku za teologiju i religijske znanosti Sveu\u010dili\u0161ta Villanova u Philadelphiji. Suradnik je vi\u0161e talijanskih \u010dasopisa, me\u0111u kojima su Jesus i Il Regno (u kojem je i \u010dlan uredni\u0161tva), te kolumnist u Commonwealu i La Croix International. Njegove knjige i \u010dlanci prevedeni su na vi\u0161e od deset jezika.<\/p>\n","protected":false},"excerpt":{"rendered":"<p>\u0160to povezuje Donalda Trumpa, katoli\u010danstvo i duboke tektonske poreme\u0107aje u ameri\u010dkoj politici? Od Boga do Trumpa. Katoli\u010dka kriza i ameri\u010dka politika daje odgovor na ovo pitanje.|Trumpov ponovni izbor 5. studenoga 2024. ozna\u010dio je preslagivanje ameri\u010dke politike u kojoj katolicizam ima jedinstvenu i slo\u017eenu ulogu \u2013 daleko izvan okvira podjela koje ve\u0107 godinama potresaju Crkvu, dodatno [&hellip;]<\/p>\n","protected":false},"featured_media":3437,"comment_status":"closed","ping_status":"open","template":"","meta":[],"product_cat":[169],"product_tag":[],"class_list":{"0":"post-3511","1":"product","2":"type-product","3":"status-publish","4":"has-post-thumbnail","6":"product_cat-crkva-i-drustvo","7":"pa_autor-massimo-faggioli","8":"pa_biblioteka-zarista","9":"pa_godina-izdanja-205","10":"pa_izdanje-i-izdanje-zagreb","11":"pa_nakladnik-krscanska-sadasnjost","12":"pa_uvez-meki","14":"first","15":"instock","16":"purchasable","17":"product-type-simple"},"_links":{"self":[{"href":"https:\/\/riselydigital.com\/ks\/wp-json\/wp\/v2\/product\/3511","targetHints":{"allow":["GET"]}}],"collection":[{"href":"https:\/\/riselydigital.com\/ks\/wp-json\/wp\/v2\/product"}],"about":[{"href":"https:\/\/riselydigital.com\/ks\/wp-json\/wp\/v2\/types\/product"}],"replies":[{"embeddable":true,"href":"https:\/\/riselydigital.com\/ks\/wp-json\/wp\/v2\/comments?post=3511"}],"version-history":[{"count":1,"href":"https:\/\/riselydigital.com\/ks\/wp-json\/wp\/v2\/product\/3511\/revisions"}],"predecessor-version":[{"id":3512,"href":"https:\/\/riselydigital.com\/ks\/wp-json\/wp\/v2\/product\/3511\/revisions\/3512"}],"wp:featuredmedia":[{"embeddable":true,"href":"https:\/\/riselydigital.com\/ks\/wp-json\/wp\/v2\/media\/3437"}],"wp:attachment":[{"href":"https:\/\/riselydigital.com\/ks\/wp-json\/wp\/v2\/media?parent=3511"}],"wp:term":[{"taxonomy":"product_cat","embeddable":true,"href":"https:\/\/riselydigital.com\/ks\/wp-json\/wp\/v2\/product_cat?post=3511"},{"taxonomy":"product_tag","embeddable":true,"href":"https:\/\/riselydigital.com\/ks\/wp-json\/wp\/v2\/product_tag?post=3511"}],"curies":[{"name":"wp","href":"https:\/\/api.w.org\/{rel}","templated":true}]}}