{"id":3513,"date":"2025-09-26T07:02:24","date_gmt":"2025-09-26T07:02:24","guid":{"rendered":"https:\/\/obrtkockica.hr\/KS\/shop\/oluja-ce-proci\/"},"modified":"2025-09-26T07:02:25","modified_gmt":"2025-09-26T07:02:25","slug":"oluja-ce-proci","status":"publish","type":"product","link":"https:\/\/riselydigital.com\/ks\/proizvod\/oluja-ce-proci\/","title":{"rendered":"Oluja \u0107e pro\u0107i"},"content":{"rendered":"<p>Autor, sve\u0107enik porijeklom iz afri\u010dkoga Benina, u svojim nas razmi\u0161ljanjima, koja je za svaki dan korizmenoga vremena zapisao na odli\u010dno svladanome hrvatskom jeziku, uvodi u jedan blizak i razumljiv, a opet, u mnogo\u010demu i \u010dudesno nov pogled na na\u0161u svakida\u0161njicu pod aspektom milosnoga vremena priprave za slavlje najve\u0107ega kr\u0161\u0107anskog otajstva.|Osim \u0161to kroz ova razmi\u0161ljanja \u010ditatelj upoznaje univerzalne istine i iskustva kr\u0161\u0107anske vjere, u odre\u0111enom smislu omogu\u0107eno mu je iskusiti i bogatstvo \u017eivljenja te vjere u raznovrsnosti kulturalnih tradicija, a na poseban na\u010din, zahvaljuju\u0107i nagla\u0161enom autorskom pristupu, svoje svakodnevno iskustvo znati \u0107e prepoznati u interpretacijskoj logici Kristova kri\u017ea.|Ovim posve originalnim promi\u0161ljanjima o op\u0107im temama iz \u017eivota i kr\u0161\u0107anske duhovnosti, u povezanosti sa svetopisamskim ozra\u010djem hoda ususret slavlju Gospodinova uskrsnu\u0107a, doma\u0107a literatura nastala promi\u0161ljanjem svetih vremena liturgijske godine, u velikoj je mjeri oboga\u0107ena.|Uvodno razmi\u0161ljanje knjizi napisao je Stjepan Lice, a osim nekoliko reprodukcija umjetni\u010dkih slika, njezino likovno i grafi\u010dko ure\u0111enje, pregledno prezentirana gra\u0111a te iznad svega neponovljivost autorova \u017eivotnog i vjerskog iskustva, koje probija iz tekstova, samo su neke od sastavnica vi\u0161e nego opravdane preporuke ove knjige na\u0161im \u010ditateljima, upravo ove korizme.<\/p>\n","protected":false},"excerpt":{"rendered":"<p>Autor, sve\u0107enik porijeklom iz afri\u010dkoga Benina, u svojim nas razmi\u0161ljanjima, koja je za svaki dan korizmenoga vremena zapisao na odli\u010dno svladanome hrvatskom jeziku, uvodi u jedan blizak i razumljiv, a opet, u mnogo\u010demu i \u010dudesno nov pogled na na\u0161u svakida\u0161njicu pod aspektom milosnoga vremena priprave za slavlje najve\u0107ega kr\u0161\u0107anskog otajstva.|Osim \u0161to kroz ova razmi\u0161ljanja \u010ditatelj [&hellip;]<\/p>\n","protected":false},"featured_media":3438,"comment_status":"closed","ping_status":"open","template":"","meta":[],"product_cat":[161,157],"product_tag":[],"class_list":{"0":"post-3513","1":"product","2":"type-product","3":"status-publish","4":"has-post-thumbnail","6":"product_cat-duhovnost","7":"product_cat-molitva","8":"pa_autor-odilon-gbenoukpo-singbo","9":"pa_biblioteka-izvan-nizova","10":"pa_godina-izdanja-205","11":"pa_izdanje-iii-izdanje-zagreb","12":"pa_nakladnik-krscanska-sadasnjost","13":"pa_uvez-meki","15":"first","16":"instock","17":"purchasable","18":"product-type-simple"},"_links":{"self":[{"href":"https:\/\/riselydigital.com\/ks\/wp-json\/wp\/v2\/product\/3513","targetHints":{"allow":["GET"]}}],"collection":[{"href":"https:\/\/riselydigital.com\/ks\/wp-json\/wp\/v2\/product"}],"about":[{"href":"https:\/\/riselydigital.com\/ks\/wp-json\/wp\/v2\/types\/product"}],"replies":[{"embeddable":true,"href":"https:\/\/riselydigital.com\/ks\/wp-json\/wp\/v2\/comments?post=3513"}],"version-history":[{"count":1,"href":"https:\/\/riselydigital.com\/ks\/wp-json\/wp\/v2\/product\/3513\/revisions"}],"predecessor-version":[{"id":3514,"href":"https:\/\/riselydigital.com\/ks\/wp-json\/wp\/v2\/product\/3513\/revisions\/3514"}],"wp:featuredmedia":[{"embeddable":true,"href":"https:\/\/riselydigital.com\/ks\/wp-json\/wp\/v2\/media\/3438"}],"wp:attachment":[{"href":"https:\/\/riselydigital.com\/ks\/wp-json\/wp\/v2\/media?parent=3513"}],"wp:term":[{"taxonomy":"product_cat","embeddable":true,"href":"https:\/\/riselydigital.com\/ks\/wp-json\/wp\/v2\/product_cat?post=3513"},{"taxonomy":"product_tag","embeddable":true,"href":"https:\/\/riselydigital.com\/ks\/wp-json\/wp\/v2\/product_tag?post=3513"}],"curies":[{"name":"wp","href":"https:\/\/api.w.org\/{rel}","templated":true}]}}