{"id":3515,"date":"2025-09-26T07:02:24","date_gmt":"2025-09-26T07:02:24","guid":{"rendered":"https:\/\/obrtkockica.hr\/KS\/shop\/onkraj-izazova\/"},"modified":"2025-09-26T07:02:25","modified_gmt":"2025-09-26T07:02:25","slug":"onkraj-izazova","status":"publish","type":"product","link":"https:\/\/riselydigital.com\/ks\/proizvod\/onkraj-izazova\/","title":{"rendered":"Onkraj izazova"},"content":{"rendered":"<p>Onkraj izazova. Pastoral u znanstveno-tehnolo\u0161kom ozra\u010dju predstavlja duboko promi\u0161ljanje o jednom od najva\u017enijih suvremenih izazova \u2013 odnosu vjere, znanosti i tehnologije u kontekstu pastoralnog djelovanja Crkve.|U vremenu ubrzanog tehnolo\u0161kog razvoja i sve slo\u017eenijih eti\u010dkih pitanja, autor pru\u017ea teolo\u0161ko-pastoralni okvir za razumijevanje i prakti\u010dno \u017eivljenje vjere u znanstveno-tehnolo\u0161kom okru\u017eenju.|Onkraj izazova se fokusira na teolo\u0161ko-pastoralno razlu\u010divanje odnosa znanosti, tehnologije i vjere, s posebnim naglaskom na prakti\u010dnu dimenziju \u017eivota vjere i konkretno \u017eivotno ostvarivanje kr\u0161\u0107anskih vrijednosti. |Djelo predstavlja zna\u010dajan doprinos stalnom dijalogu vjere i znanosti, pru\u017eaju\u0107i \u010ditateljima uvid u to kako ovaj dijalog oblikuje ukupnu praksu vjere i razli\u010dita podru\u010dja pastoralnog djelovanja. Posebno je vrijedna analiza na\u010dina na koji znanstveno-tehnolo\u0161ki napredak utje\u010de na pastoral te kako Crkva mo\u017ee odgovoriti na te izazove odr\u017eavaju\u0107i vjernost svojoj misiji.<\/p>\n","protected":false},"excerpt":{"rendered":"<p>Onkraj izazova. Pastoral u znanstveno-tehnolo\u0161kom ozra\u010dju predstavlja duboko promi\u0161ljanje o jednom od najva\u017enijih suvremenih izazova \u2013 odnosu vjere, znanosti i tehnologije u kontekstu pastoralnog djelovanja Crkve.|U vremenu ubrzanog tehnolo\u0161kog razvoja i sve slo\u017eenijih eti\u010dkih pitanja, autor pru\u017ea teolo\u0161ko-pastoralni okvir za razumijevanje i prakti\u010dno \u017eivljenje vjere u znanstveno-tehnolo\u0161kom okru\u017eenju.|Onkraj izazova se fokusira na teolo\u0161ko-pastoralno razlu\u010divanje odnosa [&hellip;]<\/p>\n","protected":false},"featured_media":3439,"comment_status":"closed","ping_status":"open","template":"","meta":[],"product_cat":[166,160],"product_tag":[],"class_list":{"0":"post-3515","1":"product","2":"type-product","3":"status-publish","4":"has-post-thumbnail","6":"product_cat-pastoral-i-kateheza","7":"product_cat-teologija","8":"pa_autor-nikola-vranjes","9":"pa_biblioteka-izvan-nizova","10":"pa_godina-izdanja-205","11":"pa_izdanje-i-suizdanje-zagreb","12":"pa_nakladnik-katolicki-bogoslovni-fakultet-sveucilista-u-zagrebu-krscanska-sadasnjost","13":"pa_uvez-tvrdi","15":"first","16":"instock","17":"purchasable","18":"product-type-simple"},"_links":{"self":[{"href":"https:\/\/riselydigital.com\/ks\/wp-json\/wp\/v2\/product\/3515","targetHints":{"allow":["GET"]}}],"collection":[{"href":"https:\/\/riselydigital.com\/ks\/wp-json\/wp\/v2\/product"}],"about":[{"href":"https:\/\/riselydigital.com\/ks\/wp-json\/wp\/v2\/types\/product"}],"replies":[{"embeddable":true,"href":"https:\/\/riselydigital.com\/ks\/wp-json\/wp\/v2\/comments?post=3515"}],"version-history":[{"count":1,"href":"https:\/\/riselydigital.com\/ks\/wp-json\/wp\/v2\/product\/3515\/revisions"}],"predecessor-version":[{"id":3516,"href":"https:\/\/riselydigital.com\/ks\/wp-json\/wp\/v2\/product\/3515\/revisions\/3516"}],"wp:featuredmedia":[{"embeddable":true,"href":"https:\/\/riselydigital.com\/ks\/wp-json\/wp\/v2\/media\/3439"}],"wp:attachment":[{"href":"https:\/\/riselydigital.com\/ks\/wp-json\/wp\/v2\/media?parent=3515"}],"wp:term":[{"taxonomy":"product_cat","embeddable":true,"href":"https:\/\/riselydigital.com\/ks\/wp-json\/wp\/v2\/product_cat?post=3515"},{"taxonomy":"product_tag","embeddable":true,"href":"https:\/\/riselydigital.com\/ks\/wp-json\/wp\/v2\/product_tag?post=3515"}],"curies":[{"name":"wp","href":"https:\/\/api.w.org\/{rel}","templated":true}]}}