{"id":3517,"date":"2025-09-26T07:02:24","date_gmt":"2025-09-26T07:02:24","guid":{"rendered":"https:\/\/obrtkockica.hr\/KS\/shop\/ostaje-nada\/"},"modified":"2025-09-26T07:02:25","modified_gmt":"2025-09-26T07:02:25","slug":"ostaje-nada","status":"publish","type":"product","link":"https:\/\/riselydigital.com\/ks\/proizvod\/ostaje-nada\/","title":{"rendered":"Ostaje nada!"},"content":{"rendered":"<p>Ova zbirka eseja proslavljenog \u010de\u0161kog teologa i filozofa Tom\u00e1\u0161a Hal\u00edka okuplja jednu veliku i prijeko potrebnu temu \u2013 nadu. Autor promi\u0161lja o razli\u010ditim oblicima ljudske nade, otkrivaju\u0107i u njima ne samo \u010de\u017enju za konkretnim ishodima, ve\u0107 dublju, \u010desto nesvjesnu te\u017enju za apsolutnim, svetim, bo\u017eanskim.|Hal\u00edk vidi krizu \u2013 bilo osobnu, dru\u0161tvenu ili duhovnu \u2013 ne samo kao prijetnju, nego kao \u0161ansu za preobrazbu. Upravo u trenucima kada se ru\u0161e iluzije i la\u017ene sigurnosti, nada se mo\u017ee pro\u010distiti, sazreti i ukorijeniti dublje. Kriza tako postaje kolijevka nade, a nada \u2013 prostor kroz koji budu\u0107nost prodire u sada\u0161njost i mijenja na\u010din na koji gledamo vlastitu pro\u0161lost.|Kao i u svojim ranijim djelima, Hal\u00edk se u knjizi Ostaje nada! suprotstavlja povr\u0161nom religioznom trijumfalizmu, ali i pojednostavljenom ateizmu. Njegova teologija crpi inspiraciju iz knji\u017eevnosti, umjetnosti i egzistencijalne filozofije \u2013 otvorena je, duboka i poeti\u010dna, pro\u017eeta trajnim dijalogom izme\u0111u vjere, nade i sumnje.|U vremenima nesigurnosti, Ostaje nada! donosi smirenu, ali sna\u017enu poruku: nada nije bijeg, nego hrabrost da se vidi dublje i ide dalje.<\/p>\n","protected":false},"excerpt":{"rendered":"<p>Ova zbirka eseja proslavljenog \u010de\u0161kog teologa i filozofa Tom\u00e1\u0161a Hal\u00edka okuplja jednu veliku i prijeko potrebnu temu \u2013 nadu. Autor promi\u0161lja o razli\u010ditim oblicima ljudske nade, otkrivaju\u0107i u njima ne samo \u010de\u017enju za konkretnim ishodima, ve\u0107 dublju, \u010desto nesvjesnu te\u017enju za apsolutnim, svetim, bo\u017eanskim.|Hal\u00edk vidi krizu \u2013 bilo osobnu, dru\u0161tvenu ili duhovnu \u2013 ne samo [&hellip;]<\/p>\n","protected":false},"featured_media":3440,"comment_status":"closed","ping_status":"open","template":"","meta":[],"product_cat":[161,162,160],"product_tag":[],"class_list":{"0":"post-3517","1":"product","2":"type-product","3":"status-publish","4":"has-post-thumbnail","6":"product_cat-duhovnost","7":"product_cat-krscanin-i-svijet","8":"product_cat-teologija","9":"pa_autor-tomas-halik","10":"pa_biblioteka-eseji","11":"pa_godina-izdanja-205","12":"pa_izdanje-i-izdanje-zagreb","13":"pa_nakladnik-krscanska-sadasnjost","14":"pa_uvez-meki","16":"first","17":"instock","18":"purchasable","19":"product-type-simple"},"_links":{"self":[{"href":"https:\/\/riselydigital.com\/ks\/wp-json\/wp\/v2\/product\/3517","targetHints":{"allow":["GET"]}}],"collection":[{"href":"https:\/\/riselydigital.com\/ks\/wp-json\/wp\/v2\/product"}],"about":[{"href":"https:\/\/riselydigital.com\/ks\/wp-json\/wp\/v2\/types\/product"}],"replies":[{"embeddable":true,"href":"https:\/\/riselydigital.com\/ks\/wp-json\/wp\/v2\/comments?post=3517"}],"version-history":[{"count":1,"href":"https:\/\/riselydigital.com\/ks\/wp-json\/wp\/v2\/product\/3517\/revisions"}],"predecessor-version":[{"id":3518,"href":"https:\/\/riselydigital.com\/ks\/wp-json\/wp\/v2\/product\/3517\/revisions\/3518"}],"wp:featuredmedia":[{"embeddable":true,"href":"https:\/\/riselydigital.com\/ks\/wp-json\/wp\/v2\/media\/3440"}],"wp:attachment":[{"href":"https:\/\/riselydigital.com\/ks\/wp-json\/wp\/v2\/media?parent=3517"}],"wp:term":[{"taxonomy":"product_cat","embeddable":true,"href":"https:\/\/riselydigital.com\/ks\/wp-json\/wp\/v2\/product_cat?post=3517"},{"taxonomy":"product_tag","embeddable":true,"href":"https:\/\/riselydigital.com\/ks\/wp-json\/wp\/v2\/product_tag?post=3517"}],"curies":[{"name":"wp","href":"https:\/\/api.w.org\/{rel}","templated":true}]}}