{"id":3519,"date":"2025-09-26T07:02:24","date_gmt":"2025-09-26T07:02:24","guid":{"rendered":"https:\/\/obrtkockica.hr\/KS\/shop\/papa-lav-xiv\/"},"modified":"2025-09-26T07:02:25","modified_gmt":"2025-09-26T07:02:25","slug":"papa-lav-xiv","status":"publish","type":"product","link":"https:\/\/riselydigital.com\/ks\/proizvod\/papa-lav-xiv\/","title":{"rendered":"Papa Lav XIV."},"content":{"rendered":"<p>Lav XIV. Tko je on. Kako razmi\u0161lja. \u0160to \u010deka njega i nas knjiga je autora Stefana von Kempisa, dugogodi\u0161njeg novinara koji pi\u0161e o Vatikanu, \u017eivi u Rimu i poznaje rimske aktere kao nitko drugi.|Von Kempis u ovoj knjizi predstavlja novog papu \u2013 \u010dovjeka iza slu\u017ebe, kakvi ga poslovi \u010dekaju i \u0161to mo\u017eemo o\u010dekivati.|On je prvi Amerikanac koji predvodi 1.4 milijarde katolika diljem svijeta: Robert Francis Prevost, ro\u0111en 1955., izabran je za nasljednika pape Franje u iznena\u0111uju\u0107e kratkoj konklavi te je uzeo ime Lav XIV.|Bio je poglavar augustinskog reda u Rimu i biskup u Peruu prije nego \u0161to ga je papa Franjo 2023. pozvao  u Rimskua kuriju, dao mu odgovornost za odabir katoli\u010dkih biskupa diljem svijeta te ga imenovao nadbiskupom i udijelio mu kardinalsku \u010dast.|Njegovo se ime nije pojavljivalo na ve\u0107ini popisa favorita, me\u0111utim, sada su sve o\u010di uprte u njega: Tko je on? Kako razmi\u0161lja? Kakvu povijest donosi sa sobom, \u0161to ga je oblikovalo, \u0161to mu je va\u017eno? Koji ga zadaci \u010dekaju i kako se do sada pozicionirao? \u0160to zna\u010di izbor njegovog papinskog imena? \u0160to to zna\u010di za budu\u0107i smjer Crkve?|Na sva ova pitanja odgovore potra\u017eite u knjizi Lav XIV.<\/p>\n","protected":false},"excerpt":{"rendered":"<p>Lav XIV. Tko je on. Kako razmi\u0161lja. \u0160to \u010deka njega i nas knjiga je autora Stefana von Kempisa, dugogodi\u0161njeg novinara koji pi\u0161e o Vatikanu, \u017eivi u Rimu i poznaje rimske aktere kao nitko drugi.|Von Kempis u ovoj knjizi predstavlja novog papu \u2013 \u010dovjeka iza slu\u017ebe, kakvi ga poslovi \u010dekaju i \u0161to mo\u017eemo o\u010dekivati.|On je prvi [&hellip;]<\/p>\n","protected":false},"featured_media":2565,"comment_status":"closed","ping_status":"open","template":"","meta":[],"product_cat":[169,162,170],"product_tag":[],"class_list":{"0":"post-3519","1":"product","2":"type-product","3":"status-publish","4":"has-post-thumbnail","6":"product_cat-crkva-i-drustvo","7":"product_cat-krscanin-i-svijet","8":"product_cat-papa-lav-xiv","9":"pa_autor-stefan-von-kempis","10":"pa_biblioteka-likovi","11":"pa_godina-izdanja-205","12":"pa_izdanje-i-izdanje-zagreb","13":"pa_nakladnik-krscanska-sadasnjost","14":"pa_uvez-tvrdi","16":"first","17":"instock","18":"purchasable","19":"product-type-simple"},"_links":{"self":[{"href":"https:\/\/riselydigital.com\/ks\/wp-json\/wp\/v2\/product\/3519","targetHints":{"allow":["GET"]}}],"collection":[{"href":"https:\/\/riselydigital.com\/ks\/wp-json\/wp\/v2\/product"}],"about":[{"href":"https:\/\/riselydigital.com\/ks\/wp-json\/wp\/v2\/types\/product"}],"replies":[{"embeddable":true,"href":"https:\/\/riselydigital.com\/ks\/wp-json\/wp\/v2\/comments?post=3519"}],"version-history":[{"count":1,"href":"https:\/\/riselydigital.com\/ks\/wp-json\/wp\/v2\/product\/3519\/revisions"}],"predecessor-version":[{"id":3520,"href":"https:\/\/riselydigital.com\/ks\/wp-json\/wp\/v2\/product\/3519\/revisions\/3520"}],"wp:featuredmedia":[{"embeddable":true,"href":"https:\/\/riselydigital.com\/ks\/wp-json\/wp\/v2\/media\/2565"}],"wp:attachment":[{"href":"https:\/\/riselydigital.com\/ks\/wp-json\/wp\/v2\/media?parent=3519"}],"wp:term":[{"taxonomy":"product_cat","embeddable":true,"href":"https:\/\/riselydigital.com\/ks\/wp-json\/wp\/v2\/product_cat?post=3519"},{"taxonomy":"product_tag","embeddable":true,"href":"https:\/\/riselydigital.com\/ks\/wp-json\/wp\/v2\/product_tag?post=3519"}],"curies":[{"name":"wp","href":"https:\/\/api.w.org\/{rel}","templated":true}]}}