{"id":3521,"date":"2025-09-26T07:02:24","date_gmt":"2025-09-26T07:02:24","guid":{"rendered":"https:\/\/obrtkockica.hr\/KS\/shop\/podi-za-mnom\/"},"modified":"2025-09-26T07:02:26","modified_gmt":"2025-09-26T07:02:26","slug":"podi-za-mnom","status":"publish","type":"product","link":"https:\/\/riselydigital.com\/ks\/proizvod\/podi-za-mnom\/","title":{"rendered":"Po\u0111i za mnom&#8221;"},"content":{"rendered":"<p>Ovaj kri\u017eni put Tomislava Ivan\u010di\u0107a nastoji \u010ditatelja usmjeriti na evan\u0111eoske vizije na\u0161ih svagdanjih kri\u017eeva.|Te vizije je nemogu\u0107e adekvatno rije\u010dima izre\u0107i. One su sjaj nekog drugog, nadnaravnog svjetla. Kako je istaknuo sam autor, rije\u010di ove knji\u017eice zato zvu\u010de paradoksalno i \u010desto su mucanje umjesto govora. Uvjereni smo da \u0107e ih \u010ditalac ispravno shvatiti, jer je to \u017eelja i nada prire\u0111iva\u010da knji\u017eice.|&#8221;Prihva\u0107anje kri\u017eeva nije bijeg od \u017eivotne zauzetosti. Naprotiv! Onim patnicima kojima je oduzeta i posljednja mogu\u0107nost da rade, ono daje nutarnje energije za novog \u010dovjeka i novi svijet. One koji bi najradije pobjegli od \u017eivotnih problema, borbi i stvaranja, on vra\u0107a na vjernost \u017eivljenja do zadnjih mogu\u0107nosti za zemlju i \u010dovjeka&#8221;, pi\u0161e autor.|Navedeni kri\u017eni put mo\u017ee se moliti na razne na\u010dine &#8211; mo\u017ee se odjednom pro\u010ditati sve. Mo\u017ee se i tako da svaki dan \u010ditatelj upije u sebe po jednu postaju. Mo\u017ee se nekoliko postaja uzeti odjednom, a druge pustiti za drugi dan. Mo\u017ee se jednu postaju nekoliko dana meditirati i upijati u \u017eivot.|&#8221;Svaka od postaja uvodi te u sve dublju prisutnost Isusa Krista. Svaka postaja vodi k Isusu Kristu&#8221;, zaklju\u010duje Tomislav Ivan\u010di\u0107.<\/p>\n","protected":false},"excerpt":{"rendered":"<p>Ovaj kri\u017eni put Tomislava Ivan\u010di\u0107a nastoji \u010ditatelja usmjeriti na evan\u0111eoske vizije na\u0161ih svagdanjih kri\u017eeva.|Te vizije je nemogu\u0107e adekvatno rije\u010dima izre\u0107i. One su sjaj nekog drugog, nadnaravnog svjetla. Kako je istaknuo sam autor, rije\u010di ove knji\u017eice zato zvu\u010de paradoksalno i \u010desto su mucanje umjesto govora. Uvjereni smo da \u0107e ih \u010ditalac ispravno shvatiti, jer je to [&hellip;]<\/p>\n","protected":false},"featured_media":3442,"comment_status":"closed","ping_status":"open","template":"","meta":[],"product_cat":[161,157],"product_tag":[],"class_list":{"0":"post-3521","1":"product","2":"type-product","3":"status-publish","4":"has-post-thumbnail","6":"product_cat-duhovnost","7":"product_cat-molitva","8":"pa_autor-tomislav-ivancic","9":"pa_biblioteka-izvan-nizova","10":"pa_godina-izdanja-252","11":"pa_izdanje-xiv-izdanje-zagreb","12":"pa_nakladnik-krscanska-sadasnjost","13":"pa_uvez-meki","15":"first","16":"instock","17":"purchasable","18":"product-type-simple"},"_links":{"self":[{"href":"https:\/\/riselydigital.com\/ks\/wp-json\/wp\/v2\/product\/3521","targetHints":{"allow":["GET"]}}],"collection":[{"href":"https:\/\/riselydigital.com\/ks\/wp-json\/wp\/v2\/product"}],"about":[{"href":"https:\/\/riselydigital.com\/ks\/wp-json\/wp\/v2\/types\/product"}],"replies":[{"embeddable":true,"href":"https:\/\/riselydigital.com\/ks\/wp-json\/wp\/v2\/comments?post=3521"}],"version-history":[{"count":1,"href":"https:\/\/riselydigital.com\/ks\/wp-json\/wp\/v2\/product\/3521\/revisions"}],"predecessor-version":[{"id":3522,"href":"https:\/\/riselydigital.com\/ks\/wp-json\/wp\/v2\/product\/3521\/revisions\/3522"}],"wp:featuredmedia":[{"embeddable":true,"href":"https:\/\/riselydigital.com\/ks\/wp-json\/wp\/v2\/media\/3442"}],"wp:attachment":[{"href":"https:\/\/riselydigital.com\/ks\/wp-json\/wp\/v2\/media?parent=3521"}],"wp:term":[{"taxonomy":"product_cat","embeddable":true,"href":"https:\/\/riselydigital.com\/ks\/wp-json\/wp\/v2\/product_cat?post=3521"},{"taxonomy":"product_tag","embeddable":true,"href":"https:\/\/riselydigital.com\/ks\/wp-json\/wp\/v2\/product_tag?post=3521"}],"curies":[{"name":"wp","href":"https:\/\/api.w.org\/{rel}","templated":true}]}}