{"id":3523,"date":"2025-09-26T07:02:24","date_gmt":"2025-09-26T07:02:24","guid":{"rendered":"https:\/\/obrtkockica.hr\/KS\/shop\/pogled-iz-druge-milje\/"},"modified":"2025-10-08T18:14:48","modified_gmt":"2025-10-08T18:14:48","slug":"pogled-iz-druge-milje","status":"publish","type":"product","link":"https:\/\/riselydigital.com\/ks\/proizvod\/pogled-iz-druge-milje\/","title":{"rendered":"Pogled iz druge milje"},"content":{"rendered":"<p>Knjiga Pogled iz druge milje autora Nikole Kuzmi\u010di\u0107a predstavlja jedinstveno i inspirativno djelo koje na suvremen, jednostavan i razumljiv na\u010din pribli\u017eava teolo\u0161ko-eti\u010dke teme obi\u010dnom \u010dovjeku. Autor se u nizu tekstova doti\u010de aktualnih problema i izazova dana\u0161njice, kako u Hrvatskoj tako i globalno, s posebnim naglaskom na situaciju unutar Crkve.|Njegov stil je egzistencijalan, strastveno anga\u017eiran, a istovremeno iznimno pristupa\u010dan, nude\u0107i \u010ditatelju pogled ispunjen nadom, dobrotom i ljepotom.|Kuzmi\u010di\u0107 u ovoj knjizi koristi biblijske izri\u010daje kao polazi\u0161te za promi\u0161ljanja o svakodnevici, primjenjuju\u0107i ih na konkretne \u017eivotne situacije uz pomo\u0107 slikovitih primjera i jednostavnog jezika. Pogled iz druge milje. Ulomci katoli\u010dkoga putovanja se mo\u017ee promatrati kao svojevrsni \u201evjeronau\u010dni ud\u017ebenik\u201c, ali nije namijenjen samo djeci \u2013 on je prilago\u0111en \u010ditateljima svih uzrasta, od mladih do starijih, vjernika i nevjernika.|Osnovna poruka knjige le\u017ei u pozivu na percipiranje stvarnosti kroz prizmu nade i ljubavi, uz neprestano svjedo\u010denje vjere u Boga. Kuzmi\u010di\u0107 podsje\u0107a na va\u017enost odva\u017enog i predanog hoda putem \u201edruge milje\u201c, pru\u017eaju\u0107i \u010ditatelju dragocjeno svjedo\u010danstvo pogleda koji nadahnjuje i poti\u010de na promjenu.|Pogled iz druge milje istinska je duhovna pratnja za svakodnevni \u017eivot, pro\u017eeta dubokom vjerom i jasnom porukom ljubavi prema bli\u017enjima.|Nikola Kuzmi\u010di\u0107 (Zastra\u017ei\u0161\u0107e, 1968.), diplomirani je teolog, vjerou\u010ditelj, autor knjige Auto\u0161kola za kr\u0161\u0107ane (KS, 2022.) i dugogodi\u0161nji suradnik kr\u0161\u0107anske obiteljske revije Kana.<\/p>\n","protected":false},"excerpt":{"rendered":"<p>Knjiga Pogled iz druge milje autora Nikole Kuzmi\u010di\u0107a predstavlja jedinstveno i inspirativno djelo koje na suvremen, jednostavan i razumljiv na\u010din pribli\u017eava teolo\u0161ko-eti\u010dke teme obi\u010dnom \u010dovjeku.<\/p>\n","protected":false},"featured_media":3443,"comment_status":"closed","ping_status":"closed","template":"","meta":[],"product_cat":[169,162,166],"product_tag":[],"class_list":{"0":"post-3523","1":"product","2":"type-product","3":"status-publish","4":"has-post-thumbnail","6":"product_cat-crkva-i-drustvo","7":"product_cat-krscanin-i-svijet","8":"product_cat-pastoral-i-kateheza","9":"pa_autor-nikola-kuzmicic","10":"pa_biblioteka-mala-knjiznica-kane","11":"pa_godina-izdanja-205","12":"pa_izdanje-i-izdanje-zagreb","13":"pa_nakladnik-krscanska-sadasnjost","14":"pa_uvez-meki","16":"first","17":"instock","18":"purchasable","19":"product-type-simple"},"_links":{"self":[{"href":"https:\/\/riselydigital.com\/ks\/wp-json\/wp\/v2\/product\/3523","targetHints":{"allow":["GET"]}}],"collection":[{"href":"https:\/\/riselydigital.com\/ks\/wp-json\/wp\/v2\/product"}],"about":[{"href":"https:\/\/riselydigital.com\/ks\/wp-json\/wp\/v2\/types\/product"}],"replies":[{"embeddable":true,"href":"https:\/\/riselydigital.com\/ks\/wp-json\/wp\/v2\/comments?post=3523"}],"version-history":[{"count":2,"href":"https:\/\/riselydigital.com\/ks\/wp-json\/wp\/v2\/product\/3523\/revisions"}],"predecessor-version":[{"id":3784,"href":"https:\/\/riselydigital.com\/ks\/wp-json\/wp\/v2\/product\/3523\/revisions\/3784"}],"wp:featuredmedia":[{"embeddable":true,"href":"https:\/\/riselydigital.com\/ks\/wp-json\/wp\/v2\/media\/3443"}],"wp:attachment":[{"href":"https:\/\/riselydigital.com\/ks\/wp-json\/wp\/v2\/media?parent=3523"}],"wp:term":[{"taxonomy":"product_cat","embeddable":true,"href":"https:\/\/riselydigital.com\/ks\/wp-json\/wp\/v2\/product_cat?post=3523"},{"taxonomy":"product_tag","embeddable":true,"href":"https:\/\/riselydigital.com\/ks\/wp-json\/wp\/v2\/product_tag?post=3523"}],"curies":[{"name":"wp","href":"https:\/\/api.w.org\/{rel}","templated":true}]}}