{"id":3525,"date":"2025-09-26T07:02:24","date_gmt":"2025-09-26T07:02:24","guid":{"rendered":"https:\/\/obrtkockica.hr\/KS\/shop\/pricest-je-blago\/"},"modified":"2025-09-26T07:02:26","modified_gmt":"2025-09-26T07:02:26","slug":"pricest-je-blago","status":"publish","type":"product","link":"https:\/\/riselydigital.com\/ks\/proizvod\/pricest-je-blago\/","title":{"rendered":"Pri\u010dest je blago"},"content":{"rendered":"<p>\u00bbTko dolazi k meni, ne\u0107e ogladnjeti nikada\u00ab, ka\u017ee Isus.|Tko je Bog? Za\u0161to je postao \u010dovjekom? Za\u0161to nam se daje za hranu na svakoj svetoj misi? Kako ga bolje upoznati i voljeti? To su temeljna pitanja koja si svako kr\u0161\u0107ansko dijete postavlja od najranije dobi.|Pri\u010dest je blago prekrasna je knjiga koja predstavlja savr\u0161en vodi\u010d za djecu koja su se prvi put pri\u010destila i za onu koja se tek pripremaju za ovaj va\u017ean sakrament.|Kroz pristupa\u010dan i edukativan pristup, autorica In?s d&#8217;Oysonville djeci obja\u0161njava osnove kr\u0161\u0107anske vjere, zna\u010denje svete mise, sakramente i glavne biblijske doga\u0111aje.|In?s d&#8217;Oysonville je majka te iskusna autorica i koordinatorica duhovnih resursa za djecu, dok je Marion Raynaud de Prigny talentirana ilustratorica i autorica dje\u010djih knjiga \u010diji su radovi obogatili ovu publikaciju.|Pri\u010dest je blago slu\u017ei kao sveobuhvatan i razumljiv sa\u017eetak kr\u0161\u0107anske tradicije, prilago\u0111en dje\u010djem uzrastu i potrebama, \u010dine\u0107i prvi susret s Euharistijom jo\u0161 zna\u010dajnijim i dubljim duhovnim iskustvom.<\/p>\n","protected":false},"excerpt":{"rendered":"<p>\u00bbTko dolazi k meni, ne\u0107e ogladnjeti nikada\u00ab, ka\u017ee Isus.|Tko je Bog? Za\u0161to je postao \u010dovjekom? Za\u0161to nam se daje za hranu na svakoj svetoj misi? Kako ga bolje upoznati i voljeti? To su temeljna pitanja koja si svako kr\u0161\u0107ansko dijete postavlja od najranije dobi.|Pri\u010dest je blago prekrasna je knjiga koja predstavlja savr\u0161en vodi\u010d za djecu [&hellip;]<\/p>\n","protected":false},"featured_media":3444,"comment_status":"closed","ping_status":"open","template":"","meta":[],"product_cat":[158],"product_tag":[],"class_list":{"0":"post-3525","1":"product","2":"type-product","3":"status-publish","4":"has-post-thumbnail","6":"product_cat-knjiga-za-djecu","7":"pa_autor-ines-doysonville","8":"pa_autor-marion-raynaud-de-prigny","9":"pa_biblioteka-kana-klub","10":"pa_godina-izdanja-205","11":"pa_izdanje-i-izdanje-zagreb","12":"pa_nakladnik-krscanska-sadasnjost","13":"pa_uvez-tvrdi","15":"first","16":"instock","17":"purchasable","18":"product-type-simple"},"_links":{"self":[{"href":"https:\/\/riselydigital.com\/ks\/wp-json\/wp\/v2\/product\/3525","targetHints":{"allow":["GET"]}}],"collection":[{"href":"https:\/\/riselydigital.com\/ks\/wp-json\/wp\/v2\/product"}],"about":[{"href":"https:\/\/riselydigital.com\/ks\/wp-json\/wp\/v2\/types\/product"}],"replies":[{"embeddable":true,"href":"https:\/\/riselydigital.com\/ks\/wp-json\/wp\/v2\/comments?post=3525"}],"version-history":[{"count":1,"href":"https:\/\/riselydigital.com\/ks\/wp-json\/wp\/v2\/product\/3525\/revisions"}],"predecessor-version":[{"id":3526,"href":"https:\/\/riselydigital.com\/ks\/wp-json\/wp\/v2\/product\/3525\/revisions\/3526"}],"wp:featuredmedia":[{"embeddable":true,"href":"https:\/\/riselydigital.com\/ks\/wp-json\/wp\/v2\/media\/3444"}],"wp:attachment":[{"href":"https:\/\/riselydigital.com\/ks\/wp-json\/wp\/v2\/media?parent=3525"}],"wp:term":[{"taxonomy":"product_cat","embeddable":true,"href":"https:\/\/riselydigital.com\/ks\/wp-json\/wp\/v2\/product_cat?post=3525"},{"taxonomy":"product_tag","embeddable":true,"href":"https:\/\/riselydigital.com\/ks\/wp-json\/wp\/v2\/product_tag?post=3525"}],"curies":[{"name":"wp","href":"https:\/\/api.w.org\/{rel}","templated":true}]}}