{"id":3527,"date":"2025-09-26T07:02:24","date_gmt":"2025-09-26T07:02:24","guid":{"rendered":"https:\/\/obrtkockica.hr\/KS\/shop\/prsten\/"},"modified":"2025-09-26T07:02:26","modified_gmt":"2025-09-26T07:02:26","slug":"prsten","status":"publish","type":"product","link":"https:\/\/riselydigital.com\/ks\/proizvod\/prsten\/","title":{"rendered":"Prsten"},"content":{"rendered":"<p>U Prstenu, pripovijesti iz srca \u0161eststoljetnog trajanja Polji\u010dke selja\u010dke republike, Juraj Bo\u017eidar Maru\u0161i\u0107 ispisuje sna\u017enu kroniku slobodarskog duha, prkosa i vjernosti korijenima. Na raskri\u017eju povijesti i legende, izme\u0111u mo\u0107nog Mosora, Cetine i mora, o\u017eivljavaju prizori birali\u0161ta velikog kneza, starih putova urezanih u kamen, mirisi borova i okusi polji\u010dkog soparnika. U sredi\u0161tu stoji legenda o Mili Gojsali\u0107 \u2013 djevojci koja je \u017eivotom platila pobjedu svoga kraja, pretvoriv\u0161i svoj \u010din u neizbrisiv simbol slobode. Uz nju kro\u010de i drugi, jednako upe\u010datljivi likovi. Maru\u0161i\u0107ev jezik bogat je slikama, zvucima i podra\u017eajima koji uvode \u010ditatelja u svijet u kojem su rije\u010d i \u010dast te\u017eili jednako kao i ma\u010d. Prsten nije tek povijesna pripovijest ve\u0107 i lirska oda jednom krajobrazu, jednom duhu, te podsjetnik na va\u017enost poznavanja svojih korijena.<\/p>\n","protected":false},"excerpt":{"rendered":"<p>U Prstenu, pripovijesti iz srca \u0161eststoljetnog trajanja Polji\u010dke selja\u010dke republike, Juraj Bo\u017eidar Maru\u0161i\u0107 ispisuje sna\u017enu kroniku slobodarskog duha, prkosa i vjernosti korijenima. Na raskri\u017eju povijesti i legende, izme\u0111u mo\u0107nog Mosora, Cetine i mora, o\u017eivljavaju prizori birali\u0161ta velikog kneza, starih putova urezanih u kamen, mirisi borova i okusi polji\u010dkog soparnika. U sredi\u0161tu stoji legenda o Mili [&hellip;]<\/p>\n","protected":false},"featured_media":3445,"comment_status":"closed","ping_status":"open","template":"","meta":[],"product_cat":[163],"product_tag":[],"class_list":{"0":"post-3527","1":"product","2":"type-product","3":"status-publish","4":"has-post-thumbnail","6":"product_cat-povijest-crkve-i-krscanstva","7":"pa_autor-juraj-bozidar-marusic","8":"pa_biblioteka-mala-knjiznica-kane","9":"pa_godina-izdanja-205","10":"pa_izdanje-ii-doradeno-izdanje-zagreb","11":"pa_nakladnik-krscanska-sadasnjost","12":"pa_uvez-meki","14":"first","15":"instock","16":"purchasable","17":"product-type-simple"},"_links":{"self":[{"href":"https:\/\/riselydigital.com\/ks\/wp-json\/wp\/v2\/product\/3527","targetHints":{"allow":["GET"]}}],"collection":[{"href":"https:\/\/riselydigital.com\/ks\/wp-json\/wp\/v2\/product"}],"about":[{"href":"https:\/\/riselydigital.com\/ks\/wp-json\/wp\/v2\/types\/product"}],"replies":[{"embeddable":true,"href":"https:\/\/riselydigital.com\/ks\/wp-json\/wp\/v2\/comments?post=3527"}],"version-history":[{"count":1,"href":"https:\/\/riselydigital.com\/ks\/wp-json\/wp\/v2\/product\/3527\/revisions"}],"predecessor-version":[{"id":3528,"href":"https:\/\/riselydigital.com\/ks\/wp-json\/wp\/v2\/product\/3527\/revisions\/3528"}],"wp:featuredmedia":[{"embeddable":true,"href":"https:\/\/riselydigital.com\/ks\/wp-json\/wp\/v2\/media\/3445"}],"wp:attachment":[{"href":"https:\/\/riselydigital.com\/ks\/wp-json\/wp\/v2\/media?parent=3527"}],"wp:term":[{"taxonomy":"product_cat","embeddable":true,"href":"https:\/\/riselydigital.com\/ks\/wp-json\/wp\/v2\/product_cat?post=3527"},{"taxonomy":"product_tag","embeddable":true,"href":"https:\/\/riselydigital.com\/ks\/wp-json\/wp\/v2\/product_tag?post=3527"}],"curies":[{"name":"wp","href":"https:\/\/api.w.org\/{rel}","templated":true}]}}