{"id":3529,"date":"2025-09-26T07:02:24","date_gmt":"2025-09-26T07:02:24","guid":{"rendered":"https:\/\/obrtkockica.hr\/KS\/shop\/rabin-razgovara-s-isusom\/"},"modified":"2025-09-26T07:02:26","modified_gmt":"2025-09-26T07:02:26","slug":"rabin-razgovara-s-isusom","status":"publish","type":"product","link":"https:\/\/riselydigital.com\/ks\/proizvod\/rabin-razgovara-s-isusom\/","title":{"rendered":"Rabin razgovara s Isusom"},"content":{"rendered":"<p>Rije\u010d je o knjizi koju je napisao \u017eidovski vjernik, rabin Jacob Neusner, za koju je papa Benedikt XVI. u svojoj knjizi Isus iz Nazareta napisao da je najva\u017enija knjiga za \u017eidovsko-kr\u0161\u0107anski dijalog u zadnjem desetlje\u0107u. \u0160tovi\u0161e, Papa priznaje: \u00bbOva mi je rasprava jednog \u017eidovskoga vjernika s Isusom, Abrahamovim sinom; vo\u0111ena strahopo\u0161tovanjem i iskreno\u0161\u0107u; vi\u0161e od svih drugih izlaganja koje poznajem otvorila o\u010di za veli\u010dinu Isusove rije\u010di i za odluku pred koju nas stavlja evan\u0111elje. Nakon \u0161to je, na temelju tekstova Matejeva evan\u0111elja, Isusa slijedio od Galileje do Jeruzalema i s njime fiktivno raspravljao o Tori, Neusner taj fiktivni razgovor zaklju\u010duje znakovitim rije\u010dima: ja te cijenim. Ali razlog \u0161to ne\u0107u po\u0107i s tobom nije moja nevjera. Nije to zato \u0161to ne vjerujem; ja ne vjerujem u tebe; nego \u0161to vjerujem, ja vjerujem u Toru. Ne vidim kako tvoje u\u010denje i u\u010denje Tore mogu i\u0107i zajedno.\u00ab Ocjenjuju\u0107i ovu knjigu papa Benedikt XVI. ka\u017ee kako je u njoj posvema\u0161nja iskrenost, detaljna analiza, po\u0161tovanje za drugu stranu zajedno s bri\u017eljivo utemeljenom vjerno\u0161\u0107u prema vlastitom stajali\u0161tu \u0161to ovu knjigu, prema njegovu mi\u0161ljenju, \u010dini izazovnom posebice kr\u0161\u0107anima koji \u0107e morati razmi\u0161ljati o analizi suprotnosti izme\u0111u Mojsija i Isusa.<\/p>\n","protected":false},"excerpt":{"rendered":"<p>Rije\u010d je o knjizi koju je napisao \u017eidovski vjernik, rabin Jacob Neusner, za koju je papa Benedikt XVI. u svojoj knjizi Isus iz Nazareta napisao da je najva\u017enija knjiga za \u017eidovsko-kr\u0161\u0107anski dijalog u zadnjem desetlje\u0107u. \u0160tovi\u0161e, Papa priznaje: \u00bbOva mi je rasprava jednog \u017eidovskoga vjernika s Isusom, Abrahamovim sinom; vo\u0111ena strahopo\u0161tovanjem i iskreno\u0161\u0107u; vi\u0161e od [&hellip;]<\/p>\n","protected":false},"featured_media":3446,"comment_status":"closed","ping_status":"open","template":"","meta":[],"product_cat":[160],"product_tag":[],"class_list":{"0":"post-3529","1":"product","2":"type-product","3":"status-publish","4":"has-post-thumbnail","6":"product_cat-teologija","7":"pa_autor-jacob-neusner","8":"pa_biblioteka-izvan-nizova","9":"pa_godina-izdanja-281","10":"pa_izdanje-ii-izdanje-zagreb","11":"pa_nakladnik-krscanska-sadasnjost","12":"pa_uvez-meki","14":"first","15":"instock","16":"purchasable","17":"product-type-simple"},"_links":{"self":[{"href":"https:\/\/riselydigital.com\/ks\/wp-json\/wp\/v2\/product\/3529","targetHints":{"allow":["GET"]}}],"collection":[{"href":"https:\/\/riselydigital.com\/ks\/wp-json\/wp\/v2\/product"}],"about":[{"href":"https:\/\/riselydigital.com\/ks\/wp-json\/wp\/v2\/types\/product"}],"replies":[{"embeddable":true,"href":"https:\/\/riselydigital.com\/ks\/wp-json\/wp\/v2\/comments?post=3529"}],"version-history":[{"count":1,"href":"https:\/\/riselydigital.com\/ks\/wp-json\/wp\/v2\/product\/3529\/revisions"}],"predecessor-version":[{"id":3530,"href":"https:\/\/riselydigital.com\/ks\/wp-json\/wp\/v2\/product\/3529\/revisions\/3530"}],"wp:featuredmedia":[{"embeddable":true,"href":"https:\/\/riselydigital.com\/ks\/wp-json\/wp\/v2\/media\/3446"}],"wp:attachment":[{"href":"https:\/\/riselydigital.com\/ks\/wp-json\/wp\/v2\/media?parent=3529"}],"wp:term":[{"taxonomy":"product_cat","embeddable":true,"href":"https:\/\/riselydigital.com\/ks\/wp-json\/wp\/v2\/product_cat?post=3529"},{"taxonomy":"product_tag","embeddable":true,"href":"https:\/\/riselydigital.com\/ks\/wp-json\/wp\/v2\/product_tag?post=3529"}],"curies":[{"name":"wp","href":"https:\/\/api.w.org\/{rel}","templated":true}]}}