{"id":3531,"date":"2025-09-26T07:02:24","date_gmt":"2025-09-26T07:02:24","guid":{"rendered":"https:\/\/obrtkockica.hr\/KS\/shop\/rimski-obrednik-red-krstenja\/"},"modified":"2025-09-26T07:02:26","modified_gmt":"2025-09-26T07:02:26","slug":"rimski-obrednik-red-krstenja","status":"publish","type":"product","link":"https:\/\/riselydigital.com\/ks\/proizvod\/rimski-obrednik-red-krstenja\/","title":{"rendered":"RIMSKI OBREDNIK: Red kr\u0161tenja"},"content":{"rendered":"<p>Sveti sabor Drugi vatikanski odredio je da se Red kr\u0161tenja djece iz Rimskog obrednika preradi tako da obred odgovara djetinjoj dobi; da postanu jasnije uloge i du\u017enosti roditelja i kumova; da se predvide shodne prilagodbe kad je broj kr\u0161tenika velik ili kad, u misijskim krajevima, krste katehisti, odnosno, u odsutnosti redovnog krstitelja, neki drugi; najzad, da se sastavi Red koji \u0107e pokazati da je ono dijete koje je kr\u0161teno kra\u0107im obredom ve\u0107 primljeno u Crkvu (Konst. o svetom bogoslu\u017eju, br. 67\u201469).|Tu je preradbu izvr\u0161ilo Vije\u0107e za provedbu Konstitucije o svetom bogoslu\u017eju. A prvosve\u0107enik Pavao VI. svojom je apostolskom vla\u0161\u0107u odobrio Red kr\u0161tenja djece i naredio da se objelodani te ubudu\u0107e obdr\u017eava mjesto dosada\u0161njeg reda iz Rimskog obrednika.|Stoga ga ovaj Sveti zbor, po posebnom ovla\u0161tenju samoga Prvosve\u0107enika, progla\u0161uje i odre\u0111uje da se primjenjuje od 8. rujna 1969.|\u0160to god bi se ovomu protivilo, nema nikakve snage.|Iz pala\u010de Svetog zbora za bogo\u0161tovlje, na svetkovinu Uza\u0161a\u0161\u0107a Gospodinova, dne 15. svibnja 1969.|pro\u010delnik, BENNO kard. GUT|tajnik, A. BUGNINI<\/p>\n","protected":false},"excerpt":{"rendered":"<p>Sveti sabor Drugi vatikanski odredio je da se Red kr\u0161tenja djece iz Rimskog obrednika preradi tako da obred odgovara djetinjoj dobi; da postanu jasnije uloge i du\u017enosti roditelja i kumova; da se predvide shodne prilagodbe kad je broj kr\u0161tenika velik ili kad, u misijskim krajevima, krste katehisti, odnosno, u odsutnosti redovnog krstitelja, neki drugi; najzad, [&hellip;]<\/p>\n","protected":false},"featured_media":3447,"comment_status":"closed","ping_status":"open","template":"","meta":[],"product_cat":[171],"product_tag":[],"class_list":{"0":"post-3531","1":"product","2":"type-product","3":"status-publish","4":"has-post-thumbnail","6":"product_cat-liturgija","7":"pa_biblioteka-liturgijska-izdanja","8":"pa_godina-izdanja-242","9":"pa_izdanje-i-izdanje-zagreb","10":"pa_nakladnik-krscanska-sadasnjost","11":"pa_uvez-tvrdi","13":"first","14":"instock","15":"purchasable","16":"product-type-simple"},"_links":{"self":[{"href":"https:\/\/riselydigital.com\/ks\/wp-json\/wp\/v2\/product\/3531","targetHints":{"allow":["GET"]}}],"collection":[{"href":"https:\/\/riselydigital.com\/ks\/wp-json\/wp\/v2\/product"}],"about":[{"href":"https:\/\/riselydigital.com\/ks\/wp-json\/wp\/v2\/types\/product"}],"replies":[{"embeddable":true,"href":"https:\/\/riselydigital.com\/ks\/wp-json\/wp\/v2\/comments?post=3531"}],"version-history":[{"count":1,"href":"https:\/\/riselydigital.com\/ks\/wp-json\/wp\/v2\/product\/3531\/revisions"}],"predecessor-version":[{"id":3532,"href":"https:\/\/riselydigital.com\/ks\/wp-json\/wp\/v2\/product\/3531\/revisions\/3532"}],"wp:featuredmedia":[{"embeddable":true,"href":"https:\/\/riselydigital.com\/ks\/wp-json\/wp\/v2\/media\/3447"}],"wp:attachment":[{"href":"https:\/\/riselydigital.com\/ks\/wp-json\/wp\/v2\/media?parent=3531"}],"wp:term":[{"taxonomy":"product_cat","embeddable":true,"href":"https:\/\/riselydigital.com\/ks\/wp-json\/wp\/v2\/product_cat?post=3531"},{"taxonomy":"product_tag","embeddable":true,"href":"https:\/\/riselydigital.com\/ks\/wp-json\/wp\/v2\/product_tag?post=3531"}],"curies":[{"name":"wp","href":"https:\/\/api.w.org\/{rel}","templated":true}]}}