{"id":3533,"date":"2025-09-26T07:02:24","date_gmt":"2025-09-26T07:02:24","guid":{"rendered":"https:\/\/obrtkockica.hr\/KS\/shop\/skolski-planer-2025-2026\/"},"modified":"2025-10-29T13:04:45","modified_gmt":"2025-10-29T13:04:45","slug":"skolski-planer-2025-2026","status":"publish","type":"product","link":"https:\/\/riselydigital.com\/ks\/proizvod\/skolski-planer-2025-2026\/","title":{"rendered":"\u0160kolski planer 2025.\/2026."},"content":{"rendered":"<p>\u0160kolski planer 2025.\/2026. namijenjen je u\u010diteljima i vjerou\u010diteljima. Osmi\u0161ljen je tako da prati ritam \u0161kolske godine te pru\u017ea prakti\u010dnu podr\u0161ku u svakodnevnom radu.|Vedro dizajniran i oboga\u0107en poticajnim biblijskim citatima i mislima iz izdanja Kr\u0161\u0107anske sada\u0161njosti, planer unosi inspiraciju u svaki mjesec nove \u0161kolske godine.|Planer uklju\u010duje:|- kalendar i mjese\u010dni pregled \u0161kolske godine|- rasporede sati za oba polugodi\u0161ta i razredni raspored sati|- vremenik ispita i prostor za dodatnu i izvannastavnu nastavu|- evidenciju va\u017enih doga\u0111aja, natjecanja, izleta i roditeljskih sastanaka|- popis u\u010denika te bilje\u0161ke na vi\u0161e od 260 stranica|- ugra\u0111enu kuvertu za \u010duvanje dodatnih materijala|U novu \u0161kolsku godinu zakora\u010dite s planerom koji spaja prakti\u010dnost i nadahnu\u0107e \u2013 \u0160kolski planer Kr\u0161\u0107anske sada\u0161njosti!<\/p>\n","protected":false},"excerpt":{"rendered":"<p>\u0160kolski planer 2025.\/2026. namijenjen je u\u010diteljima i vjerou\u010diteljima. Osmi\u0161ljen je tako da prati ritam \u0161kolske godine te pru\u017ea prakti\u010dnu podr\u0161ku u svakodnevnom radu.|Vedro dizajniran i oboga\u0107en poticajnim biblijskim citatima i mislima iz izdanja Kr\u0161\u0107anske sada\u0161njosti, planer unosi inspiraciju u svaki mjesec nove \u0161kolske godine.|Planer uklju\u010duje:|- kalendar i mjese\u010dni pregled \u0161kolske godine|- rasporede sati za oba [&hellip;]<\/p>\n","protected":false},"featured_media":3448,"comment_status":"closed","ping_status":"open","template":"","meta":[],"product_cat":[15],"product_tag":[],"class_list":{"0":"post-3533","1":"product","2":"type-product","3":"status-publish","4":"has-post-thumbnail","6":"product_cat-nekategorizirane","7":"pa_biblioteka-reprodukcije-cestitke-razglednice","8":"pa_godina-izdanja-205","9":"pa_izdanje-i-izdanje-zagreb","10":"pa_nakladnik-krscanska-sadasnjost","11":"pa_uvez-tvrdi","13":"first","14":"instock","15":"purchasable","16":"product-type-simple"},"_links":{"self":[{"href":"https:\/\/riselydigital.com\/ks\/wp-json\/wp\/v2\/product\/3533","targetHints":{"allow":["GET"]}}],"collection":[{"href":"https:\/\/riselydigital.com\/ks\/wp-json\/wp\/v2\/product"}],"about":[{"href":"https:\/\/riselydigital.com\/ks\/wp-json\/wp\/v2\/types\/product"}],"replies":[{"embeddable":true,"href":"https:\/\/riselydigital.com\/ks\/wp-json\/wp\/v2\/comments?post=3533"}],"version-history":[{"count":1,"href":"https:\/\/riselydigital.com\/ks\/wp-json\/wp\/v2\/product\/3533\/revisions"}],"predecessor-version":[{"id":3534,"href":"https:\/\/riselydigital.com\/ks\/wp-json\/wp\/v2\/product\/3533\/revisions\/3534"}],"wp:featuredmedia":[{"embeddable":true,"href":"https:\/\/riselydigital.com\/ks\/wp-json\/wp\/v2\/media\/3448"}],"wp:attachment":[{"href":"https:\/\/riselydigital.com\/ks\/wp-json\/wp\/v2\/media?parent=3533"}],"wp:term":[{"taxonomy":"product_cat","embeddable":true,"href":"https:\/\/riselydigital.com\/ks\/wp-json\/wp\/v2\/product_cat?post=3533"},{"taxonomy":"product_tag","embeddable":true,"href":"https:\/\/riselydigital.com\/ks\/wp-json\/wp\/v2\/product_tag?post=3533"}],"curies":[{"name":"wp","href":"https:\/\/api.w.org\/{rel}","templated":true}]}}