{"id":3535,"date":"2025-09-26T07:02:24","date_gmt":"2025-09-26T07:02:24","guid":{"rendered":"https:\/\/obrtkockica.hr\/KS\/shop\/srce-nam-govori-o-bogu\/"},"modified":"2025-09-26T07:02:27","modified_gmt":"2025-09-26T07:02:27","slug":"srce-nam-govori-o-bogu","status":"publish","type":"product","link":"https:\/\/riselydigital.com\/ks\/proizvod\/srce-nam-govori-o-bogu\/","title":{"rendered":"Srce nam govori o Bogu"},"content":{"rendered":"<p>Knjiga Srce nam govori o Bogu donosi jedinstven pogled na vje\u0161tinu razlu\u010divanja o\u010dima pape Franje, koji nam prenosi svoja duhovna u\u010denja iz serije kateheza odr\u017eanih izme\u0111u kolovoza 2022. i sije\u010dnja 2023.|U ovoj pronicljivoj zbirci, razlu\u010divanje se otkriva kao klju\u010dno umije\u0107e kr\u0161\u0107anskog \u017eivota \u2013 ne\u0161to \u0161to je daleko vi\u0161e od pukog niza pravila ili tehnika.|Prvi dio knjige Srce nam govori o Bogu. Va\u017enost razlu\u010divanja za dana\u0161nji \u017eivot \u010ditatelja vodi kroz 14 sustavno oblikovanih kateheza, oslanjaju\u0107i se na ignacijevsku tradiciju duhovnosti koju papa osobno \u017eivi, dok drugi dio nudi bogatu antologiju uvida o razlu\u010divanju iz njegovog pontifikata.|Po tim tekstovima knjiga poziva da se ovo umije\u0107e prepoznavanja Bo\u017eje volje preobrazi u svakodnevnu praksu.|Jednostavan, no duboko misaon jezik pape Franje uvodi nas u ovo mo\u0107no duhovno putovanje. Razlu\u010divanje ne nudi samo teorijsko razumijevanje \u2013 ona poziva \u010ditatelja na osobnu transformaciju kroz refleksiju, molitvu i djelovanje.|Kroz osobna svjedo\u010danstva i duboku predanost, papa Franjo nas nadahnjuje da se posvetimo razlu\u010divanju kao na\u010dinu \u017eivota, poti\u010du\u0107i nas da budemo pa\u017eljivi slu\u0161atelji i aktivni sudionici na vlastitom putu duhovnog sazrijevanja. Srce nam govori o Bogu. Va\u017enost razlu\u010divanja za dana\u0161nji \u017eivot bit \u0107e dobar pratitelj na tom putu.<\/p>\n","protected":false},"excerpt":{"rendered":"<p>Knjiga Srce nam govori o Bogu donosi jedinstven pogled na vje\u0161tinu razlu\u010divanja o\u010dima pape Franje, koji nam prenosi svoja duhovna u\u010denja iz serije kateheza odr\u017eanih izme\u0111u kolovoza 2022. i sije\u010dnja 2023.|U ovoj pronicljivoj zbirci, razlu\u010divanje se otkriva kao klju\u010dno umije\u0107e kr\u0161\u0107anskog \u017eivota \u2013 ne\u0161to \u0161to je daleko vi\u0161e od pukog niza pravila ili tehnika.|Prvi dio [&hellip;]<\/p>\n","protected":false},"featured_media":3449,"comment_status":"closed","ping_status":"open","template":"","meta":[],"product_cat":[169,161,162],"product_tag":[],"class_list":{"0":"post-3535","1":"product","2":"type-product","3":"status-publish","4":"has-post-thumbnail","6":"product_cat-crkva-i-drustvo","7":"product_cat-duhovnost","8":"product_cat-krscanin-i-svijet","9":"pa_autor-papa-franjo","10":"pa_biblioteka-metanoja","11":"pa_godina-izdanja-201","12":"pa_izdanje-i-izdanje-zagreb","13":"pa_nakladnik-krscanska-sadasnjost","14":"pa_uvez-tvrdi","16":"first","17":"instock","18":"purchasable","19":"product-type-simple"},"_links":{"self":[{"href":"https:\/\/riselydigital.com\/ks\/wp-json\/wp\/v2\/product\/3535","targetHints":{"allow":["GET"]}}],"collection":[{"href":"https:\/\/riselydigital.com\/ks\/wp-json\/wp\/v2\/product"}],"about":[{"href":"https:\/\/riselydigital.com\/ks\/wp-json\/wp\/v2\/types\/product"}],"replies":[{"embeddable":true,"href":"https:\/\/riselydigital.com\/ks\/wp-json\/wp\/v2\/comments?post=3535"}],"version-history":[{"count":1,"href":"https:\/\/riselydigital.com\/ks\/wp-json\/wp\/v2\/product\/3535\/revisions"}],"predecessor-version":[{"id":3536,"href":"https:\/\/riselydigital.com\/ks\/wp-json\/wp\/v2\/product\/3535\/revisions\/3536"}],"wp:featuredmedia":[{"embeddable":true,"href":"https:\/\/riselydigital.com\/ks\/wp-json\/wp\/v2\/media\/3449"}],"wp:attachment":[{"href":"https:\/\/riselydigital.com\/ks\/wp-json\/wp\/v2\/media?parent=3535"}],"wp:term":[{"taxonomy":"product_cat","embeddable":true,"href":"https:\/\/riselydigital.com\/ks\/wp-json\/wp\/v2\/product_cat?post=3535"},{"taxonomy":"product_tag","embeddable":true,"href":"https:\/\/riselydigital.com\/ks\/wp-json\/wp\/v2\/product_tag?post=3535"}],"curies":[{"name":"wp","href":"https:\/\/api.w.org\/{rel}","templated":true}]}}