{"id":3537,"date":"2025-09-26T07:02:24","date_gmt":"2025-09-26T07:02:24","guid":{"rendered":"https:\/\/obrtkockica.hr\/KS\/shop\/srce-se-ne-dijeli\/"},"modified":"2025-09-26T07:02:27","modified_gmt":"2025-09-26T07:02:27","slug":"srce-se-ne-dijeli","status":"publish","type":"product","link":"https:\/\/riselydigital.com\/ks\/proizvod\/srce-se-ne-dijeli\/","title":{"rendered":"Srce se ne dijeli"},"content":{"rendered":"<p>U vremenu podjela, napetosti i sve \u010de\u0161\u0107ih neslaganja, kako sa\u010duvati jedinstvo, bratstvo i zajedni\u0161tvo unutar Crkve, bez optu\u017eivanja i polarizacije? Na to klju\u010dno pitanje odgovaraju kardinal Fran\u00e7ois Bustillo, franjevac i biskup Ajaccia, te nadbiskup Edgar Pe?a Parra, visoki du\u017enosnik u Dr\u017eavnom tajni\u0161tvu Svete Stolice, u otvorenom i iskrenom dijalogu koji vodi Nicolas Diat.|Iako dolaze iz razli\u010ditih sredina i imaju razli\u010dita iskustva \u2013 jedan kao redovnik i pastoralni radnik, drugi kao diplomata i \u010dovjek Kurije \u2013 njihovi pogledi na izazove dana\u0161nje Crkve iznena\u0111uju\u0107e su bliski. Razgovaraju o budu\u0107nosti vjere, ulozi Crkve u svijetu, ali i o ranama koje treba lije\u010diti i podjelama koje treba prevladati.|Umjesto osuda, njihova poruka poziva na povratak temeljnim duhovnim oru\u0111ima: molitvi, \u0161utnji i poniznosti. Upravo oni, ka\u017eu autori, otvaraju prostor za pravi dijalog i autenti\u010dno zajedni\u0161tvo. U vremenu kada svijet tra\u017ei znakove nade i smisla, Crkva je pozvana biti srce koje kuca za jedinstvo \u2013 jasno, tiho i postojano.|Predgovor za Srce se ne dijeli napisao je papa Franjo koji ka\u017ee: \u201c\u010citaju\u0107i ove lijepe razgovore monsinjora Bustilla i Pe?e Parre s gospodinom Nicolasom Diatom, osje\u0107amo duhovnu blagost. Oni nam \u017eele prenijeti blagost koju im daju njihova zasebna poslanja \u2013 dvije razli\u010dite forme jednog i zajedni\u010dkog sequela Christi, \u00bbnasljedovanja Krista. (&#8230;) Srce se ne dijeli.\u00ab |Ovo je 15. svezak u nizu &#8220;Razgovori i svjedo\u010danstva&#8221; biblioteke &#8220;Polazi\u0161ta&#8221; Kr\u0161\u0107anske sada\u0161njosti.<\/p>\n","protected":false},"excerpt":{"rendered":"<p>U vremenu podjela, napetosti i sve \u010de\u0161\u0107ih neslaganja, kako sa\u010duvati jedinstvo, bratstvo i zajedni\u0161tvo unutar Crkve, bez optu\u017eivanja i polarizacije? Na to klju\u010dno pitanje odgovaraju kardinal Fran\u00e7ois Bustillo, franjevac i biskup Ajaccia, te nadbiskup Edgar Pe?a Parra, visoki du\u017enosnik u Dr\u017eavnom tajni\u0161tvu Svete Stolice, u otvorenom i iskrenom dijalogu koji vodi Nicolas Diat.|Iako dolaze iz [&hellip;]<\/p>\n","protected":false},"featured_media":3450,"comment_status":"closed","ping_status":"open","template":"","meta":[],"product_cat":[161,162,160],"product_tag":[],"class_list":{"0":"post-3537","1":"product","2":"type-product","3":"status-publish","4":"has-post-thumbnail","6":"product_cat-duhovnost","7":"product_cat-krscanin-i-svijet","8":"product_cat-teologija","9":"pa_autor-edgar-pena-parra","10":"pa_autor-francois-bustillo","11":"pa_autor-nicolas-diat","12":"pa_biblioteka-polazista","13":"pa_godina-izdanja-205","14":"pa_izdanje-i-izdanje-zagreb","15":"pa_nakladnik-krscanska-sadasnjost","16":"pa_uvez-tvrdi","18":"first","19":"instock","20":"purchasable","21":"product-type-simple"},"_links":{"self":[{"href":"https:\/\/riselydigital.com\/ks\/wp-json\/wp\/v2\/product\/3537","targetHints":{"allow":["GET"]}}],"collection":[{"href":"https:\/\/riselydigital.com\/ks\/wp-json\/wp\/v2\/product"}],"about":[{"href":"https:\/\/riselydigital.com\/ks\/wp-json\/wp\/v2\/types\/product"}],"replies":[{"embeddable":true,"href":"https:\/\/riselydigital.com\/ks\/wp-json\/wp\/v2\/comments?post=3537"}],"version-history":[{"count":1,"href":"https:\/\/riselydigital.com\/ks\/wp-json\/wp\/v2\/product\/3537\/revisions"}],"predecessor-version":[{"id":3538,"href":"https:\/\/riselydigital.com\/ks\/wp-json\/wp\/v2\/product\/3537\/revisions\/3538"}],"wp:featuredmedia":[{"embeddable":true,"href":"https:\/\/riselydigital.com\/ks\/wp-json\/wp\/v2\/media\/3450"}],"wp:attachment":[{"href":"https:\/\/riselydigital.com\/ks\/wp-json\/wp\/v2\/media?parent=3537"}],"wp:term":[{"taxonomy":"product_cat","embeddable":true,"href":"https:\/\/riselydigital.com\/ks\/wp-json\/wp\/v2\/product_cat?post=3537"},{"taxonomy":"product_tag","embeddable":true,"href":"https:\/\/riselydigital.com\/ks\/wp-json\/wp\/v2\/product_tag?post=3537"}],"curies":[{"name":"wp","href":"https:\/\/api.w.org\/{rel}","templated":true}]}}