{"id":3539,"date":"2025-09-26T07:02:24","date_gmt":"2025-09-26T07:02:24","guid":{"rendered":"https:\/\/obrtkockica.hr\/KS\/shop\/svecenici-i-redovnici-ucenici-isusovi\/"},"modified":"2025-09-26T07:02:27","modified_gmt":"2025-09-26T07:02:27","slug":"svecenici-i-redovnici-ucenici-isusovi","status":"publish","type":"product","link":"https:\/\/riselydigital.com\/ks\/proizvod\/svecenici-i-redovnici-ucenici-isusovi\/","title":{"rendered":"Sve\u0107enici i redovnici \u2013 u\u010denici Isusovi"},"content":{"rendered":"<p>Knjiga Sve\u0107enici i redovnici \u2013 u\u010denici Isusovi donosi izbor teolo\u0161ko-duhovnih eseja fra Ivana \u0160ar\u010devi\u0107a, nastalih tijekom gotovo tri desetlje\u0107a, ponajvi\u0161e kao doprinos teolo\u0161kim i pastoralnim \u010dasopisima, simpozijima te susretima sve\u0107enika i redovnika. Iako nastali u razli\u010ditim prigodama, tekstovi \u010dine koherentnu cjelinu \u2013 duhovni i egzistencijalni putokaz za one koji \u017eele nasljedovati Krista u sve\u0107eni\u010dkom i redovni\u010dkom pozivu.|Bez upu\u0161tanja u dogmatske rasprave i aktualne polemike, autor se usredoto\u010duje na pitanje: kakvi su i kakvi bi trebali biti sve\u0107enici i redovnici danas, u dru\u0161tvu koje je pluralno, ali \u010desto i indiferentno prema evan\u0111elju? Njegovi odgovori dolaze iz vjerni\u010dkog i \u017eivotnog iskustva, utemeljeni na dubokom odnosu s Bogom kao temelju sve\u0107eni\u010dkog identiteta.|\u0160ar\u010devi\u0107 u knjizi Sve\u0107enici i redovnici \u2013 u\u010denici Isusovi promatra sve\u0107eni\u010dko i redovni\u010dko zvanje ne kao izdvojenost iz svijeta, nego kao poziv na \u017eivljenje evan\u0111elja usred svijeta \u2013 ali bez svjetovnih mjera, u duhu Isusova nasljedovanja. Njegova razmi\u0161ljanja oblikuju se u knjigu koja, kako sam ka\u017ee, ostaje nedovr\u0161ena poput samog hoda vjere.<\/p>\n","protected":false},"excerpt":{"rendered":"<p>Knjiga Sve\u0107enici i redovnici \u2013 u\u010denici Isusovi donosi izbor teolo\u0161ko-duhovnih eseja fra Ivana \u0160ar\u010devi\u0107a, nastalih tijekom gotovo tri desetlje\u0107a, ponajvi\u0161e kao doprinos teolo\u0161kim i pastoralnim \u010dasopisima, simpozijima te susretima sve\u0107enika i redovnika. Iako nastali u razli\u010ditim prigodama, tekstovi \u010dine koherentnu cjelinu \u2013 duhovni i egzistencijalni putokaz za one koji \u017eele nasljedovati Krista u sve\u0107eni\u010dkom i [&hellip;]<\/p>\n","protected":false},"featured_media":3451,"comment_status":"closed","ping_status":"open","template":"","meta":[],"product_cat":[169,162],"product_tag":[],"class_list":{"0":"post-3539","1":"product","2":"type-product","3":"status-publish","4":"has-post-thumbnail","6":"product_cat-crkva-i-drustvo","7":"product_cat-krscanin-i-svijet","8":"pa_autor-ivan-sarcevic","9":"pa_biblioteka-izvan-nizova","10":"pa_godina-izdanja-205","11":"pa_izdanje-i-izdanje-zagreb","12":"pa_nakladnik-krscanska-sadasnjost","13":"pa_uvez-meki","15":"first","16":"instock","17":"purchasable","18":"product-type-simple"},"_links":{"self":[{"href":"https:\/\/riselydigital.com\/ks\/wp-json\/wp\/v2\/product\/3539","targetHints":{"allow":["GET"]}}],"collection":[{"href":"https:\/\/riselydigital.com\/ks\/wp-json\/wp\/v2\/product"}],"about":[{"href":"https:\/\/riselydigital.com\/ks\/wp-json\/wp\/v2\/types\/product"}],"replies":[{"embeddable":true,"href":"https:\/\/riselydigital.com\/ks\/wp-json\/wp\/v2\/comments?post=3539"}],"version-history":[{"count":1,"href":"https:\/\/riselydigital.com\/ks\/wp-json\/wp\/v2\/product\/3539\/revisions"}],"predecessor-version":[{"id":3540,"href":"https:\/\/riselydigital.com\/ks\/wp-json\/wp\/v2\/product\/3539\/revisions\/3540"}],"wp:featuredmedia":[{"embeddable":true,"href":"https:\/\/riselydigital.com\/ks\/wp-json\/wp\/v2\/media\/3451"}],"wp:attachment":[{"href":"https:\/\/riselydigital.com\/ks\/wp-json\/wp\/v2\/media?parent=3539"}],"wp:term":[{"taxonomy":"product_cat","embeddable":true,"href":"https:\/\/riselydigital.com\/ks\/wp-json\/wp\/v2\/product_cat?post=3539"},{"taxonomy":"product_tag","embeddable":true,"href":"https:\/\/riselydigital.com\/ks\/wp-json\/wp\/v2\/product_tag?post=3539"}],"curies":[{"name":"wp","href":"https:\/\/api.w.org\/{rel}","templated":true}]}}