{"id":3541,"date":"2025-09-26T07:02:24","date_gmt":"2025-09-26T07:02:24","guid":{"rendered":"https:\/\/obrtkockica.hr\/KS\/shop\/svijet-nade-svete-male-terezije-od-djeteta-isusa-i-svetog-lica\/"},"modified":"2025-09-26T07:02:27","modified_gmt":"2025-09-26T07:02:27","slug":"svijet-nade-svete-male-terezije-od-djeteta-isusa-i-svetog-lica","status":"publish","type":"product","link":"https:\/\/riselydigital.com\/ks\/proizvod\/svijet-nade-svete-male-terezije-od-djeteta-isusa-i-svetog-lica\/","title":{"rendered":"Svijet nade svete Male Terezije od Djeteta Isusa i Svetog Lica"},"content":{"rendered":"<p>Knjiga Svijet nade svete Male Terezije od Djeteta Isusa i Svetog Lica podsje\u0107a na to da duhovni put svete Male Terezije postavlja pred postmodernog \u010dovjeka izazov istinske kr\u0161\u0107anske nade \u2014 nade koja se ne temelji na optimizmu vlastitih postignu\u0107a niti na osloncu u vlastite snage, ve\u0107 isklju\u010divo na pouzdanju u Boga. Njemu se sve duguje. Njemu jedinome sve pripada, pa i onda kada se \u010dini da \u0161uti, kada nastupi no\u0107 vjere.|Ovakvo uvjerenje, koje je temeljito \u017eivjela Svetica iz Lisieuxa, danas stoji kao \u010dvrsto upori\u0161te nasuprot narcisoidnom, konzumeristi\u010dkom i natjecateljskom mentalitetu koji pojedinca i dru\u0161tvo vodi prema tjeskobi, o\u010daju i preuzetnosti.|Na\u010din \u017eivota svete Male Terezije postaje svijetli putokaz kr\u0161\u0107anima na\u0161ega doba: kako neprestano tra\u017eiti Bo\u017eje lice, kako u svemu tra\u017eiti Njegovu volju i omiljeti Mu kroz mala svakodnevna djela; kako \u017eivjeti duhovno djetinjstvo hodaju\u0107i &#8220;malim putem&#8221;; kako se na jedinstven na\u010din brinuti za siromahe, gre\u0161nike i one koji ne pripadaju Crkvi; te, kona\u010dno, kako snagom Kristova pashalnog otajstva probuditi nadu u spasenje svih.|Sveta Mala Terezija od Djeteta Isusa i Svetog Lica ni u ovom stolje\u0107u ne prestaje zadivljivati dubinom svog \u017eivotnog iskustva preto\u010denog u nauk.|Hrvoje Kalem sve\u0107enik je Vrhbosanske nadbiskupije. Predaje fundamentalnu teologiju na Katoli\u010dkome bogoslovnom fakultetu Univerziteta u Sarajevu. U Kr\u0161\u0107anskoj sada\u0161njosti objavio je dvije knjige: Teolo\u0161ka promi\u0161ljanja o Zazivima Bo\u017ejem milosr\u0111u (2022.) i Objava i vjera. Progovori nam u Sinu (2023.).<\/p>\n","protected":false},"excerpt":{"rendered":"<p>Knjiga Svijet nade svete Male Terezije od Djeteta Isusa i Svetog Lica podsje\u0107a na to da duhovni put svete Male Terezije postavlja pred postmodernog \u010dovjeka izazov istinske kr\u0161\u0107anske nade \u2014 nade koja se ne temelji na optimizmu vlastitih postignu\u0107a niti na osloncu u vlastite snage, ve\u0107 isklju\u010divo na pouzdanju u Boga. Njemu se sve duguje. [&hellip;]<\/p>\n","protected":false},"featured_media":3452,"comment_status":"closed","ping_status":"open","template":"","meta":[],"product_cat":[161],"product_tag":[],"class_list":{"0":"post-3541","1":"product","2":"type-product","3":"status-publish","4":"has-post-thumbnail","6":"product_cat-duhovnost","7":"pa_autor-hrvoje-kalem","8":"pa_biblioteka-teoloske-meditacije","9":"pa_godina-izdanja-205","10":"pa_izdanje-i-izdanje-zagreb","11":"pa_nakladnik-krscanska-sadasnjost","12":"pa_uvez-meki","14":"first","15":"instock","16":"purchasable","17":"product-type-simple"},"_links":{"self":[{"href":"https:\/\/riselydigital.com\/ks\/wp-json\/wp\/v2\/product\/3541","targetHints":{"allow":["GET"]}}],"collection":[{"href":"https:\/\/riselydigital.com\/ks\/wp-json\/wp\/v2\/product"}],"about":[{"href":"https:\/\/riselydigital.com\/ks\/wp-json\/wp\/v2\/types\/product"}],"replies":[{"embeddable":true,"href":"https:\/\/riselydigital.com\/ks\/wp-json\/wp\/v2\/comments?post=3541"}],"version-history":[{"count":1,"href":"https:\/\/riselydigital.com\/ks\/wp-json\/wp\/v2\/product\/3541\/revisions"}],"predecessor-version":[{"id":3542,"href":"https:\/\/riselydigital.com\/ks\/wp-json\/wp\/v2\/product\/3541\/revisions\/3542"}],"wp:featuredmedia":[{"embeddable":true,"href":"https:\/\/riselydigital.com\/ks\/wp-json\/wp\/v2\/media\/3452"}],"wp:attachment":[{"href":"https:\/\/riselydigital.com\/ks\/wp-json\/wp\/v2\/media?parent=3541"}],"wp:term":[{"taxonomy":"product_cat","embeddable":true,"href":"https:\/\/riselydigital.com\/ks\/wp-json\/wp\/v2\/product_cat?post=3541"},{"taxonomy":"product_tag","embeddable":true,"href":"https:\/\/riselydigital.com\/ks\/wp-json\/wp\/v2\/product_tag?post=3541"}],"curies":[{"name":"wp","href":"https:\/\/api.w.org\/{rel}","templated":true}]}}