{"id":3543,"date":"2025-09-26T07:02:30","date_gmt":"2025-09-26T07:02:30","guid":{"rendered":"https:\/\/obrtkockica.hr\/KS\/shop\/tomas-i-paquita\/"},"modified":"2025-09-26T07:02:30","modified_gmt":"2025-09-26T07:02:30","slug":"tomas-i-paquita","status":"publish","type":"product","link":"https:\/\/riselydigital.com\/ks\/proizvod\/tomas-i-paquita\/","title":{"rendered":"Tom\u00e1s i Paquita"},"content":{"rendered":"<p>Ovaj nadahnjuju\u0107i strip donosi \u017eivotnu pri\u010du Tom\u00e1sa i Paquite Alvira, bra\u010dnog para koji je svetost tra\u017eio u svakodnevici \u2013 kroz ljubav, zajedni\u0161tvo i roditeljstvo. Tom\u00e1s i Paquita \u2013 Zajedno sve do neba prikazuje njihovu vjeru, predanost i snagu ljubavi koja je rasla kroz brak, obitelj i izazove vremena u kojem su \u017eivjeli.|Tom\u00e1s Alvira bio je jedan od mladi\u0107a koji su, tijekom \u0160panjolskoga gra\u0111anskog rata, sa svetim Josemar\u00edjom Escriv\u00e1om pre\u0161li Pirineje bje\u017ee\u0107i od progona, tra\u017ee\u0107i slobodu za prakticiranje svoje vjere. Godine 1939. o\u017eenio se Paquitom Dom\u00ednguez, a njihov je brak postao \u017eivo svjedo\u010danstvo kr\u0161\u0107anske ljubavi \u2013 ne samo u njihovoj ku\u0107i, gdje su odgajali devetero djece, nego i u \u0161irem dru\u0161tvu. Mnogi su ih poznavali kao ljude duboke vjere, jednostavnosti i velikodu\u0161nosti. Njihova kauza za progla\u0161enje svetima otvorena je 2009. godine.|Tom\u00e1s i Paquita \u2013 Zajedno sve do neba nije samo strip ve\u0107 topla i sna\u017ena pri\u010da o dvoje ljudi koji su u braku prona\u0161li put prema Bogu. Tekst potpisuje Rafael Arias Villalta, sve\u0107enik, filozof i novinar, dok je ilustracije izradio Juan Juvancic.|Savr\u0161eno \u0161tivo za mlade, obitelji i sve one koji tra\u017ee uzore u svakodnevnom \u017eivotu vjere.<\/p>\n","protected":false},"excerpt":{"rendered":"<p>Ovaj nadahnjuju\u0107i strip donosi \u017eivotnu pri\u010du Tom\u00e1sa i Paquite Alvira, bra\u010dnog para koji je svetost tra\u017eio u svakodnevici \u2013 kroz ljubav, zajedni\u0161tvo i roditeljstvo. Tom\u00e1s i Paquita \u2013 Zajedno sve do neba prikazuje njihovu vjeru, predanost i snagu ljubavi koja je rasla kroz brak, obitelj i izazove vremena u kojem su \u017eivjeli.|Tom\u00e1s Alvira bio je [&hellip;]<\/p>\n","protected":false},"featured_media":3453,"comment_status":"closed","ping_status":"open","template":"","meta":[],"product_cat":[158,410,159],"product_tag":[],"class_list":{"0":"post-3543","1":"product","2":"type-product","3":"status-publish","4":"has-post-thumbnail","6":"product_cat-knjiga-za-djecu","7":"product_cat-knjige-za-mlade","8":"product_cat-poucno-i-zabavno-stivo","9":"pa_autor-juan-juvancic","10":"pa_autor-rafael-arias-villalta","11":"pa_biblioteka-kana-klub","12":"pa_godina-izdanja-205","13":"pa_izdanje-i-izdanje-zagreb","14":"pa_nakladnik-krscanska-sadasnjost","15":"pa_uvez-klamano","17":"first","18":"instock","19":"purchasable","20":"product-type-simple"},"_links":{"self":[{"href":"https:\/\/riselydigital.com\/ks\/wp-json\/wp\/v2\/product\/3543","targetHints":{"allow":["GET"]}}],"collection":[{"href":"https:\/\/riselydigital.com\/ks\/wp-json\/wp\/v2\/product"}],"about":[{"href":"https:\/\/riselydigital.com\/ks\/wp-json\/wp\/v2\/types\/product"}],"replies":[{"embeddable":true,"href":"https:\/\/riselydigital.com\/ks\/wp-json\/wp\/v2\/comments?post=3543"}],"version-history":[{"count":1,"href":"https:\/\/riselydigital.com\/ks\/wp-json\/wp\/v2\/product\/3543\/revisions"}],"predecessor-version":[{"id":3544,"href":"https:\/\/riselydigital.com\/ks\/wp-json\/wp\/v2\/product\/3543\/revisions\/3544"}],"wp:featuredmedia":[{"embeddable":true,"href":"https:\/\/riselydigital.com\/ks\/wp-json\/wp\/v2\/media\/3453"}],"wp:attachment":[{"href":"https:\/\/riselydigital.com\/ks\/wp-json\/wp\/v2\/media?parent=3543"}],"wp:term":[{"taxonomy":"product_cat","embeddable":true,"href":"https:\/\/riselydigital.com\/ks\/wp-json\/wp\/v2\/product_cat?post=3543"},{"taxonomy":"product_tag","embeddable":true,"href":"https:\/\/riselydigital.com\/ks\/wp-json\/wp\/v2\/product_tag?post=3543"}],"curies":[{"name":"wp","href":"https:\/\/api.w.org\/{rel}","templated":true}]}}