{"id":3545,"date":"2025-09-26T07:02:30","date_gmt":"2025-09-26T07:02:30","guid":{"rendered":"https:\/\/obrtkockica.hr\/KS\/shop\/trsatska-majka-milosti-i-gospa-od-zdravlja\/"},"modified":"2025-09-26T07:02:31","modified_gmt":"2025-09-26T07:02:31","slug":"trsatska-majka-milosti-i-gospa-od-zdravlja","status":"publish","type":"product","link":"https:\/\/riselydigital.com\/ks\/proizvod\/trsatska-majka-milosti-i-gospa-od-zdravlja\/","title":{"rendered":"Trsatska Majka milosti i Gospa od zdravlja"},"content":{"rendered":"<p>Trsatska Majka milosti i Gospa od zdravlja koncipirana je kao svojevrsna kompilacija rezultata radova koji su temom, izravno ili posredno, vezani uz trsatsko sveti\u0161te. Tekst prate nadopune s povijesno-medicinskim zapa\u017eanjima vezanima uz sakralna.|Tu je tako\u0111er i prikaz odabranih tema iz slikopisa \u00bb\u017divot Majke Bo\u017eje\u00ab fra Serafina Sch\u00f6na u klaustru samostana. U nastavku knjige se prikazuju zavjetni darovi u riznici sveti\u0161ta i eksponati u Kapeli zavjetnih darova. Na kraju slijedi kra\u0107i osvrt na karakteristi\u010dne grafite po zidovima i inventaru sveti\u0161ta.|U sedamstogodi\u0161njoj povijesti najstarijega hrvatskog marijanskog sveti\u0161ta, na Trsatu, nebrojeni su vjernici i hodo\u010dasnici na najrazli\u010ditije na\u010dine izra\u017eavali zahvalnost na ukazanoj milosti, ili upu\u0107ivali molbe Majci Bo\u017ejoj. Usmena predaja i sa\u010duvani materijalni dokazi: samostanski anali i zavjeti u obliku zapisa, predmeta i slika \u0161to ih je pobo\u017eni puk stolje\u0107ima poklanjao svojoj Trsatskoj Gospi, impresivno svjedo\u010de da je me\u0111u njima bio velik broj bolesnih i unesre\u0107enih, kao i njihovih najbli\u017eih.|Premda su votivi svojevrsna posebnost ovoga sveti\u0161ta, ne manje izazovan je i preostali likovni inventar koji uz primarnu \u2013 religijsku poruku i zavidne artisti\u010dke kvalitete, pobu\u0111uje pozornost i s brojnih drugih polazi\u0161ta.|Trsatska Majka milosti i Gospa od zdravlja donosi pregled ovih tema i ukazuje na to da je, sagledano s racionalnijega motri\u0161ta, trsatsko sveti\u0161te neupitno prvorazredni vjerski i univerzalni spomenik s neiscrpnim duhovnim, ali i mogu\u0107im prakti\u010dnim inspiracijama.<\/p>\n","protected":false},"excerpt":{"rendered":"<p>Trsatska Majka milosti i Gospa od zdravlja koncipirana je kao svojevrsna kompilacija rezultata radova koji su temom, izravno ili posredno, vezani uz trsatsko sveti\u0161te. Tekst prate nadopune s povijesno-medicinskim zapa\u017eanjima vezanima uz sakralna.|Tu je tako\u0111er i prikaz odabranih tema iz slikopisa \u00bb\u017divot Majke Bo\u017eje\u00ab fra Serafina Sch\u00f6na u klaustru samostana. U nastavku knjige se prikazuju [&hellip;]<\/p>\n","protected":false},"featured_media":3454,"comment_status":"closed","ping_status":"open","template":"","meta":[],"product_cat":[163,173],"product_tag":[],"class_list":{"0":"post-3545","1":"product","2":"type-product","3":"status-publish","4":"has-post-thumbnail","6":"product_cat-povijest-crkve-i-krscanstva","7":"product_cat-religiozna-publicistika","8":"pa_autor-ante-skrobonja","9":"pa_autor-tatjana-culina","10":"pa_biblioteka-izvan-nizova","11":"pa_godina-izdanja-205","12":"pa_izdanje-i-suizdanje-zagreb","13":"pa_nakladnik-franjevacki-samostan-trsat-krscanska-sadasnjost","14":"pa_uvez-meki","16":"first","17":"instock","18":"purchasable","19":"product-type-simple"},"_links":{"self":[{"href":"https:\/\/riselydigital.com\/ks\/wp-json\/wp\/v2\/product\/3545","targetHints":{"allow":["GET"]}}],"collection":[{"href":"https:\/\/riselydigital.com\/ks\/wp-json\/wp\/v2\/product"}],"about":[{"href":"https:\/\/riselydigital.com\/ks\/wp-json\/wp\/v2\/types\/product"}],"replies":[{"embeddable":true,"href":"https:\/\/riselydigital.com\/ks\/wp-json\/wp\/v2\/comments?post=3545"}],"version-history":[{"count":1,"href":"https:\/\/riselydigital.com\/ks\/wp-json\/wp\/v2\/product\/3545\/revisions"}],"predecessor-version":[{"id":3546,"href":"https:\/\/riselydigital.com\/ks\/wp-json\/wp\/v2\/product\/3545\/revisions\/3546"}],"wp:featuredmedia":[{"embeddable":true,"href":"https:\/\/riselydigital.com\/ks\/wp-json\/wp\/v2\/media\/3454"}],"wp:attachment":[{"href":"https:\/\/riselydigital.com\/ks\/wp-json\/wp\/v2\/media?parent=3545"}],"wp:term":[{"taxonomy":"product_cat","embeddable":true,"href":"https:\/\/riselydigital.com\/ks\/wp-json\/wp\/v2\/product_cat?post=3545"},{"taxonomy":"product_tag","embeddable":true,"href":"https:\/\/riselydigital.com\/ks\/wp-json\/wp\/v2\/product_tag?post=3545"}],"curies":[{"name":"wp","href":"https:\/\/api.w.org\/{rel}","templated":true}]}}