{"id":3547,"date":"2025-09-26T07:02:30","date_gmt":"2025-09-26T07:02:30","guid":{"rendered":"https:\/\/obrtkockica.hr\/KS\/shop\/uspomene-na-prvu-svetu-pricest\/"},"modified":"2025-09-26T07:02:31","modified_gmt":"2025-09-26T07:02:31","slug":"uspomene-na-prvu-svetu-pricest","status":"publish","type":"product","link":"https:\/\/riselydigital.com\/ks\/proizvod\/uspomene-na-prvu-svetu-pricest\/","title":{"rendered":"Uspomene na prvu svetu pri\u010dest"},"content":{"rendered":"<p>Uspomene na prvu svetu pri\u010dest prvopri\u010desni\u010dki je album u boji koji \u0107e prvopri\u010desnici personalizirati vlastitim fotografijama, uspomenama i razmi\u0161ljanjima.|Album je osmi\u0161ljen kao pratnja djeci na putu koji vodi do sakramenta, oboga\u0107ena je odlomcima za \u010ditanje kako bi se najbolje pripremili te je prikladno ilustriran i prilago\u0111en prvopri\u010desni\u010dkoj dobi.|Uspomene na prvu svetu pri\u010dest ostaje trajna uspomena na poseban dan kada su djeca po prvi put primila Isusa u svoje srce.<\/p>\n","protected":false},"excerpt":{"rendered":"<p>Uspomene na prvu svetu pri\u010dest prvopri\u010desni\u010dki je album u boji koji \u0107e prvopri\u010desnici personalizirati vlastitim fotografijama, uspomenama i razmi\u0161ljanjima.|Album je osmi\u0161ljen kao pratnja djeci na putu koji vodi do sakramenta, oboga\u0107ena je odlomcima za \u010ditanje kako bi se najbolje pripremili te je prikladno ilustriran i prilago\u0111en prvopri\u010desni\u010dkoj dobi.|Uspomene na prvu svetu pri\u010dest ostaje trajna uspomena [&hellip;]<\/p>\n","protected":false},"featured_media":3455,"comment_status":"closed","ping_status":"open","template":"","meta":[],"product_cat":[158,159],"product_tag":[],"class_list":{"0":"post-3547","1":"product","2":"type-product","3":"status-publish","4":"has-post-thumbnail","6":"product_cat-knjiga-za-djecu","7":"product_cat-poucno-i-zabavno-stivo","8":"pa_autor-valeria-fogato","9":"pa_biblioteka-kana-klub","10":"pa_godina-izdanja-205","11":"pa_izdanje-i-izdanje-zagreb","12":"pa_nakladnik-krscanska-sadasnjost","13":"pa_uvez-tvrdi","15":"first","16":"instock","17":"purchasable","18":"product-type-simple"},"_links":{"self":[{"href":"https:\/\/riselydigital.com\/ks\/wp-json\/wp\/v2\/product\/3547","targetHints":{"allow":["GET"]}}],"collection":[{"href":"https:\/\/riselydigital.com\/ks\/wp-json\/wp\/v2\/product"}],"about":[{"href":"https:\/\/riselydigital.com\/ks\/wp-json\/wp\/v2\/types\/product"}],"replies":[{"embeddable":true,"href":"https:\/\/riselydigital.com\/ks\/wp-json\/wp\/v2\/comments?post=3547"}],"version-history":[{"count":1,"href":"https:\/\/riselydigital.com\/ks\/wp-json\/wp\/v2\/product\/3547\/revisions"}],"predecessor-version":[{"id":3548,"href":"https:\/\/riselydigital.com\/ks\/wp-json\/wp\/v2\/product\/3547\/revisions\/3548"}],"wp:featuredmedia":[{"embeddable":true,"href":"https:\/\/riselydigital.com\/ks\/wp-json\/wp\/v2\/media\/3455"}],"wp:attachment":[{"href":"https:\/\/riselydigital.com\/ks\/wp-json\/wp\/v2\/media?parent=3547"}],"wp:term":[{"taxonomy":"product_cat","embeddable":true,"href":"https:\/\/riselydigital.com\/ks\/wp-json\/wp\/v2\/product_cat?post=3547"},{"taxonomy":"product_tag","embeddable":true,"href":"https:\/\/riselydigital.com\/ks\/wp-json\/wp\/v2\/product_tag?post=3547"}],"curies":[{"name":"wp","href":"https:\/\/api.w.org\/{rel}","templated":true}]}}