{"id":3549,"date":"2025-09-26T07:02:30","date_gmt":"2025-09-26T07:02:30","guid":{"rendered":"https:\/\/obrtkockica.hr\/KS\/shop\/u-tvoju-se-dobrotu-pouzdajem\/"},"modified":"2025-10-29T12:00:35","modified_gmt":"2025-10-29T12:00:35","slug":"u-tvoju-se-dobrotu-pouzdajem","status":"publish","type":"product","link":"https:\/\/riselydigital.com\/ks\/proizvod\/u-tvoju-se-dobrotu-pouzdajem\/","title":{"rendered":"U tvoju se dobrotu pouzdajem"},"content":{"rendered":"<p>Zbirka kratkih nadahnjuju\u0107ih meditacija. Osim biblijskim tekstom na koji se odnosi, svaka od njih popra\u0107ena je i pitanjima i molitvom koju je napisao brat Roger. Stoga \u0107e knji\u017eica izvrsno poslu\u017eiti pojedincima koji prakticiraju kr\u0161\u0107ansku meditaciju kao oblik molitve, ali i animatorima raznih zajednica vjernika koje meditacijom produbljuju svoju vjeru.<\/p>\n","protected":false},"excerpt":{"rendered":"<p>Zbirka kratkih nadahnjuju\u0107ih meditacija. Osim biblijskim tekstom na koji se odnosi, svaka od njih popra\u0107ena je i pitanjima i molitvom koju je napisao brat Roger. Stoga \u0107e knji\u017eica izvrsno poslu\u017eiti pojedincima koji prakticiraju kr\u0161\u0107ansku meditaciju kao oblik molitve, ali i animatorima raznih zajednica vjernika koje meditacijom produbljuju svoju vjeru.<\/p>\n","protected":false},"featured_media":3456,"comment_status":"closed","ping_status":"open","template":"","meta":[],"product_cat":[161,157],"product_tag":[],"class_list":{"0":"post-3549","1":"product","2":"type-product","3":"status-publish","4":"has-post-thumbnail","6":"product_cat-duhovnost","7":"product_cat-molitva","8":"pa_autor-braca-iz-taizea","9":"pa_biblioteka-izvan-nizova","10":"pa_godina-izdanja-224","11":"pa_izdanje-i-izdanje-zagreb","12":"pa_nakladnik-krscanska-sadasnjost","13":"pa_uvez-meki","15":"first","16":"instock","17":"purchasable","18":"product-type-simple"},"_links":{"self":[{"href":"https:\/\/riselydigital.com\/ks\/wp-json\/wp\/v2\/product\/3549","targetHints":{"allow":["GET"]}}],"collection":[{"href":"https:\/\/riselydigital.com\/ks\/wp-json\/wp\/v2\/product"}],"about":[{"href":"https:\/\/riselydigital.com\/ks\/wp-json\/wp\/v2\/types\/product"}],"replies":[{"embeddable":true,"href":"https:\/\/riselydigital.com\/ks\/wp-json\/wp\/v2\/comments?post=3549"}],"version-history":[{"count":1,"href":"https:\/\/riselydigital.com\/ks\/wp-json\/wp\/v2\/product\/3549\/revisions"}],"predecessor-version":[{"id":3550,"href":"https:\/\/riselydigital.com\/ks\/wp-json\/wp\/v2\/product\/3549\/revisions\/3550"}],"wp:featuredmedia":[{"embeddable":true,"href":"https:\/\/riselydigital.com\/ks\/wp-json\/wp\/v2\/media\/3456"}],"wp:attachment":[{"href":"https:\/\/riselydigital.com\/ks\/wp-json\/wp\/v2\/media?parent=3549"}],"wp:term":[{"taxonomy":"product_cat","embeddable":true,"href":"https:\/\/riselydigital.com\/ks\/wp-json\/wp\/v2\/product_cat?post=3549"},{"taxonomy":"product_tag","embeddable":true,"href":"https:\/\/riselydigital.com\/ks\/wp-json\/wp\/v2\/product_tag?post=3549"}],"curies":[{"name":"wp","href":"https:\/\/api.w.org\/{rel}","templated":true}]}}