{"id":3551,"date":"2025-09-26T07:02:30","date_gmt":"2025-09-26T07:02:30","guid":{"rendered":"https:\/\/obrtkockica.hr\/KS\/shop\/vjerujes-li-ovo-iv-11-17-27\/"},"modified":"2025-09-26T07:02:31","modified_gmt":"2025-09-26T07:02:31","slug":"vjerujes-li-ovo-iv-11-17-27","status":"publish","type":"product","link":"https:\/\/riselydigital.com\/ks\/proizvod\/vjerujes-li-ovo-iv-11-17-27\/","title":{"rendered":"Vjeruje\u0161 li ovo? (Iv 11, 17-27)"},"content":{"rendered":"<p>Gra\u0111u za ovogodi\u0161nju svjetsku Molitvenu osminu osmislila je zajednica samostana Bose, ekumenskog samostana koji se nalazi u sjevernoj Italiji. Za geslo je izabrana tema iz Ivanovog evan\u0111elja: \u00bbVjeruje\u0161 li ovo?\u00ab (Iv 1, 26).|Ove godine slavi se 1700. obljetnica Nicejskog sabora te se stoga Molitvena osmina usredoto\u010duje na Nicejsko Vjerovanje. Poveznica gesla s Nicejskim vjerovanjem jest \u0161to u tom tekstu evan\u0111elja sam Isus Krist objavljuje i Lazarovim uskri\u0161enjem potvr\u0111uje svoju bo\u017eansku narav: \u00bbJa sam uskrsnu\u0107e i \u017eivot: tko u mene vjeruje, ako i umre, \u017eivjet \u0107e. I tko god \u017eivi i vjeruje u mene, ne\u0107e umrijeti nikada\u00ab (Iv 11, 25-26).|Svaki \u010dovjek ima slobodu odrediti se prema tim Isusovim rije\u010dima, vjerovati im ili ne vjerovati.<\/p>\n","protected":false},"excerpt":{"rendered":"<p>Gra\u0111u za ovogodi\u0161nju svjetsku Molitvenu osminu osmislila je zajednica samostana Bose, ekumenskog samostana koji se nalazi u sjevernoj Italiji. Za geslo je izabrana tema iz Ivanovog evan\u0111elja: \u00bbVjeruje\u0161 li ovo?\u00ab (Iv 1, 26).|Ove godine slavi se 1700. obljetnica Nicejskog sabora te se stoga Molitvena osmina usredoto\u010duje na Nicejsko Vjerovanje. Poveznica gesla s Nicejskim vjerovanjem jest [&hellip;]<\/p>\n","protected":false},"featured_media":3457,"comment_status":"closed","ping_status":"open","template":"","meta":[],"product_cat":[157],"product_tag":[],"class_list":{"0":"post-3551","1":"product","2":"type-product","3":"status-publish","4":"has-post-thumbnail","6":"product_cat-molitva","7":"pa_autor-povjerenstvo-vjera-i-ustrojstvo-ekumenskog-vijeca-crkava-dikasterij-za-promicanje-jedinstva-krscana","8":"pa_biblioteka-ekumena","9":"pa_godina-izdanja-205","10":"pa_izdanje-i-izdanje-zagreb","11":"pa_nakladnik-krscanska-sadasnjost","12":"pa_uvez-meki","14":"first","15":"instock","16":"purchasable","17":"product-type-simple"},"_links":{"self":[{"href":"https:\/\/riselydigital.com\/ks\/wp-json\/wp\/v2\/product\/3551","targetHints":{"allow":["GET"]}}],"collection":[{"href":"https:\/\/riselydigital.com\/ks\/wp-json\/wp\/v2\/product"}],"about":[{"href":"https:\/\/riselydigital.com\/ks\/wp-json\/wp\/v2\/types\/product"}],"replies":[{"embeddable":true,"href":"https:\/\/riselydigital.com\/ks\/wp-json\/wp\/v2\/comments?post=3551"}],"version-history":[{"count":1,"href":"https:\/\/riselydigital.com\/ks\/wp-json\/wp\/v2\/product\/3551\/revisions"}],"predecessor-version":[{"id":3552,"href":"https:\/\/riselydigital.com\/ks\/wp-json\/wp\/v2\/product\/3551\/revisions\/3552"}],"wp:featuredmedia":[{"embeddable":true,"href":"https:\/\/riselydigital.com\/ks\/wp-json\/wp\/v2\/media\/3457"}],"wp:attachment":[{"href":"https:\/\/riselydigital.com\/ks\/wp-json\/wp\/v2\/media?parent=3551"}],"wp:term":[{"taxonomy":"product_cat","embeddable":true,"href":"https:\/\/riselydigital.com\/ks\/wp-json\/wp\/v2\/product_cat?post=3551"},{"taxonomy":"product_tag","embeddable":true,"href":"https:\/\/riselydigital.com\/ks\/wp-json\/wp\/v2\/product_tag?post=3551"}],"curies":[{"name":"wp","href":"https:\/\/api.w.org\/{rel}","templated":true}]}}