{"id":3553,"date":"2025-09-26T07:02:30","date_gmt":"2025-09-26T07:02:30","guid":{"rendered":"https:\/\/obrtkockica.hr\/KS\/shop\/za-srecu-u-dvoje\/"},"modified":"2025-09-26T07:02:32","modified_gmt":"2025-09-26T07:02:32","slug":"za-srecu-u-dvoje","status":"publish","type":"product","link":"https:\/\/riselydigital.com\/ks\/proizvod\/za-srecu-u-dvoje\/","title":{"rendered":"Za sre\u0107u u dvoje"},"content":{"rendered":"<p>Knjiga Za sre\u0107u u dvoje. Vitamini za o\u017eenjene i udane i za sve koji idu zajedno kroz \u017eivot Phila Bosmansa jedinstven je priru\u010dnik za parove koji \u017eele produbiti svoju ljubav i skladno kro\u010diti kroz \u017eivot.|U ovom \u010detvrtom izdanju, oboga\u0107enom novim fotografijama i dizajnom, Bosmans \u2013 belgijski sve\u0107enik i majstor rije\u010di \u2013 donosi zbirku nadahnutih, sa\u017eetih tekstova ili \u201cvitamina\u201d za svaki dan.|Kratkim, prodornim mislima o me\u0111usobnom po\u0161tovanju, povjerenju, vjernosti i ljubavi, Bosmans pokazuje duboko razumijevanje \u010dinjenice kako ljubavni \u017eivot ne \u010dine samo svijetle, ve\u0107 i tamne nijanse. Za sre\u0107u u dvoje poziva parove da otkriju ljepotu svakodnevne bliskosti i da osna\u017ee svoju vezu, nude\u0107i im nadahnu\u0107e i mudrost za putovanje koje traje cijeli \u017eivot.|\u00bbLjubav\u00ab, mala rje\u010dca, a ipak govori sve. Udoban stan, lijepa ku\u0107a, bogato prostrt stol, dobro zdravlje, sve to ne zna\u010di ni\u0161ta ako nema ljubavi. Jedino je ljubav dom u kojemu mo\u017eemo stanovati.<\/p>\n","protected":false},"excerpt":{"rendered":"<p>Knjiga Za sre\u0107u u dvoje. Vitamini za o\u017eenjene i udane i za sve koji idu zajedno kroz \u017eivot Phila Bosmansa jedinstven je priru\u010dnik za parove koji \u017eele produbiti svoju ljubav i skladno kro\u010diti kroz \u017eivot.|U ovom \u010detvrtom izdanju, oboga\u0107enom novim fotografijama i dizajnom, Bosmans \u2013 belgijski sve\u0107enik i majstor rije\u010di \u2013 donosi zbirku nadahnutih, sa\u017eetih [&hellip;]<\/p>\n","protected":false},"featured_media":3458,"comment_status":"closed","ping_status":"open","template":"","meta":[],"product_cat":[159],"product_tag":[],"class_list":{"0":"post-3553","1":"product","2":"type-product","3":"status-publish","4":"has-post-thumbnail","6":"product_cat-poucno-i-zabavno-stivo","7":"pa_autor-phil-bosmans","8":"pa_biblioteka-izvan-nizova","9":"pa_godina-izdanja-201","10":"pa_izdanje-iv-izdanje-zagreb","11":"pa_nakladnik-krscanska-sadasnjost","12":"pa_uvez-tvrdi","14":"first","15":"instock","16":"purchasable","17":"product-type-simple"},"_links":{"self":[{"href":"https:\/\/riselydigital.com\/ks\/wp-json\/wp\/v2\/product\/3553","targetHints":{"allow":["GET"]}}],"collection":[{"href":"https:\/\/riselydigital.com\/ks\/wp-json\/wp\/v2\/product"}],"about":[{"href":"https:\/\/riselydigital.com\/ks\/wp-json\/wp\/v2\/types\/product"}],"replies":[{"embeddable":true,"href":"https:\/\/riselydigital.com\/ks\/wp-json\/wp\/v2\/comments?post=3553"}],"version-history":[{"count":1,"href":"https:\/\/riselydigital.com\/ks\/wp-json\/wp\/v2\/product\/3553\/revisions"}],"predecessor-version":[{"id":3554,"href":"https:\/\/riselydigital.com\/ks\/wp-json\/wp\/v2\/product\/3553\/revisions\/3554"}],"wp:featuredmedia":[{"embeddable":true,"href":"https:\/\/riselydigital.com\/ks\/wp-json\/wp\/v2\/media\/3458"}],"wp:attachment":[{"href":"https:\/\/riselydigital.com\/ks\/wp-json\/wp\/v2\/media?parent=3553"}],"wp:term":[{"taxonomy":"product_cat","embeddable":true,"href":"https:\/\/riselydigital.com\/ks\/wp-json\/wp\/v2\/product_cat?post=3553"},{"taxonomy":"product_tag","embeddable":true,"href":"https:\/\/riselydigital.com\/ks\/wp-json\/wp\/v2\/product_tag?post=3553"}],"curies":[{"name":"wp","href":"https:\/\/api.w.org\/{rel}","templated":true}]}}