{"id":3555,"date":"2025-09-26T07:02:30","date_gmt":"2025-09-26T07:02:30","guid":{"rendered":"https:\/\/obrtkockica.hr\/KS\/shop\/zivi-sto-jesi\/"},"modified":"2025-12-04T09:09:05","modified_gmt":"2025-12-04T09:09:05","slug":"zivi-sto-jesi","status":"publish","type":"product","link":"https:\/\/riselydigital.com\/ks\/proizvod\/zivi-sto-jesi\/","title":{"rendered":"\u017divi \u0161to jesi"},"content":{"rendered":"<p>Biti kraljica poput Estere, mudra poput Ane ili biti \u017eena koja preobra\u017eava kao Marija ili, pak, samosvjesna kao Tamara, mogu\u0107e je svakoj \u017eeni. Upravo ovim slikama autori nas u knjizi \u017divi \u0161to jesi. Biblijski \u017eenski likovi kao arhetipi upu\u0107uju na snagu i iskustva koje svaka \u017eena u sebi nosi.|Linda Jarosch i Anselm Gr\u00fcn u obliku dijaloga razvijaju 14 \u017eenskih arhetipskih slika pozivaju\u0107i se na likove \u017eena iz Biblije. One trebaju pomo\u0107i \u017eenama da otkriju vlastito bi\u0107e i \u017eive iz unutarnjeg bogatstva svoje \u017eenstvenosti. Tako\u0111er nastoje pokazati put izlje\u010denja rana koje su im zadale krive slike o \u017eeni, i pomo\u0107i im da do\u0111u do vlastite punine. Ovih 14 slika trebaju pomo\u0107i \u017eenama da otkriju vlastito bi\u0107e i \u017eive iz nutarnjeg bogatstva svoje \u017eenstvenosti. Nadalje, slike trebaju \u017eenama pokazati put izlje\u010denja rana, koje su im zadale krive slike o \u017eeni, i pomo\u0107i im da do\u0111u do vlastite punine i postignu \u00bbozdravljenje\u00ab. U ovim slikama najbolje dolaze do izra\u017eaja temeljne osobine koje \u017eenu odr\u017eavaju \u017eivom. Zajedno stvaraju energiju. Kad \u017eena u sebi probudi samosvjesnu \u017eenu i kraljicu, tada \u0107e snagom ispuniti i sve druge slike, bilo sliku \u017eene majke, koja je feministi\u010dkom pokretu zadavala tako velike pote\u0161ko\u0107e, ili sliku \u017eene koja ljubi, umjetnice ili proro\u010dice. \u00bbNipo\u0161to ne treba misliti kako su ponu\u0111ene ideje jedino mogu\u0107e stajali\u0161te. Svaka \u017eena treba razviti osobno razumijevanje svoje osobnosti.|Knjiga \u017divi \u0161to jesi \u017eeli ohrabriti \u017eene kako bi razgovarale s drugim \u017eenama i mu\u0161karcima i kako bi u razgovoru otkrile \u0161to je njihov najdublji identitet. Tako\u0111er ih \u017eelimo potaknuti da razviju vlastite sposobnosti i mogu\u0107nosti te da budu zahvalne za jedinstveni na\u010din kojim svaka \u017eena \u017eivi svoju \u017eenstvenost\u00ab, pi\u0161u u uvodnom dijelu knjige \u017divi \u0161to jesi autorica Linda Jarosch i p. Anselm Gr\u00fcn.<\/p>\n","protected":false},"excerpt":{"rendered":"<p>Biti kraljica poput Estere, mudra poput Ane ili biti \u017eena koja preobra\u017eava kao Marija ili, pak, samosvjesna kao Tamara, mogu\u0107e je svakoj \u017eeni. Upravo ovim slikama autori nas u knjizi \u017divi \u0161to jesi<\/p>\n","protected":false},"featured_media":3459,"comment_status":"closed","ping_status":"closed","template":"","meta":[],"product_cat":[161],"product_tag":[],"class_list":{"0":"post-3555","1":"product","2":"type-product","3":"status-publish","4":"has-post-thumbnail","6":"product_cat-duhovnost","7":"pa_autor-anselm-grun","8":"pa_autor-linda-jarosch","9":"pa_biblioteka-izvan-nizova","10":"pa_godina-izdanja-205","11":"pa_izdanje-v-izdanje-zagreb","12":"pa_nakladnik-krscanska-sadasnjost","13":"pa_uvez-meki","15":"first","16":"instock","17":"sale","18":"purchasable","19":"product-type-simple"},"_links":{"self":[{"href":"https:\/\/riselydigital.com\/ks\/wp-json\/wp\/v2\/product\/3555","targetHints":{"allow":["GET"]}}],"collection":[{"href":"https:\/\/riselydigital.com\/ks\/wp-json\/wp\/v2\/product"}],"about":[{"href":"https:\/\/riselydigital.com\/ks\/wp-json\/wp\/v2\/types\/product"}],"replies":[{"embeddable":true,"href":"https:\/\/riselydigital.com\/ks\/wp-json\/wp\/v2\/comments?post=3555"}],"version-history":[{"count":2,"href":"https:\/\/riselydigital.com\/ks\/wp-json\/wp\/v2\/product\/3555\/revisions"}],"predecessor-version":[{"id":3785,"href":"https:\/\/riselydigital.com\/ks\/wp-json\/wp\/v2\/product\/3555\/revisions\/3785"}],"wp:featuredmedia":[{"embeddable":true,"href":"https:\/\/riselydigital.com\/ks\/wp-json\/wp\/v2\/media\/3459"}],"wp:attachment":[{"href":"https:\/\/riselydigital.com\/ks\/wp-json\/wp\/v2\/media?parent=3555"}],"wp:term":[{"taxonomy":"product_cat","embeddable":true,"href":"https:\/\/riselydigital.com\/ks\/wp-json\/wp\/v2\/product_cat?post=3555"},{"taxonomy":"product_tag","embeddable":true,"href":"https:\/\/riselydigital.com\/ks\/wp-json\/wp\/v2\/product_tag?post=3555"}],"curies":[{"name":"wp","href":"https:\/\/api.w.org\/{rel}","templated":true}]}}