{"id":3557,"date":"2025-09-26T07:02:30","date_gmt":"2025-09-26T07:02:30","guid":{"rendered":"https:\/\/obrtkockica.hr\/KS\/shop\/zivjeti-je-radost\/"},"modified":"2025-09-26T07:02:32","modified_gmt":"2025-09-26T07:02:32","slug":"zivjeti-je-radost","status":"publish","type":"product","link":"https:\/\/riselydigital.com\/ks\/proizvod\/zivjeti-je-radost\/","title":{"rendered":"\u017divjeti je radost"},"content":{"rendered":"<p>\u017divjeti je radost. Vitamini za srce jedinstvena je knjiga koja jednostavnim, toplim i izravnim jezikom nudi duboke uvide u ono \u0161to zna\u010di biti ljudsko bi\u0107e.|Phil Bosmans, sa svojim izvanrednim osje\u0107ajem za ljudskost i \u017eivotnim iskustvom, vodi \u010ditatelje kroz razmi\u0161ljanja o odgovornosti, povezanosti i radosti \u017eivljenja me\u0111u svojim bli\u017enjima.|Kratki, meditativni tekstovi poti\u010du \u010ditatelja da unato\u010d \u017eivotnim pote\u0161ko\u0107ama zadr\u017ei otvoreno srce i prepozna ljepotu u malim, jednostavnim stvarima. Bosmans govori da je svaki dan prilika za novo prolje\u0107e \u2013 u na\u0161em domu, ulici i zajednici.|S vi\u0161e od 800.000 prodanih primjeraka na nizozemskom jeziku i vi\u0161e od dva milijuna diljem svijeta, ova knjiga odavno je osvojila srca \u010ditatelja. Idealna je za svakoga tko tra\u017ei prakti\u010dne \u017eivotne mudrosti i inspiraciju za svakodnevicu.|\u017divjeti je radost. Vitamini za srce pravi je klasik koji nudi vodilju za su\u017eivot s bli\u017enjima \u2013 knjiga koju \u0107ete po\u017eeljeti dijeliti i kojoj \u0107ete se vra\u0107ati iznova.<\/p>\n","protected":false},"excerpt":{"rendered":"<p>\u017divjeti je radost. Vitamini za srce jedinstvena je knjiga koja jednostavnim, toplim i izravnim jezikom nudi duboke uvide u ono \u0161to zna\u010di biti ljudsko bi\u0107e.|Phil Bosmans, sa svojim izvanrednim osje\u0107ajem za ljudskost i \u017eivotnim iskustvom, vodi \u010ditatelje kroz razmi\u0161ljanja o odgovornosti, povezanosti i radosti \u017eivljenja me\u0111u svojim bli\u017enjima.|Kratki, meditativni tekstovi poti\u010du \u010ditatelja da unato\u010d \u017eivotnim [&hellip;]<\/p>\n","protected":false},"featured_media":3460,"comment_status":"closed","ping_status":"open","template":"","meta":[],"product_cat":[161,162],"product_tag":[],"class_list":{"0":"post-3557","1":"product","2":"type-product","3":"status-publish","4":"has-post-thumbnail","6":"product_cat-duhovnost","7":"product_cat-krscanin-i-svijet","8":"pa_autor-phil-bosmans","9":"pa_biblioteka-izvan-nizova","10":"pa_godina-izdanja-201","11":"pa_izdanje-ix-izdanje-zagreb","12":"pa_nakladnik-krscanska-sadasnjost","13":"pa_uvez-meki","15":"first","16":"instock","17":"purchasable","18":"product-type-simple"},"_links":{"self":[{"href":"https:\/\/riselydigital.com\/ks\/wp-json\/wp\/v2\/product\/3557","targetHints":{"allow":["GET"]}}],"collection":[{"href":"https:\/\/riselydigital.com\/ks\/wp-json\/wp\/v2\/product"}],"about":[{"href":"https:\/\/riselydigital.com\/ks\/wp-json\/wp\/v2\/types\/product"}],"replies":[{"embeddable":true,"href":"https:\/\/riselydigital.com\/ks\/wp-json\/wp\/v2\/comments?post=3557"}],"version-history":[{"count":1,"href":"https:\/\/riselydigital.com\/ks\/wp-json\/wp\/v2\/product\/3557\/revisions"}],"predecessor-version":[{"id":3558,"href":"https:\/\/riselydigital.com\/ks\/wp-json\/wp\/v2\/product\/3557\/revisions\/3558"}],"wp:featuredmedia":[{"embeddable":true,"href":"https:\/\/riselydigital.com\/ks\/wp-json\/wp\/v2\/media\/3460"}],"wp:attachment":[{"href":"https:\/\/riselydigital.com\/ks\/wp-json\/wp\/v2\/media?parent=3557"}],"wp:term":[{"taxonomy":"product_cat","embeddable":true,"href":"https:\/\/riselydigital.com\/ks\/wp-json\/wp\/v2\/product_cat?post=3557"},{"taxonomy":"product_tag","embeddable":true,"href":"https:\/\/riselydigital.com\/ks\/wp-json\/wp\/v2\/product_tag?post=3557"}],"curies":[{"name":"wp","href":"https:\/\/api.w.org\/{rel}","templated":true}]}}