{"id":3559,"date":"2025-09-26T07:02:30","date_gmt":"2025-09-26T07:02:30","guid":{"rendered":"https:\/\/obrtkockica.hr\/KS\/shop\/zivot-je-divna-pjesma\/"},"modified":"2025-09-26T07:02:33","modified_gmt":"2025-09-26T07:02:33","slug":"zivot-je-divna-pjesma","status":"publish","type":"product","link":"https:\/\/riselydigital.com\/ks\/proizvod\/zivot-je-divna-pjesma\/","title":{"rendered":"\u017divot je divna pjesma!"},"content":{"rendered":"<p>\u017divot je divna pjesma zbirka je odabranih misli prof. dr. fra Bo\u017ee Luji\u0107a, teologa, bibli\u010dara i franjevca, \u010diji je \u017eivot bio duboko usmjeren prema \u010dovjeku i Bogu. Kroz sedam tematskih cjelina, knjiga donosi misli koje na sa\u017eet i jasan na\u010din izra\u017eavaju njegovu proro\u010dku osjetljivost za vrijeme u kojem je \u017eivio, uvijek potkrijepljenu Svetim Pismom i suvremenim tuma\u010denjem Bo\u017eje Rije\u010di.|\u017divot je divna pjesma izlazi uz godi\u0161njicu smrti fra Bo\u017ee Luji\u0107a, a urednica Ana Taradi odabrala je misli koje odra\u017eavaju bogatu duhovnu i intelektualnu ostav\u0161tinu fra Bo\u017ee Luji\u0107a. Oblikovane su tako da i dana\u0161njeg \u010ditatelja potaknu na razmi\u0161ljanje, nadu i dublje razumijevanje \u017eivota. Ova knjiga poziva na otkrivanje ljepote postojanja \u2013 pjesme koju svi, svatko na svoj na\u010din, pjevamo izme\u0111u tuge i radosti, smrti i \u017eivota.<\/p>\n","protected":false},"excerpt":{"rendered":"<p>\u017divot je divna pjesma zbirka je odabranih misli prof. dr. fra Bo\u017ee Luji\u0107a, teologa, bibli\u010dara i franjevca, \u010diji je \u017eivot bio duboko usmjeren prema \u010dovjeku i Bogu. Kroz sedam tematskih cjelina, knjiga donosi misli koje na sa\u017eet i jasan na\u010din izra\u017eavaju njegovu proro\u010dku osjetljivost za vrijeme u kojem je \u017eivio, uvijek potkrijepljenu Svetim Pismom i [&hellip;]<\/p>\n","protected":false},"featured_media":3462,"comment_status":"closed","ping_status":"open","template":"","meta":[],"product_cat":[161,162],"product_tag":[],"class_list":{"0":"post-3559","1":"product","2":"type-product","3":"status-publish","4":"has-post-thumbnail","6":"product_cat-duhovnost","7":"product_cat-krscanin-i-svijet","8":"pa_autor-bozo-lujic-ana-taradi","9":"pa_autor-prir","10":"pa_biblioteka-izvan-nizova","11":"pa_godina-izdanja-205","12":"pa_izdanje-i-izdanje-zagreb","13":"pa_nakladnik-krscanska-sadasnjost","14":"pa_uvez-meki-klapne","16":"first","17":"instock","18":"purchasable","19":"product-type-simple"},"_links":{"self":[{"href":"https:\/\/riselydigital.com\/ks\/wp-json\/wp\/v2\/product\/3559","targetHints":{"allow":["GET"]}}],"collection":[{"href":"https:\/\/riselydigital.com\/ks\/wp-json\/wp\/v2\/product"}],"about":[{"href":"https:\/\/riselydigital.com\/ks\/wp-json\/wp\/v2\/types\/product"}],"replies":[{"embeddable":true,"href":"https:\/\/riselydigital.com\/ks\/wp-json\/wp\/v2\/comments?post=3559"}],"version-history":[{"count":1,"href":"https:\/\/riselydigital.com\/ks\/wp-json\/wp\/v2\/product\/3559\/revisions"}],"predecessor-version":[{"id":3560,"href":"https:\/\/riselydigital.com\/ks\/wp-json\/wp\/v2\/product\/3559\/revisions\/3560"}],"wp:featuredmedia":[{"embeddable":true,"href":"https:\/\/riselydigital.com\/ks\/wp-json\/wp\/v2\/media\/3462"}],"wp:attachment":[{"href":"https:\/\/riselydigital.com\/ks\/wp-json\/wp\/v2\/media?parent=3559"}],"wp:term":[{"taxonomy":"product_cat","embeddable":true,"href":"https:\/\/riselydigital.com\/ks\/wp-json\/wp\/v2\/product_cat?post=3559"},{"taxonomy":"product_tag","embeddable":true,"href":"https:\/\/riselydigital.com\/ks\/wp-json\/wp\/v2\/product_tag?post=3559"}],"curies":[{"name":"wp","href":"https:\/\/api.w.org\/{rel}","templated":true}]}}